{"id":9242,"date":"2021-05-25T11:32:45","date_gmt":"2021-05-25T11:32:46","guid":{"rendered":"https:\/\/www.thegoldengoddess.net\/?post_type=product&#038;p=9242"},"modified":"2023-03-23T08:46:22","modified_gmt":"2023-03-23T08:46:22","slug":"liquid-gold-ulje-za-brzo-tamnjenje","status":"publish","type":"product","link":"https:\/\/www.thegoldengoddess.net\/sr\/shop\/nega-tela\/liquid-gold-ulje-za-brzo-tamnjenje\/","title":{"rendered":"Liquid Gold ulje za brzo tamnjenje"},"content":{"rendered":"","protected":false},"excerpt":{"rendered":"<p>Prili\u010dno smo sigurni da vam je dosta raznih ulja za sun\u010danje punih sinteti\u010dkih sastojaka koji ostavljaju va\u0161e kupac\u0301e kostime uprljane, ko\u017eu masnom i povrh toga, uglavnom ne miri\u0161u ba\u0161 najbolje.<br \/>\nNe brinite, stavljamo ta\u010dku na to.<br \/>\nNa\u0161e Liquid Gold ulje za brzo tamnjenje je luksuzno formulisano i 100% prirodno. Veoma lagano, nemasno ulje koje se brzo upija i ne prlja va\u0161u odec\u0301u.<br \/>\nBez mineralnih ulja, sinteti\u010dkih mirisa, parabena, emulgatora i jeftinih punila. Obogac\u0301eno je me\u0161avinom prirodnih ulja, vitamina, ekstrakata i naj\u010distijih esencijalnih ulja.<br \/>\nVrac\u0301a prirodnu vla\u017enost, \u0161tite\u0107i ko\u017eu od isu\u0161ivanja i prevremenog starenja. Poma\u017ee vam da postignete duboku, prirodnu preplanulost, dok va\u0161a ko\u017ea ostaje vla\u017ena, nahranjena, meka i sjajna, tokom celog dana.<br \/>\nMiris je bo\u017eanstveno opojan i poti\u010de od najkvalitetnijeg eteri\u010dnog ulja kakaa i vanile.<\/p>\n<p>Na\u0161e Liquid Gold ulje za brzo tamnjenje vam poma\u017ee da postignete maksimalan efekat.<\/p>\n<p>Razma\u017eite \u017eeljenu koli\u010dinu ulja u dlanove i ravnomerno rasporedite i utrljajte po telu i licu, izbegavajuc\u0301i podru\u010dje oko o\u010diju. Ponovljati nakon 1-2 sata.<\/p>\n<p>Sastav: Frakcionisano kokosovo ulje, ulje nevena, ulje \u0161argarepe, ulje ricinusa, cetiol C5, vitamin E, eteri\u010dno ulje kakaa, eteri\u010dno ulje vanile, ekstrakt pasjeg trna, mica, 23k zlatne pahulje.<\/p>\n<p>Napomena: Na\u0161i proizvodi su klini\u010dki ispitani u akreditovanoj laboratoriji i poseduju izve\u0161taj o zdravstvenoj ispravnosti.<\/p>\n","protected":false},"featured_media":9249,"comment_status":"open","ping_status":"closed","template":"","meta":{"_acf_changed":false},"product_brand":[],"product_cat":[81],"product_tag":[],"class_list":{"0":"post-9242","1":"product","2":"type-product","3":"status-publish","4":"has-post-thumbnail","6":"product_cat-nega-tela","8":"first","9":"instock","10":"shipping-taxable","11":"purchasable","12":"product-type-simple"},"acf":[],"yoast_head":"<!-- This site is optimized with the Yoast SEO plugin v27.4 - https:\/\/yoast.com\/product\/yoast-seo-wordpress\/ -->\n<title>Liquid Gold Ulje za brzo tamnjenje - The Golden Goddess<\/title>\n<meta name=\"description\" content=\"Liquid Gold ulje za brzo tamnjenje je luksuzno formulisano i 100% prirodno. Veoma lagano, nemasno ulje koje se brzo upija i ne prlja va\u0161u odec\u0301u.\" \/>\n<meta name=\"robots\" content=\"index, follow, max-snippet:-1, max-image-preview:large, max-video-preview:-1\" \/>\n<link rel=\"canonical\" href=\"https:\/\/www.thegoldengoddess.net\/sr\/shop\/nega-tela\/liquid-gold-ulje-za-brzo-tamnjenje\/\" \/>\n<meta property=\"og:locale\" content=\"sr_RS\" \/>\n<meta property=\"og:type\" content=\"article\" \/>\n<meta property=\"og:title\" content=\"Liquid Gold Ulje za brzo tamnjenje - The Golden Goddess\" \/>\n<meta property=\"og:description\" content=\"Liquid Gold ulje za brzo tamnjenje je luksuzno formulisano i 100% prirodno. Veoma lagano, nemasno ulje koje se brzo upija i ne prlja va\u0161u odec\u0301u.\" \/>\n<meta property=\"og:url\" content=\"https:\/\/www.thegoldengoddess.net\/sr\/shop\/nega-tela\/liquid-gold-ulje-za-brzo-tamnjenje\/\" \/>\n<meta property=\"og:site_name\" content=\"The Golden Goddess\" \/>\n<meta property=\"article:modified_time\" content=\"2023-03-23T08:46:22+00:00\" \/>\n<meta property=\"og:image\" content=\"https:\/\/www.thegoldengoddess.net\/wp-content\/uploads\/2021\/05\/Liquid-Gold-Ulje-za-brzo-tamnjenje-600p-min.jpg\" \/>\n\t<meta property=\"og:image:width\" content=\"600\" \/>\n\t<meta property=\"og:image:height\" content=\"600\" \/>\n\t<meta property=\"og:image:type\" content=\"image\/jpeg\" \/>\n<meta name=\"twitter:card\" content=\"summary_large_image\" \/>\n<script type=\"application\/ld+json\" class=\"yoast-schema-graph\">{\"@context\":\"https:\\\/\\\/schema.org\",\"@graph\":[{\"@type\":\"WebPage\",\"@id\":\"https:\\\/\\\/www.thegoldengoddess.net\\\/sr\\\/shop\\\/nega-tela\\\/liquid-gold-ulje-za-brzo-tamnjenje\\\/\",\"url\":\"https:\\\/\\\/www.thegoldengoddess.net\\\/sr\\\/shop\\\/nega-tela\\\/liquid-gold-ulje-za-brzo-tamnjenje\\\/\",\"name\":\"Liquid Gold Ulje za brzo tamnjenje - The Golden Goddess\",\"isPartOf\":{\"@id\":\"https:\\\/\\\/www.thegoldengoddess.net\\\/#website\"},\"primaryImageOfPage\":{\"@id\":\"https:\\\/\\\/www.thegoldengoddess.net\\\/sr\\\/shop\\\/nega-tela\\\/liquid-gold-ulje-za-brzo-tamnjenje\\\/#primaryimage\"},\"image\":{\"@id\":\"https:\\\/\\\/www.thegoldengoddess.net\\\/sr\\\/shop\\\/nega-tela\\\/liquid-gold-ulje-za-brzo-tamnjenje\\\/#primaryimage\"},\"thumbnailUrl\":\"https:\\\/\\\/www.thegoldengoddess.net\\\/wp-content\\\/uploads\\\/2021\\\/05\\\/Liquid-Gold-Ulje-za-brzo-tamnjenje-600p-min.jpg\",\"datePublished\":\"2021-05-25T11:32:46+00:00\",\"dateModified\":\"2023-03-23T08:46:22+00:00\",\"description\":\"Liquid Gold ulje za brzo tamnjenje je luksuzno formulisano i 100% prirodno. Veoma lagano, nemasno ulje koje se brzo upija i ne prlja va\u0161u odec\u0301u.\",\"breadcrumb\":{\"@id\":\"https:\\\/\\\/www.thegoldengoddess.net\\\/sr\\\/shop\\\/nega-tela\\\/liquid-gold-ulje-za-brzo-tamnjenje\\\/#breadcrumb\"},\"inLanguage\":\"sr-RS\",\"potentialAction\":[{\"@type\":\"ReadAction\",\"target\":[\"https:\\\/\\\/www.thegoldengoddess.net\\\/sr\\\/shop\\\/nega-tela\\\/liquid-gold-ulje-za-brzo-tamnjenje\\\/\"]}]},{\"@type\":\"ImageObject\",\"inLanguage\":\"sr-RS\",\"@id\":\"https:\\\/\\\/www.thegoldengoddess.net\\\/sr\\\/shop\\\/nega-tela\\\/liquid-gold-ulje-za-brzo-tamnjenje\\\/#primaryimage\",\"url\":\"https:\\\/\\\/www.thegoldengoddess.net\\\/wp-content\\\/uploads\\\/2021\\\/05\\\/Liquid-Gold-Ulje-za-brzo-tamnjenje-600p-min.jpg\",\"contentUrl\":\"https:\\\/\\\/www.thegoldengoddess.net\\\/wp-content\\\/uploads\\\/2021\\\/05\\\/Liquid-Gold-Ulje-za-brzo-tamnjenje-600p-min.jpg\",\"width\":600,\"height\":600},{\"@type\":\"BreadcrumbList\",\"@id\":\"https:\\\/\\\/www.thegoldengoddess.net\\\/sr\\\/shop\\\/nega-tela\\\/liquid-gold-ulje-za-brzo-tamnjenje\\\/#breadcrumb\",\"itemListElement\":[{\"@type\":\"ListItem\",\"position\":1,\"name\":\"Home\",\"item\":\"https:\\\/\\\/www.thegoldengoddess.net\\\/sr\\\/\"},{\"@type\":\"ListItem\",\"position\":2,\"name\":\"Prodavnica\",\"item\":\"https:\\\/\\\/www.thegoldengoddess.net\\\/sr\\\/prodavnica\\\/\"},{\"@type\":\"ListItem\",\"position\":3,\"name\":\"Liquid Gold ulje za brzo tamnjenje\"}]},{\"@type\":\"WebSite\",\"@id\":\"https:\\\/\\\/www.thegoldengoddess.net\\\/#website\",\"url\":\"https:\\\/\\\/www.thegoldengoddess.net\\\/\",\"name\":\"The Golden Goddess\",\"description\":\"The highest quality natural hair products\",\"potentialAction\":[{\"@type\":\"SearchAction\",\"target\":{\"@type\":\"EntryPoint\",\"urlTemplate\":\"https:\\\/\\\/www.thegoldengoddess.net\\\/?s={search_term_string}\"},\"query-input\":{\"@type\":\"PropertyValueSpecification\",\"valueRequired\":true,\"valueName\":\"search_term_string\"}}],\"inLanguage\":\"sr-RS\"}]}<\/script>\n<!-- \/ Yoast SEO plugin. -->","yoast_head_json":{"title":"Liquid Gold Ulje za brzo tamnjenje - The Golden Goddess","description":"Liquid Gold ulje za brzo tamnjenje je luksuzno formulisano i 100% prirodno. Veoma lagano, nemasno ulje koje se brzo upija i ne prlja va\u0161u odec\u0301u.","robots":{"index":"index","follow":"follow","max-snippet":"max-snippet:-1","max-image-preview":"max-image-preview:large","max-video-preview":"max-video-preview:-1"},"canonical":"https:\/\/www.thegoldengoddess.net\/sr\/shop\/nega-tela\/liquid-gold-ulje-za-brzo-tamnjenje\/","og_locale":"sr_RS","og_type":"article","og_title":"Liquid Gold Ulje za brzo tamnjenje - The Golden Goddess","og_description":"Liquid Gold ulje za brzo tamnjenje je luksuzno formulisano i 100% prirodno. Veoma lagano, nemasno ulje koje se brzo upija i ne prlja va\u0161u odec\u0301u.","og_url":"https:\/\/www.thegoldengoddess.net\/sr\/shop\/nega-tela\/liquid-gold-ulje-za-brzo-tamnjenje\/","og_site_name":"The Golden Goddess","article_modified_time":"2023-03-23T08:46:22+00:00","og_image":[{"width":600,"height":600,"url":"https:\/\/www.thegoldengoddess.net\/wp-content\/uploads\/2021\/05\/Liquid-Gold-Ulje-za-brzo-tamnjenje-600p-min.jpg","type":"image\/jpeg"}],"twitter_card":"summary_large_image","schema":{"@context":"https:\/\/schema.org","@graph":[{"@type":"WebPage","@id":"https:\/\/www.thegoldengoddess.net\/sr\/shop\/nega-tela\/liquid-gold-ulje-za-brzo-tamnjenje\/","url":"https:\/\/www.thegoldengoddess.net\/sr\/shop\/nega-tela\/liquid-gold-ulje-za-brzo-tamnjenje\/","name":"Liquid Gold Ulje za brzo tamnjenje - The Golden Goddess","isPartOf":{"@id":"https:\/\/www.thegoldengoddess.net\/#website"},"primaryImageOfPage":{"@id":"https:\/\/www.thegoldengoddess.net\/sr\/shop\/nega-tela\/liquid-gold-ulje-za-brzo-tamnjenje\/#primaryimage"},"image":{"@id":"https:\/\/www.thegoldengoddess.net\/sr\/shop\/nega-tela\/liquid-gold-ulje-za-brzo-tamnjenje\/#primaryimage"},"thumbnailUrl":"https:\/\/www.thegoldengoddess.net\/wp-content\/uploads\/2021\/05\/Liquid-Gold-Ulje-za-brzo-tamnjenje-600p-min.jpg","datePublished":"2021-05-25T11:32:46+00:00","dateModified":"2023-03-23T08:46:22+00:00","description":"Liquid Gold ulje za brzo tamnjenje je luksuzno formulisano i 100% prirodno. Veoma lagano, nemasno ulje koje se brzo upija i ne prlja va\u0161u odec\u0301u.","breadcrumb":{"@id":"https:\/\/www.thegoldengoddess.net\/sr\/shop\/nega-tela\/liquid-gold-ulje-za-brzo-tamnjenje\/#breadcrumb"},"inLanguage":"sr-RS","potentialAction":[{"@type":"ReadAction","target":["https:\/\/www.thegoldengoddess.net\/sr\/shop\/nega-tela\/liquid-gold-ulje-za-brzo-tamnjenje\/"]}]},{"@type":"ImageObject","inLanguage":"sr-RS","@id":"https:\/\/www.thegoldengoddess.net\/sr\/shop\/nega-tela\/liquid-gold-ulje-za-brzo-tamnjenje\/#primaryimage","url":"https:\/\/www.thegoldengoddess.net\/wp-content\/uploads\/2021\/05\/Liquid-Gold-Ulje-za-brzo-tamnjenje-600p-min.jpg","contentUrl":"https:\/\/www.thegoldengoddess.net\/wp-content\/uploads\/2021\/05\/Liquid-Gold-Ulje-za-brzo-tamnjenje-600p-min.jpg","width":600,"height":600},{"@type":"BreadcrumbList","@id":"https:\/\/www.thegoldengoddess.net\/sr\/shop\/nega-tela\/liquid-gold-ulje-za-brzo-tamnjenje\/#breadcrumb","itemListElement":[{"@type":"ListItem","position":1,"name":"Home","item":"https:\/\/www.thegoldengoddess.net\/sr\/"},{"@type":"ListItem","position":2,"name":"Prodavnica","item":"https:\/\/www.thegoldengoddess.net\/sr\/prodavnica\/"},{"@type":"ListItem","position":3,"name":"Liquid Gold ulje za brzo tamnjenje"}]},{"@type":"WebSite","@id":"https:\/\/www.thegoldengoddess.net\/#website","url":"https:\/\/www.thegoldengoddess.net\/","name":"The Golden Goddess","description":"The highest quality natural hair products","potentialAction":[{"@type":"SearchAction","target":{"@type":"EntryPoint","urlTemplate":"https:\/\/www.thegoldengoddess.net\/?s={search_term_string}"},"query-input":{"@type":"PropertyValueSpecification","valueRequired":true,"valueName":"search_term_string"}}],"inLanguage":"sr-RS"}]}},"_links":{"self":[{"href":"https:\/\/www.thegoldengoddess.net\/sr\/wp-json\/wp\/v2\/product\/9242","targetHints":{"allow":["GET"]}}],"collection":[{"href":"https:\/\/www.thegoldengoddess.net\/sr\/wp-json\/wp\/v2\/product"}],"about":[{"href":"https:\/\/www.thegoldengoddess.net\/sr\/wp-json\/wp\/v2\/types\/product"}],"replies":[{"embeddable":true,"href":"https:\/\/www.thegoldengoddess.net\/sr\/wp-json\/wp\/v2\/comments?post=9242"}],"wp:featuredmedia":[{"embeddable":true,"href":"https:\/\/www.thegoldengoddess.net\/sr\/wp-json\/wp\/v2\/media\/9249"}],"wp:attachment":[{"href":"https:\/\/www.thegoldengoddess.net\/sr\/wp-json\/wp\/v2\/media?parent=9242"}],"wp:term":[{"taxonomy":"product_brand","embeddable":true,"href":"https:\/\/www.thegoldengoddess.net\/sr\/wp-json\/wp\/v2\/product_brand?post=9242"},{"taxonomy":"product_cat","embeddable":true,"href":"https:\/\/www.thegoldengoddess.net\/sr\/wp-json\/wp\/v2\/product_cat?post=9242"},{"taxonomy":"product_tag","embeddable":true,"href":"https:\/\/www.thegoldengoddess.net\/sr\/wp-json\/wp\/v2\/product_tag?post=9242"}],"curies":[{"name":"wp","href":"https:\/\/api.w.org\/{rel}","templated":true}]}}