{"id":9022,"date":"2020-06-26T10:11:03","date_gmt":"2020-06-26T10:11:03","guid":{"rendered":"https:\/\/www.thegoldengoddess.net\/?post_type=product&#038;p=9022"},"modified":"2023-11-27T12:57:04","modified_gmt":"2023-11-27T12:57:04","slug":"lux-set-all-inclusive","status":"publish","type":"product","link":"https:\/\/www.thegoldengoddess.net\/sr\/shop\/setovi\/lux-set-all-inclusive\/","title":{"rendered":"Lux Set &#8211; All Inclusive"},"content":{"rendered":"","protected":false},"excerpt":{"rendered":"<p>Na\u0161 luksuzni All Inclusive set se sastoji od 11 na\u0161ih proizvoda za negu lica, kose i tela. Sve \u0161to vam je potrebno!<\/p>\n<p>&#8211; Ulje za lice<br \/>\n&#8211; Krema za lice<br \/>\n&#8211; Antirid krema<br \/>\n&#8211; Tonik za lice<br \/>\n&#8211; Sapun za lice<br \/>\n&#8211; Balzam za usne<br \/>\n&#8211; Ulje za kosu<br \/>\n&#8211; \u0160ampon za kosu<br \/>\n&#8211; Krema za ruke i telo<br \/>\n&#8211; Dezodorans<br \/>\n&#8211; Hipoalergijski sapun<\/p>\n<p>Upakovani u na\u0161u ru\u010dno ra\u0111enu, gotovo neuni\u0161tivu kutiju, oblo\u017eenu zlatnim papirom &#8211; \u010dist luksuz i savr\u0161en poklon!<\/p>\n","protected":false},"featured_media":9024,"comment_status":"open","ping_status":"closed","template":"","meta":{"_acf_changed":false},"product_brand":[],"product_cat":[85],"product_tag":[],"class_list":{"0":"post-9022","1":"product","2":"type-product","3":"status-publish","4":"has-post-thumbnail","6":"product_cat-setovi","8":"first","9":"instock","10":"featured","11":"shipping-taxable","12":"purchasable","13":"product-type-simple"},"acf":[],"yoast_head":"<!-- This site is optimized with the Yoast SEO plugin v27.4 - https:\/\/yoast.com\/product\/yoast-seo-wordpress\/ -->\n<title>Lux Set \u2013 All Inclusive - The Golden Goddess<\/title>\n<meta name=\"description\" content=\"Na\u0161 luksuzni All Inclusive set se sastoji od 11 na\u0161ih proizvoda za negu lica, kose i tela. Sve \u0161to vam je potrebno! Predstalja ultimativni poklon!\" \/>\n<meta name=\"robots\" content=\"index, follow, max-snippet:-1, max-image-preview:large, max-video-preview:-1\" \/>\n<link rel=\"canonical\" href=\"https:\/\/www.thegoldengoddess.net\/sr\/shop\/setovi\/lux-set-all-inclusive\/\" \/>\n<meta property=\"og:locale\" content=\"sr_RS\" \/>\n<meta property=\"og:type\" content=\"article\" \/>\n<meta property=\"og:title\" content=\"Lux Set \u2013 All Inclusive - The Golden Goddess\" \/>\n<meta property=\"og:description\" content=\"Na\u0161 luksuzni All Inclusive set se sastoji od 11 na\u0161ih proizvoda za negu lica, kose i tela. Sve \u0161to vam je potrebno! Predstalja ultimativni poklon!\" \/>\n<meta property=\"og:url\" content=\"https:\/\/www.thegoldengoddess.net\/sr\/shop\/setovi\/lux-set-all-inclusive\/\" \/>\n<meta property=\"og:site_name\" content=\"The Golden Goddess\" \/>\n<meta property=\"article:modified_time\" content=\"2023-11-27T12:57:04+00:00\" \/>\n<meta property=\"og:image\" content=\"https:\/\/www.thegoldengoddess.net\/wp-content\/uploads\/2020\/06\/Lux-kutija-XL-600p-min.jpg\" \/>\n\t<meta property=\"og:image:width\" content=\"600\" \/>\n\t<meta property=\"og:image:height\" content=\"600\" \/>\n\t<meta property=\"og:image:type\" content=\"image\/jpeg\" \/>\n<meta name=\"twitter:card\" content=\"summary_large_image\" \/>\n<script type=\"application\/ld+json\" class=\"yoast-schema-graph\">{\"@context\":\"https:\\\/\\\/schema.org\",\"@graph\":[{\"@type\":\"WebPage\",\"@id\":\"https:\\\/\\\/www.thegoldengoddess.net\\\/sr\\\/shop\\\/setovi\\\/lux-set-all-inclusive\\\/\",\"url\":\"https:\\\/\\\/www.thegoldengoddess.net\\\/sr\\\/shop\\\/setovi\\\/lux-set-all-inclusive\\\/\",\"name\":\"Lux Set \u2013 All Inclusive - The Golden Goddess\",\"isPartOf\":{\"@id\":\"https:\\\/\\\/www.thegoldengoddess.net\\\/#website\"},\"primaryImageOfPage\":{\"@id\":\"https:\\\/\\\/www.thegoldengoddess.net\\\/sr\\\/shop\\\/setovi\\\/lux-set-all-inclusive\\\/#primaryimage\"},\"image\":{\"@id\":\"https:\\\/\\\/www.thegoldengoddess.net\\\/sr\\\/shop\\\/setovi\\\/lux-set-all-inclusive\\\/#primaryimage\"},\"thumbnailUrl\":\"https:\\\/\\\/www.thegoldengoddess.net\\\/wp-content\\\/uploads\\\/2020\\\/06\\\/Lux-kutija-XL-600p-min.jpg\",\"datePublished\":\"2020-06-26T10:11:03+00:00\",\"dateModified\":\"2023-11-27T12:57:04+00:00\",\"description\":\"Na\u0161 luksuzni All Inclusive set se sastoji od 11 na\u0161ih proizvoda za negu lica, kose i tela. Sve \u0161to vam je potrebno! Predstalja ultimativni poklon!\",\"breadcrumb\":{\"@id\":\"https:\\\/\\\/www.thegoldengoddess.net\\\/sr\\\/shop\\\/setovi\\\/lux-set-all-inclusive\\\/#breadcrumb\"},\"inLanguage\":\"sr-RS\",\"potentialAction\":[{\"@type\":\"ReadAction\",\"target\":[\"https:\\\/\\\/www.thegoldengoddess.net\\\/sr\\\/shop\\\/setovi\\\/lux-set-all-inclusive\\\/\"]}]},{\"@type\":\"ImageObject\",\"inLanguage\":\"sr-RS\",\"@id\":\"https:\\\/\\\/www.thegoldengoddess.net\\\/sr\\\/shop\\\/setovi\\\/lux-set-all-inclusive\\\/#primaryimage\",\"url\":\"https:\\\/\\\/www.thegoldengoddess.net\\\/wp-content\\\/uploads\\\/2020\\\/06\\\/Lux-kutija-XL-600p-min.jpg\",\"contentUrl\":\"https:\\\/\\\/www.thegoldengoddess.net\\\/wp-content\\\/uploads\\\/2020\\\/06\\\/Lux-kutija-XL-600p-min.jpg\",\"width\":600,\"height\":600,\"caption\":\"bela kutija sa zlatnim logom za set koji sadrzi sve prizvode\"},{\"@type\":\"BreadcrumbList\",\"@id\":\"https:\\\/\\\/www.thegoldengoddess.net\\\/sr\\\/shop\\\/setovi\\\/lux-set-all-inclusive\\\/#breadcrumb\",\"itemListElement\":[{\"@type\":\"ListItem\",\"position\":1,\"name\":\"Home\",\"item\":\"https:\\\/\\\/www.thegoldengoddess.net\\\/sr\\\/\"},{\"@type\":\"ListItem\",\"position\":2,\"name\":\"Prodavnica\",\"item\":\"https:\\\/\\\/www.thegoldengoddess.net\\\/sr\\\/prodavnica\\\/\"},{\"@type\":\"ListItem\",\"position\":3,\"name\":\"Lux Set &#8211; All Inclusive\"}]},{\"@type\":\"WebSite\",\"@id\":\"https:\\\/\\\/www.thegoldengoddess.net\\\/#website\",\"url\":\"https:\\\/\\\/www.thegoldengoddess.net\\\/\",\"name\":\"The Golden Goddess\",\"description\":\"The highest quality natural hair products\",\"potentialAction\":[{\"@type\":\"SearchAction\",\"target\":{\"@type\":\"EntryPoint\",\"urlTemplate\":\"https:\\\/\\\/www.thegoldengoddess.net\\\/?s={search_term_string}\"},\"query-input\":{\"@type\":\"PropertyValueSpecification\",\"valueRequired\":true,\"valueName\":\"search_term_string\"}}],\"inLanguage\":\"sr-RS\"}]}<\/script>\n<!-- \/ Yoast SEO plugin. -->","yoast_head_json":{"title":"Lux Set \u2013 All Inclusive - The Golden Goddess","description":"Na\u0161 luksuzni All Inclusive set se sastoji od 11 na\u0161ih proizvoda za negu lica, kose i tela. Sve \u0161to vam je potrebno! Predstalja ultimativni poklon!","robots":{"index":"index","follow":"follow","max-snippet":"max-snippet:-1","max-image-preview":"max-image-preview:large","max-video-preview":"max-video-preview:-1"},"canonical":"https:\/\/www.thegoldengoddess.net\/sr\/shop\/setovi\/lux-set-all-inclusive\/","og_locale":"sr_RS","og_type":"article","og_title":"Lux Set \u2013 All Inclusive - The Golden Goddess","og_description":"Na\u0161 luksuzni All Inclusive set se sastoji od 11 na\u0161ih proizvoda za negu lica, kose i tela. Sve \u0161to vam je potrebno! Predstalja ultimativni poklon!","og_url":"https:\/\/www.thegoldengoddess.net\/sr\/shop\/setovi\/lux-set-all-inclusive\/","og_site_name":"The Golden Goddess","article_modified_time":"2023-11-27T12:57:04+00:00","og_image":[{"width":600,"height":600,"url":"https:\/\/www.thegoldengoddess.net\/wp-content\/uploads\/2020\/06\/Lux-kutija-XL-600p-min.jpg","type":"image\/jpeg"}],"twitter_card":"summary_large_image","schema":{"@context":"https:\/\/schema.org","@graph":[{"@type":"WebPage","@id":"https:\/\/www.thegoldengoddess.net\/sr\/shop\/setovi\/lux-set-all-inclusive\/","url":"https:\/\/www.thegoldengoddess.net\/sr\/shop\/setovi\/lux-set-all-inclusive\/","name":"Lux Set \u2013 All Inclusive - The Golden Goddess","isPartOf":{"@id":"https:\/\/www.thegoldengoddess.net\/#website"},"primaryImageOfPage":{"@id":"https:\/\/www.thegoldengoddess.net\/sr\/shop\/setovi\/lux-set-all-inclusive\/#primaryimage"},"image":{"@id":"https:\/\/www.thegoldengoddess.net\/sr\/shop\/setovi\/lux-set-all-inclusive\/#primaryimage"},"thumbnailUrl":"https:\/\/www.thegoldengoddess.net\/wp-content\/uploads\/2020\/06\/Lux-kutija-XL-600p-min.jpg","datePublished":"2020-06-26T10:11:03+00:00","dateModified":"2023-11-27T12:57:04+00:00","description":"Na\u0161 luksuzni All Inclusive set se sastoji od 11 na\u0161ih proizvoda za negu lica, kose i tela. Sve \u0161to vam je potrebno! Predstalja ultimativni poklon!","breadcrumb":{"@id":"https:\/\/www.thegoldengoddess.net\/sr\/shop\/setovi\/lux-set-all-inclusive\/#breadcrumb"},"inLanguage":"sr-RS","potentialAction":[{"@type":"ReadAction","target":["https:\/\/www.thegoldengoddess.net\/sr\/shop\/setovi\/lux-set-all-inclusive\/"]}]},{"@type":"ImageObject","inLanguage":"sr-RS","@id":"https:\/\/www.thegoldengoddess.net\/sr\/shop\/setovi\/lux-set-all-inclusive\/#primaryimage","url":"https:\/\/www.thegoldengoddess.net\/wp-content\/uploads\/2020\/06\/Lux-kutija-XL-600p-min.jpg","contentUrl":"https:\/\/www.thegoldengoddess.net\/wp-content\/uploads\/2020\/06\/Lux-kutija-XL-600p-min.jpg","width":600,"height":600,"caption":"bela kutija sa zlatnim logom za set koji sadrzi sve prizvode"},{"@type":"BreadcrumbList","@id":"https:\/\/www.thegoldengoddess.net\/sr\/shop\/setovi\/lux-set-all-inclusive\/#breadcrumb","itemListElement":[{"@type":"ListItem","position":1,"name":"Home","item":"https:\/\/www.thegoldengoddess.net\/sr\/"},{"@type":"ListItem","position":2,"name":"Prodavnica","item":"https:\/\/www.thegoldengoddess.net\/sr\/prodavnica\/"},{"@type":"ListItem","position":3,"name":"Lux Set &#8211; All Inclusive"}]},{"@type":"WebSite","@id":"https:\/\/www.thegoldengoddess.net\/#website","url":"https:\/\/www.thegoldengoddess.net\/","name":"The Golden Goddess","description":"The highest quality natural hair products","potentialAction":[{"@type":"SearchAction","target":{"@type":"EntryPoint","urlTemplate":"https:\/\/www.thegoldengoddess.net\/?s={search_term_string}"},"query-input":{"@type":"PropertyValueSpecification","valueRequired":true,"valueName":"search_term_string"}}],"inLanguage":"sr-RS"}]}},"_links":{"self":[{"href":"https:\/\/www.thegoldengoddess.net\/sr\/wp-json\/wp\/v2\/product\/9022","targetHints":{"allow":["GET"]}}],"collection":[{"href":"https:\/\/www.thegoldengoddess.net\/sr\/wp-json\/wp\/v2\/product"}],"about":[{"href":"https:\/\/www.thegoldengoddess.net\/sr\/wp-json\/wp\/v2\/types\/product"}],"replies":[{"embeddable":true,"href":"https:\/\/www.thegoldengoddess.net\/sr\/wp-json\/wp\/v2\/comments?post=9022"}],"wp:featuredmedia":[{"embeddable":true,"href":"https:\/\/www.thegoldengoddess.net\/sr\/wp-json\/wp\/v2\/media\/9024"}],"wp:attachment":[{"href":"https:\/\/www.thegoldengoddess.net\/sr\/wp-json\/wp\/v2\/media?parent=9022"}],"wp:term":[{"taxonomy":"product_brand","embeddable":true,"href":"https:\/\/www.thegoldengoddess.net\/sr\/wp-json\/wp\/v2\/product_brand?post=9022"},{"taxonomy":"product_cat","embeddable":true,"href":"https:\/\/www.thegoldengoddess.net\/sr\/wp-json\/wp\/v2\/product_cat?post=9022"},{"taxonomy":"product_tag","embeddable":true,"href":"https:\/\/www.thegoldengoddess.net\/sr\/wp-json\/wp\/v2\/product_tag?post=9022"}],"curies":[{"name":"wp","href":"https:\/\/api.w.org\/{rel}","templated":true}]}}