{"id":9020,"date":"2020-06-26T09:38:09","date_gmt":"2020-06-26T10:07:13","guid":{"rendered":"https:\/\/www.thegoldengoddess.net\/?post_type=product&#038;p=9020"},"modified":"2020-07-16T12:04:55","modified_gmt":"2020-07-16T12:04:55","slug":"lux-set-kosa-telo","status":"publish","type":"product","link":"https:\/\/www.thegoldengoddess.net\/sr\/shop\/setovi\/lux-set-kosa-telo\/","title":{"rendered":"Lux set &#8211; Kosa &#038; Telo"},"content":{"rendered":"","protected":false},"excerpt":{"rendered":"<div class=\"woocommerce-product-details__short-description\">\n<p>Na\u0161 luksuzni set za negu kose i tela sastoji se od svega \u0161to je potrebno za va\u0161u svakodnevnu negu kose i tela.<\/p>\n<p>\u2013 Ulje za kosu<br \/>\n\u2013 \u0160ampon za kosu<br \/>\n\u2013 Krema za ruke i telo<br \/>\n\u2013 Dezodorans<br \/>\n\u2013 Hipoalergijski sapun<\/p>\n<p>Upakovani u na\u0161u ru\u010dno ra\u0111enu, gotovo neuni\u0161tivu kutiju, oblo\u017eenu zlatnim papirom \u2013 \u010dist luksuz i savr\u0161en poklon!<\/p>\n<\/div>\n","protected":false},"featured_media":9015,"comment_status":"open","ping_status":"closed","template":"","meta":{"_acf_changed":false},"product_brand":[],"product_cat":[85],"product_tag":[],"class_list":{"0":"post-9020","1":"product","2":"type-product","3":"status-publish","4":"has-post-thumbnail","6":"product_cat-setovi","8":"first","9":"instock","10":"featured","11":"shipping-taxable","12":"purchasable","13":"product-type-simple"},"acf":[],"yoast_head":"<!-- This site is optimized with the Yoast SEO plugin v27.4 - https:\/\/yoast.com\/product\/yoast-seo-wordpress\/ -->\n<title>Lux set \u2013 Kosa &amp; Telo | The Golden Goddess<\/title>\n<meta name=\"description\" content=\"Na\u0161 luksuzni set za negu kose i lica sastoji se od svega \u0161to je potrebno za va\u0161u svakodnevnu negu kose i lica i predstavlja savr\u0161en poklon!\" \/>\n<meta name=\"robots\" content=\"index, follow, max-snippet:-1, max-image-preview:large, max-video-preview:-1\" \/>\n<link rel=\"canonical\" href=\"https:\/\/www.thegoldengoddess.net\/sr\/shop\/setovi\/lux-set-kosa-telo\/\" \/>\n<meta property=\"og:locale\" content=\"sr_RS\" \/>\n<meta property=\"og:type\" content=\"article\" \/>\n<meta property=\"og:title\" content=\"Lux set \u2013 Kosa &amp; Telo | The Golden Goddess\" \/>\n<meta property=\"og:description\" content=\"Na\u0161 luksuzni set za negu kose i lica sastoji se od svega \u0161to je potrebno za va\u0161u svakodnevnu negu kose i lica i predstavlja savr\u0161en poklon!\" \/>\n<meta property=\"og:url\" content=\"https:\/\/www.thegoldengoddess.net\/sr\/shop\/setovi\/lux-set-kosa-telo\/\" \/>\n<meta property=\"og:site_name\" content=\"The Golden Goddess\" \/>\n<meta property=\"article:modified_time\" content=\"2020-07-16T12:04:55+00:00\" \/>\n<meta property=\"og:image\" content=\"https:\/\/www.thegoldengoddess.net\/wp-content\/uploads\/2020\/06\/Lux-kutija-L-600p-min.jpg\" \/>\n\t<meta property=\"og:image:width\" content=\"600\" \/>\n\t<meta property=\"og:image:height\" content=\"600\" \/>\n\t<meta property=\"og:image:type\" content=\"image\/jpeg\" \/>\n<meta name=\"twitter:card\" content=\"summary_large_image\" \/>\n<script type=\"application\/ld+json\" class=\"yoast-schema-graph\">{\"@context\":\"https:\\\/\\\/schema.org\",\"@graph\":[{\"@type\":\"WebPage\",\"@id\":\"https:\\\/\\\/www.thegoldengoddess.net\\\/sr\\\/shop\\\/setovi\\\/lux-set-kosa-telo\\\/\",\"url\":\"https:\\\/\\\/www.thegoldengoddess.net\\\/sr\\\/shop\\\/setovi\\\/lux-set-kosa-telo\\\/\",\"name\":\"Lux set \u2013 Kosa & Telo | The Golden Goddess\",\"isPartOf\":{\"@id\":\"https:\\\/\\\/www.thegoldengoddess.net\\\/#website\"},\"primaryImageOfPage\":{\"@id\":\"https:\\\/\\\/www.thegoldengoddess.net\\\/sr\\\/shop\\\/setovi\\\/lux-set-kosa-telo\\\/#primaryimage\"},\"image\":{\"@id\":\"https:\\\/\\\/www.thegoldengoddess.net\\\/sr\\\/shop\\\/setovi\\\/lux-set-kosa-telo\\\/#primaryimage\"},\"thumbnailUrl\":\"https:\\\/\\\/www.thegoldengoddess.net\\\/wp-content\\\/uploads\\\/2020\\\/06\\\/Lux-kutija-L-600p-min.jpg\",\"datePublished\":\"2020-06-26T10:07:13+00:00\",\"dateModified\":\"2020-07-16T12:04:55+00:00\",\"description\":\"Na\u0161 luksuzni set za negu kose i lica sastoji se od svega \u0161to je potrebno za va\u0161u svakodnevnu negu kose i lica i predstavlja savr\u0161en poklon!\",\"breadcrumb\":{\"@id\":\"https:\\\/\\\/www.thegoldengoddess.net\\\/sr\\\/shop\\\/setovi\\\/lux-set-kosa-telo\\\/#breadcrumb\"},\"inLanguage\":\"sr-RS\",\"potentialAction\":[{\"@type\":\"ReadAction\",\"target\":[\"https:\\\/\\\/www.thegoldengoddess.net\\\/sr\\\/shop\\\/setovi\\\/lux-set-kosa-telo\\\/\"]}]},{\"@type\":\"ImageObject\",\"inLanguage\":\"sr-RS\",\"@id\":\"https:\\\/\\\/www.thegoldengoddess.net\\\/sr\\\/shop\\\/setovi\\\/lux-set-kosa-telo\\\/#primaryimage\",\"url\":\"https:\\\/\\\/www.thegoldengoddess.net\\\/wp-content\\\/uploads\\\/2020\\\/06\\\/Lux-kutija-L-600p-min.jpg\",\"contentUrl\":\"https:\\\/\\\/www.thegoldengoddess.net\\\/wp-content\\\/uploads\\\/2020\\\/06\\\/Lux-kutija-L-600p-min.jpg\",\"width\":600,\"height\":600,\"caption\":\"bela kutija sa zlatim logom za lux set\"},{\"@type\":\"BreadcrumbList\",\"@id\":\"https:\\\/\\\/www.thegoldengoddess.net\\\/sr\\\/shop\\\/setovi\\\/lux-set-kosa-telo\\\/#breadcrumb\",\"itemListElement\":[{\"@type\":\"ListItem\",\"position\":1,\"name\":\"Home\",\"item\":\"https:\\\/\\\/www.thegoldengoddess.net\\\/sr\\\/\"},{\"@type\":\"ListItem\",\"position\":2,\"name\":\"Prodavnica\",\"item\":\"https:\\\/\\\/www.thegoldengoddess.net\\\/sr\\\/prodavnica\\\/\"},{\"@type\":\"ListItem\",\"position\":3,\"name\":\"Lux set &#8211; Kosa &#038; Telo\"}]},{\"@type\":\"WebSite\",\"@id\":\"https:\\\/\\\/www.thegoldengoddess.net\\\/#website\",\"url\":\"https:\\\/\\\/www.thegoldengoddess.net\\\/\",\"name\":\"The Golden Goddess\",\"description\":\"The highest quality natural hair products\",\"potentialAction\":[{\"@type\":\"SearchAction\",\"target\":{\"@type\":\"EntryPoint\",\"urlTemplate\":\"https:\\\/\\\/www.thegoldengoddess.net\\\/?s={search_term_string}\"},\"query-input\":{\"@type\":\"PropertyValueSpecification\",\"valueRequired\":true,\"valueName\":\"search_term_string\"}}],\"inLanguage\":\"sr-RS\"}]}<\/script>\n<!-- \/ Yoast SEO plugin. -->","yoast_head_json":{"title":"Lux set \u2013 Kosa & Telo | The Golden Goddess","description":"Na\u0161 luksuzni set za negu kose i lica sastoji se od svega \u0161to je potrebno za va\u0161u svakodnevnu negu kose i lica i predstavlja savr\u0161en poklon!","robots":{"index":"index","follow":"follow","max-snippet":"max-snippet:-1","max-image-preview":"max-image-preview:large","max-video-preview":"max-video-preview:-1"},"canonical":"https:\/\/www.thegoldengoddess.net\/sr\/shop\/setovi\/lux-set-kosa-telo\/","og_locale":"sr_RS","og_type":"article","og_title":"Lux set \u2013 Kosa & Telo | The Golden Goddess","og_description":"Na\u0161 luksuzni set za negu kose i lica sastoji se od svega \u0161to je potrebno za va\u0161u svakodnevnu negu kose i lica i predstavlja savr\u0161en poklon!","og_url":"https:\/\/www.thegoldengoddess.net\/sr\/shop\/setovi\/lux-set-kosa-telo\/","og_site_name":"The Golden Goddess","article_modified_time":"2020-07-16T12:04:55+00:00","og_image":[{"width":600,"height":600,"url":"https:\/\/www.thegoldengoddess.net\/wp-content\/uploads\/2020\/06\/Lux-kutija-L-600p-min.jpg","type":"image\/jpeg"}],"twitter_card":"summary_large_image","schema":{"@context":"https:\/\/schema.org","@graph":[{"@type":"WebPage","@id":"https:\/\/www.thegoldengoddess.net\/sr\/shop\/setovi\/lux-set-kosa-telo\/","url":"https:\/\/www.thegoldengoddess.net\/sr\/shop\/setovi\/lux-set-kosa-telo\/","name":"Lux set \u2013 Kosa & Telo | The Golden Goddess","isPartOf":{"@id":"https:\/\/www.thegoldengoddess.net\/#website"},"primaryImageOfPage":{"@id":"https:\/\/www.thegoldengoddess.net\/sr\/shop\/setovi\/lux-set-kosa-telo\/#primaryimage"},"image":{"@id":"https:\/\/www.thegoldengoddess.net\/sr\/shop\/setovi\/lux-set-kosa-telo\/#primaryimage"},"thumbnailUrl":"https:\/\/www.thegoldengoddess.net\/wp-content\/uploads\/2020\/06\/Lux-kutija-L-600p-min.jpg","datePublished":"2020-06-26T10:07:13+00:00","dateModified":"2020-07-16T12:04:55+00:00","description":"Na\u0161 luksuzni set za negu kose i lica sastoji se od svega \u0161to je potrebno za va\u0161u svakodnevnu negu kose i lica i predstavlja savr\u0161en poklon!","breadcrumb":{"@id":"https:\/\/www.thegoldengoddess.net\/sr\/shop\/setovi\/lux-set-kosa-telo\/#breadcrumb"},"inLanguage":"sr-RS","potentialAction":[{"@type":"ReadAction","target":["https:\/\/www.thegoldengoddess.net\/sr\/shop\/setovi\/lux-set-kosa-telo\/"]}]},{"@type":"ImageObject","inLanguage":"sr-RS","@id":"https:\/\/www.thegoldengoddess.net\/sr\/shop\/setovi\/lux-set-kosa-telo\/#primaryimage","url":"https:\/\/www.thegoldengoddess.net\/wp-content\/uploads\/2020\/06\/Lux-kutija-L-600p-min.jpg","contentUrl":"https:\/\/www.thegoldengoddess.net\/wp-content\/uploads\/2020\/06\/Lux-kutija-L-600p-min.jpg","width":600,"height":600,"caption":"bela kutija sa zlatim logom za lux set"},{"@type":"BreadcrumbList","@id":"https:\/\/www.thegoldengoddess.net\/sr\/shop\/setovi\/lux-set-kosa-telo\/#breadcrumb","itemListElement":[{"@type":"ListItem","position":1,"name":"Home","item":"https:\/\/www.thegoldengoddess.net\/sr\/"},{"@type":"ListItem","position":2,"name":"Prodavnica","item":"https:\/\/www.thegoldengoddess.net\/sr\/prodavnica\/"},{"@type":"ListItem","position":3,"name":"Lux set &#8211; Kosa &#038; Telo"}]},{"@type":"WebSite","@id":"https:\/\/www.thegoldengoddess.net\/#website","url":"https:\/\/www.thegoldengoddess.net\/","name":"The Golden Goddess","description":"The highest quality natural hair products","potentialAction":[{"@type":"SearchAction","target":{"@type":"EntryPoint","urlTemplate":"https:\/\/www.thegoldengoddess.net\/?s={search_term_string}"},"query-input":{"@type":"PropertyValueSpecification","valueRequired":true,"valueName":"search_term_string"}}],"inLanguage":"sr-RS"}]}},"_links":{"self":[{"href":"https:\/\/www.thegoldengoddess.net\/sr\/wp-json\/wp\/v2\/product\/9020","targetHints":{"allow":["GET"]}}],"collection":[{"href":"https:\/\/www.thegoldengoddess.net\/sr\/wp-json\/wp\/v2\/product"}],"about":[{"href":"https:\/\/www.thegoldengoddess.net\/sr\/wp-json\/wp\/v2\/types\/product"}],"replies":[{"embeddable":true,"href":"https:\/\/www.thegoldengoddess.net\/sr\/wp-json\/wp\/v2\/comments?post=9020"}],"wp:featuredmedia":[{"embeddable":true,"href":"https:\/\/www.thegoldengoddess.net\/sr\/wp-json\/wp\/v2\/media\/9015"}],"wp:attachment":[{"href":"https:\/\/www.thegoldengoddess.net\/sr\/wp-json\/wp\/v2\/media?parent=9020"}],"wp:term":[{"taxonomy":"product_brand","embeddable":true,"href":"https:\/\/www.thegoldengoddess.net\/sr\/wp-json\/wp\/v2\/product_brand?post=9020"},{"taxonomy":"product_cat","embeddable":true,"href":"https:\/\/www.thegoldengoddess.net\/sr\/wp-json\/wp\/v2\/product_cat?post=9020"},{"taxonomy":"product_tag","embeddable":true,"href":"https:\/\/www.thegoldengoddess.net\/sr\/wp-json\/wp\/v2\/product_tag?post=9020"}],"curies":[{"name":"wp","href":"https:\/\/api.w.org\/{rel}","templated":true}]}}