{"id":8786,"date":"2020-05-22T09:44:48","date_gmt":"2020-05-22T09:44:49","guid":{"rendered":"https:\/\/www.thegoldengoddess.net\/?post_type=product&#038;p=8786"},"modified":"2021-04-14T15:47:38","modified_gmt":"2021-04-14T15:47:38","slug":"hipoalergijski-sapun","status":"publish","type":"product","link":"https:\/\/www.thegoldengoddess.net\/sr\/shop\/nega-tela\/hipoalergijski-sapun\/","title":{"rendered":"Hipoalergijski sapun"},"content":{"rendered":"","protected":false},"excerpt":{"rendered":"<p>Na\u0161 hipoalergijski sapun za sve tipove ko\u017ee, namenjen je \u017eenama svih generacija, razli\u010ditih zahteva i navika, toliko blag i prirodan da mu se ba\u0161 nista ne mo\u017ee zameriti.<br \/>\nNjegova formulacija bogata je \u010distim maslinovim uljem, \u0161ea i kakao buterom koji mu daje ne\u017ean, prirodan i diskretan miris kakaovog zrna.<br \/>\nSvilenkastom i stabilnom kremastom penom, pru\u017ea dovoljan koeficijent \u010di\u0161\u0107enja bez o\u0161te\u0107enja za\u0161titnog sloja ko\u017ee.<br \/>\nOvaj sapun namenjen je celom telu, ali i licu. Posebno na kraju dana, u redovnoj rutini \u010di\u0161\u0107enja i nege.<br \/>\nMo\u017ee ga koristiti cela porodica, bebe, osobe sa o\u0161te\u0107enom ko\u017eom i oni \u010dija je ko\u017ea posebno osetljiva, suva i sklona iritacijama.<br \/>\nNa\u0161 hipoalergijski sapun je tehnolo\u0161ki potpuno \u010dist, bez boja, silikonskih ulja, mirisa i drugih aditiva, ekolo\u0161ki i biorazgradiv, ne\u017ean prema ko\u017ei i prirodi.<\/p>\n<p>Savet za upotrebu: Sapun \u010duvati na suvom i oceditom mestu.<\/p>\n<p>100% prirodan.<\/p>\n<p>Sastav: Saponifikovane masne kiseline: ulja palme, ulja masline, ulja kokosa, \u0161ea putera, kakao putera, ulja ricinusa. Glicerin, sorbitol, destilovana voda.<\/p>\n<p>Napomena: Na\u0161i proizvodi su klini\u010dki ispitani u akreditovanoj laboratoriji i poseduju izve\u0161taj o zdravstvenoj ispravnosti.<\/p>\n","protected":false},"featured_media":8947,"comment_status":"open","ping_status":"closed","template":"","meta":{"_acf_changed":false},"product_brand":[],"product_cat":[81],"product_tag":[],"class_list":{"0":"post-8786","1":"product","2":"type-product","3":"status-publish","4":"has-post-thumbnail","6":"product_cat-nega-tela","8":"first","9":"instock","10":"featured","11":"shipping-taxable","12":"purchasable","13":"product-type-simple"},"acf":[],"yoast_head":"<!-- This site is optimized with the Yoast SEO plugin v27.4 - https:\/\/yoast.com\/product\/yoast-seo-wordpress\/ -->\n<title>Hipoalergijski sapun - The Golden Goddess<\/title>\n<meta name=\"description\" content=\"Na\u0161 hipoalergijski sapun za sve tipove ko\u017ee, namenjen je celoj porodici, bebama, osobama sa o\u0161te\u0107enom i posebno osetljivom ko\u017eom.\" \/>\n<meta name=\"robots\" content=\"index, follow, max-snippet:-1, max-image-preview:large, max-video-preview:-1\" \/>\n<link rel=\"canonical\" href=\"https:\/\/www.thegoldengoddess.net\/sr\/shop\/nega-tela\/hipoalergijski-sapun\/\" \/>\n<meta property=\"og:locale\" content=\"sr_RS\" \/>\n<meta property=\"og:type\" content=\"article\" \/>\n<meta property=\"og:title\" content=\"Hipoalergijski sapun - The Golden Goddess\" \/>\n<meta property=\"og:description\" content=\"Na\u0161 hipoalergijski sapun za sve tipove ko\u017ee, namenjen je celoj porodici, bebama, osobama sa o\u0161te\u0107enom i posebno osetljivom ko\u017eom.\" \/>\n<meta property=\"og:url\" content=\"https:\/\/www.thegoldengoddess.net\/sr\/shop\/nega-tela\/hipoalergijski-sapun\/\" \/>\n<meta property=\"og:site_name\" content=\"The Golden Goddess\" \/>\n<meta property=\"article:modified_time\" content=\"2021-04-14T15:47:38+00:00\" \/>\n<meta property=\"og:image\" content=\"https:\/\/www.thegoldengoddess.net\/wp-content\/uploads\/2020\/05\/Hipoalergijski-sapun-600p-min.jpg\" \/>\n\t<meta property=\"og:image:width\" content=\"600\" \/>\n\t<meta property=\"og:image:height\" content=\"600\" \/>\n\t<meta property=\"og:image:type\" content=\"image\/jpeg\" \/>\n<meta name=\"twitter:card\" content=\"summary_large_image\" \/>\n<script type=\"application\/ld+json\" class=\"yoast-schema-graph\">{\"@context\":\"https:\\\/\\\/schema.org\",\"@graph\":[{\"@type\":\"WebPage\",\"@id\":\"https:\\\/\\\/www.thegoldengoddess.net\\\/sr\\\/shop\\\/nega-tela\\\/hipoalergijski-sapun\\\/\",\"url\":\"https:\\\/\\\/www.thegoldengoddess.net\\\/sr\\\/shop\\\/nega-tela\\\/hipoalergijski-sapun\\\/\",\"name\":\"Hipoalergijski sapun - The Golden Goddess\",\"isPartOf\":{\"@id\":\"https:\\\/\\\/www.thegoldengoddess.net\\\/#website\"},\"primaryImageOfPage\":{\"@id\":\"https:\\\/\\\/www.thegoldengoddess.net\\\/sr\\\/shop\\\/nega-tela\\\/hipoalergijski-sapun\\\/#primaryimage\"},\"image\":{\"@id\":\"https:\\\/\\\/www.thegoldengoddess.net\\\/sr\\\/shop\\\/nega-tela\\\/hipoalergijski-sapun\\\/#primaryimage\"},\"thumbnailUrl\":\"https:\\\/\\\/www.thegoldengoddess.net\\\/wp-content\\\/uploads\\\/2020\\\/05\\\/Hipoalergijski-sapun-600p-min.jpg\",\"datePublished\":\"2020-05-22T09:44:49+00:00\",\"dateModified\":\"2021-04-14T15:47:38+00:00\",\"description\":\"Na\u0161 hipoalergijski sapun za sve tipove ko\u017ee, namenjen je celoj porodici, bebama, osobama sa o\u0161te\u0107enom i posebno osetljivom ko\u017eom.\",\"breadcrumb\":{\"@id\":\"https:\\\/\\\/www.thegoldengoddess.net\\\/sr\\\/shop\\\/nega-tela\\\/hipoalergijski-sapun\\\/#breadcrumb\"},\"inLanguage\":\"sr-RS\",\"potentialAction\":[{\"@type\":\"ReadAction\",\"target\":[\"https:\\\/\\\/www.thegoldengoddess.net\\\/sr\\\/shop\\\/nega-tela\\\/hipoalergijski-sapun\\\/\"]}]},{\"@type\":\"ImageObject\",\"inLanguage\":\"sr-RS\",\"@id\":\"https:\\\/\\\/www.thegoldengoddess.net\\\/sr\\\/shop\\\/nega-tela\\\/hipoalergijski-sapun\\\/#primaryimage\",\"url\":\"https:\\\/\\\/www.thegoldengoddess.net\\\/wp-content\\\/uploads\\\/2020\\\/05\\\/Hipoalergijski-sapun-600p-min.jpg\",\"contentUrl\":\"https:\\\/\\\/www.thegoldengoddess.net\\\/wp-content\\\/uploads\\\/2020\\\/05\\\/Hipoalergijski-sapun-600p-min.jpg\",\"width\":600,\"height\":600,\"caption\":\"hipoalergijski sapun i bela kutija\"},{\"@type\":\"BreadcrumbList\",\"@id\":\"https:\\\/\\\/www.thegoldengoddess.net\\\/sr\\\/shop\\\/nega-tela\\\/hipoalergijski-sapun\\\/#breadcrumb\",\"itemListElement\":[{\"@type\":\"ListItem\",\"position\":1,\"name\":\"Home\",\"item\":\"https:\\\/\\\/www.thegoldengoddess.net\\\/sr\\\/\"},{\"@type\":\"ListItem\",\"position\":2,\"name\":\"Prodavnica\",\"item\":\"https:\\\/\\\/www.thegoldengoddess.net\\\/sr\\\/prodavnica\\\/\"},{\"@type\":\"ListItem\",\"position\":3,\"name\":\"Hipoalergijski sapun\"}]},{\"@type\":\"WebSite\",\"@id\":\"https:\\\/\\\/www.thegoldengoddess.net\\\/#website\",\"url\":\"https:\\\/\\\/www.thegoldengoddess.net\\\/\",\"name\":\"The Golden Goddess\",\"description\":\"The highest quality natural hair products\",\"potentialAction\":[{\"@type\":\"SearchAction\",\"target\":{\"@type\":\"EntryPoint\",\"urlTemplate\":\"https:\\\/\\\/www.thegoldengoddess.net\\\/?s={search_term_string}\"},\"query-input\":{\"@type\":\"PropertyValueSpecification\",\"valueRequired\":true,\"valueName\":\"search_term_string\"}}],\"inLanguage\":\"sr-RS\"}]}<\/script>\n<!-- \/ Yoast SEO plugin. -->","yoast_head_json":{"title":"Hipoalergijski sapun - The Golden Goddess","description":"Na\u0161 hipoalergijski sapun za sve tipove ko\u017ee, namenjen je celoj porodici, bebama, osobama sa o\u0161te\u0107enom i posebno osetljivom ko\u017eom.","robots":{"index":"index","follow":"follow","max-snippet":"max-snippet:-1","max-image-preview":"max-image-preview:large","max-video-preview":"max-video-preview:-1"},"canonical":"https:\/\/www.thegoldengoddess.net\/sr\/shop\/nega-tela\/hipoalergijski-sapun\/","og_locale":"sr_RS","og_type":"article","og_title":"Hipoalergijski sapun - The Golden Goddess","og_description":"Na\u0161 hipoalergijski sapun za sve tipove ko\u017ee, namenjen je celoj porodici, bebama, osobama sa o\u0161te\u0107enom i posebno osetljivom ko\u017eom.","og_url":"https:\/\/www.thegoldengoddess.net\/sr\/shop\/nega-tela\/hipoalergijski-sapun\/","og_site_name":"The Golden Goddess","article_modified_time":"2021-04-14T15:47:38+00:00","og_image":[{"width":600,"height":600,"url":"https:\/\/www.thegoldengoddess.net\/wp-content\/uploads\/2020\/05\/Hipoalergijski-sapun-600p-min.jpg","type":"image\/jpeg"}],"twitter_card":"summary_large_image","schema":{"@context":"https:\/\/schema.org","@graph":[{"@type":"WebPage","@id":"https:\/\/www.thegoldengoddess.net\/sr\/shop\/nega-tela\/hipoalergijski-sapun\/","url":"https:\/\/www.thegoldengoddess.net\/sr\/shop\/nega-tela\/hipoalergijski-sapun\/","name":"Hipoalergijski sapun - The Golden Goddess","isPartOf":{"@id":"https:\/\/www.thegoldengoddess.net\/#website"},"primaryImageOfPage":{"@id":"https:\/\/www.thegoldengoddess.net\/sr\/shop\/nega-tela\/hipoalergijski-sapun\/#primaryimage"},"image":{"@id":"https:\/\/www.thegoldengoddess.net\/sr\/shop\/nega-tela\/hipoalergijski-sapun\/#primaryimage"},"thumbnailUrl":"https:\/\/www.thegoldengoddess.net\/wp-content\/uploads\/2020\/05\/Hipoalergijski-sapun-600p-min.jpg","datePublished":"2020-05-22T09:44:49+00:00","dateModified":"2021-04-14T15:47:38+00:00","description":"Na\u0161 hipoalergijski sapun za sve tipove ko\u017ee, namenjen je celoj porodici, bebama, osobama sa o\u0161te\u0107enom i posebno osetljivom ko\u017eom.","breadcrumb":{"@id":"https:\/\/www.thegoldengoddess.net\/sr\/shop\/nega-tela\/hipoalergijski-sapun\/#breadcrumb"},"inLanguage":"sr-RS","potentialAction":[{"@type":"ReadAction","target":["https:\/\/www.thegoldengoddess.net\/sr\/shop\/nega-tela\/hipoalergijski-sapun\/"]}]},{"@type":"ImageObject","inLanguage":"sr-RS","@id":"https:\/\/www.thegoldengoddess.net\/sr\/shop\/nega-tela\/hipoalergijski-sapun\/#primaryimage","url":"https:\/\/www.thegoldengoddess.net\/wp-content\/uploads\/2020\/05\/Hipoalergijski-sapun-600p-min.jpg","contentUrl":"https:\/\/www.thegoldengoddess.net\/wp-content\/uploads\/2020\/05\/Hipoalergijski-sapun-600p-min.jpg","width":600,"height":600,"caption":"hipoalergijski sapun i bela kutija"},{"@type":"BreadcrumbList","@id":"https:\/\/www.thegoldengoddess.net\/sr\/shop\/nega-tela\/hipoalergijski-sapun\/#breadcrumb","itemListElement":[{"@type":"ListItem","position":1,"name":"Home","item":"https:\/\/www.thegoldengoddess.net\/sr\/"},{"@type":"ListItem","position":2,"name":"Prodavnica","item":"https:\/\/www.thegoldengoddess.net\/sr\/prodavnica\/"},{"@type":"ListItem","position":3,"name":"Hipoalergijski sapun"}]},{"@type":"WebSite","@id":"https:\/\/www.thegoldengoddess.net\/#website","url":"https:\/\/www.thegoldengoddess.net\/","name":"The Golden Goddess","description":"The highest quality natural hair products","potentialAction":[{"@type":"SearchAction","target":{"@type":"EntryPoint","urlTemplate":"https:\/\/www.thegoldengoddess.net\/?s={search_term_string}"},"query-input":{"@type":"PropertyValueSpecification","valueRequired":true,"valueName":"search_term_string"}}],"inLanguage":"sr-RS"}]}},"_links":{"self":[{"href":"https:\/\/www.thegoldengoddess.net\/sr\/wp-json\/wp\/v2\/product\/8786","targetHints":{"allow":["GET"]}}],"collection":[{"href":"https:\/\/www.thegoldengoddess.net\/sr\/wp-json\/wp\/v2\/product"}],"about":[{"href":"https:\/\/www.thegoldengoddess.net\/sr\/wp-json\/wp\/v2\/types\/product"}],"replies":[{"embeddable":true,"href":"https:\/\/www.thegoldengoddess.net\/sr\/wp-json\/wp\/v2\/comments?post=8786"}],"wp:featuredmedia":[{"embeddable":true,"href":"https:\/\/www.thegoldengoddess.net\/sr\/wp-json\/wp\/v2\/media\/8947"}],"wp:attachment":[{"href":"https:\/\/www.thegoldengoddess.net\/sr\/wp-json\/wp\/v2\/media?parent=8786"}],"wp:term":[{"taxonomy":"product_brand","embeddable":true,"href":"https:\/\/www.thegoldengoddess.net\/sr\/wp-json\/wp\/v2\/product_brand?post=8786"},{"taxonomy":"product_cat","embeddable":true,"href":"https:\/\/www.thegoldengoddess.net\/sr\/wp-json\/wp\/v2\/product_cat?post=8786"},{"taxonomy":"product_tag","embeddable":true,"href":"https:\/\/www.thegoldengoddess.net\/sr\/wp-json\/wp\/v2\/product_tag?post=8786"}],"curies":[{"name":"wp","href":"https:\/\/api.w.org\/{rel}","templated":true}]}}