{"id":8784,"date":"2020-05-22T09:40:20","date_gmt":"2020-05-22T09:40:20","guid":{"rendered":"https:\/\/www.thegoldengoddess.net\/?post_type=product&#038;p=8784"},"modified":"2021-04-14T15:51:11","modified_gmt":"2021-04-14T15:51:11","slug":"piling-sapun","status":"publish","type":"product","link":"https:\/\/www.thegoldengoddess.net\/sr\/shop\/nega-tela\/piling-sapun\/","title":{"rendered":"Piling sapun"},"content":{"rendered":"","protected":false},"excerpt":{"rendered":"<p>Ne\u017ean sapun za dubinsko \u010di\u0161\u0107enje ko\u017ee sa savr\u0161enom kombinacijom najkvalitetnih ulja, putera i prirodne tusah svile.<br \/>\nZahvaljuju\u0107i bogatoj koli\u010dini aktivnog uglja, uklanja mrtve \u0107elije sa povr\u0161ine i omogu\u0107ava hranljivim sastojcima da prodru u ko\u017eu.<br \/>\nPoma\u017ee uklanjanju ne\u010disto\u0107a i toksina, pove\u0107ava elasti\u010dnost ko\u017ee, \u010dini je glatkom i osve\u017eava ten.<br \/>\nNa\u0161 piling sapun je dovoljno blag da ga mo\u017eete koristiti svaki dan.<br \/>\nMiris je bo\u017eanstveno opojan i poti\u010de od najkvalitetnijeg kakao apsoluta, same prirodne mirisne esencije kakaovog zrna.<\/p>\n<p>Savet za upotrebu: Sapun nakon kori\u0161\u0107enja \u010duvati na suvom i oceditom mestu.<\/p>\n<p>100% prirodan.<\/p>\n<p>Sastav: Saponifikovane masne kiseline: ulja masline, ulja palme, ulja kokosa, \u0161ea putera, kakao putera, ulja ricinusa. Glicerin, aktivni ugalj,\u00a0 svila, eteri\u010dno ulje, destilovana voda.<\/p>\n<p>Napomena: Na\u0161i proizvodi su klini\u010dki ispitani u akreditovanoj laboratoriji i poseduju izve\u0161taj o zdravstvenoj ispravnosti.<\/p>\n","protected":false},"featured_media":9081,"comment_status":"open","ping_status":"closed","template":"","meta":{"_acf_changed":false},"product_brand":[],"product_cat":[81],"product_tag":[],"class_list":{"0":"post-8784","1":"product","2":"type-product","3":"status-publish","4":"has-post-thumbnail","6":"product_cat-nega-tela","8":"first","9":"instock","10":"featured","11":"shipping-taxable","12":"purchasable","13":"product-type-simple"},"acf":[],"yoast_head":"<!-- This site is optimized with the Yoast SEO plugin v27.4 - https:\/\/yoast.com\/product\/yoast-seo-wordpress\/ -->\n<title>Piling sapun - The Golden Goddess<\/title>\n<meta name=\"description\" content=\"Na\u0161 ne\u017ean Piling sapun za dubinsko \u010di\u0161\u0107enje ko\u017ee sa savr\u0161enom kombinacijom najkvalitetnih ulja, putera i prirodne tusah svile. Mo\u017ee se koristiti svaki dan.\" \/>\n<meta name=\"robots\" content=\"index, follow, max-snippet:-1, max-image-preview:large, max-video-preview:-1\" \/>\n<link rel=\"canonical\" href=\"https:\/\/www.thegoldengoddess.net\/sr\/shop\/nega-tela\/piling-sapun\/\" \/>\n<meta property=\"og:locale\" content=\"sr_RS\" \/>\n<meta property=\"og:type\" content=\"article\" \/>\n<meta property=\"og:title\" content=\"Piling sapun - The Golden Goddess\" \/>\n<meta property=\"og:description\" content=\"Na\u0161 ne\u017ean Piling sapun za dubinsko \u010di\u0161\u0107enje ko\u017ee sa savr\u0161enom kombinacijom najkvalitetnih ulja, putera i prirodne tusah svile. Mo\u017ee se koristiti svaki dan.\" \/>\n<meta property=\"og:url\" content=\"https:\/\/www.thegoldengoddess.net\/sr\/shop\/nega-tela\/piling-sapun\/\" \/>\n<meta property=\"og:site_name\" content=\"The Golden Goddess\" \/>\n<meta property=\"article:modified_time\" content=\"2021-04-14T15:51:11+00:00\" \/>\n<meta property=\"og:image\" content=\"https:\/\/www.thegoldengoddess.net\/wp-content\/uploads\/2020\/05\/Piling-sapun-600p-min.jpg\" \/>\n\t<meta property=\"og:image:width\" content=\"600\" \/>\n\t<meta property=\"og:image:height\" content=\"600\" \/>\n\t<meta property=\"og:image:type\" content=\"image\/jpeg\" \/>\n<meta name=\"twitter:card\" content=\"summary_large_image\" \/>\n<script type=\"application\/ld+json\" class=\"yoast-schema-graph\">{\"@context\":\"https:\\\/\\\/schema.org\",\"@graph\":[{\"@type\":\"WebPage\",\"@id\":\"https:\\\/\\\/www.thegoldengoddess.net\\\/sr\\\/shop\\\/nega-tela\\\/piling-sapun\\\/\",\"url\":\"https:\\\/\\\/www.thegoldengoddess.net\\\/sr\\\/shop\\\/nega-tela\\\/piling-sapun\\\/\",\"name\":\"Piling sapun - The Golden Goddess\",\"isPartOf\":{\"@id\":\"https:\\\/\\\/www.thegoldengoddess.net\\\/#website\"},\"primaryImageOfPage\":{\"@id\":\"https:\\\/\\\/www.thegoldengoddess.net\\\/sr\\\/shop\\\/nega-tela\\\/piling-sapun\\\/#primaryimage\"},\"image\":{\"@id\":\"https:\\\/\\\/www.thegoldengoddess.net\\\/sr\\\/shop\\\/nega-tela\\\/piling-sapun\\\/#primaryimage\"},\"thumbnailUrl\":\"https:\\\/\\\/www.thegoldengoddess.net\\\/wp-content\\\/uploads\\\/2020\\\/05\\\/Piling-sapun-600p-min.jpg\",\"datePublished\":\"2020-05-22T09:40:20+00:00\",\"dateModified\":\"2021-04-14T15:51:11+00:00\",\"description\":\"Na\u0161 ne\u017ean Piling sapun za dubinsko \u010di\u0161\u0107enje ko\u017ee sa savr\u0161enom kombinacijom najkvalitetnih ulja, putera i prirodne tusah svile. Mo\u017ee se koristiti svaki dan.\",\"breadcrumb\":{\"@id\":\"https:\\\/\\\/www.thegoldengoddess.net\\\/sr\\\/shop\\\/nega-tela\\\/piling-sapun\\\/#breadcrumb\"},\"inLanguage\":\"sr-RS\",\"potentialAction\":[{\"@type\":\"ReadAction\",\"target\":[\"https:\\\/\\\/www.thegoldengoddess.net\\\/sr\\\/shop\\\/nega-tela\\\/piling-sapun\\\/\"]}]},{\"@type\":\"ImageObject\",\"inLanguage\":\"sr-RS\",\"@id\":\"https:\\\/\\\/www.thegoldengoddess.net\\\/sr\\\/shop\\\/nega-tela\\\/piling-sapun\\\/#primaryimage\",\"url\":\"https:\\\/\\\/www.thegoldengoddess.net\\\/wp-content\\\/uploads\\\/2020\\\/05\\\/Piling-sapun-600p-min.jpg\",\"contentUrl\":\"https:\\\/\\\/www.thegoldengoddess.net\\\/wp-content\\\/uploads\\\/2020\\\/05\\\/Piling-sapun-600p-min.jpg\",\"width\":600,\"height\":600,\"caption\":\"piling sapun i bela kutija sa za golden goddess zlatnim logom\"},{\"@type\":\"BreadcrumbList\",\"@id\":\"https:\\\/\\\/www.thegoldengoddess.net\\\/sr\\\/shop\\\/nega-tela\\\/piling-sapun\\\/#breadcrumb\",\"itemListElement\":[{\"@type\":\"ListItem\",\"position\":1,\"name\":\"Home\",\"item\":\"https:\\\/\\\/www.thegoldengoddess.net\\\/sr\\\/\"},{\"@type\":\"ListItem\",\"position\":2,\"name\":\"Prodavnica\",\"item\":\"https:\\\/\\\/www.thegoldengoddess.net\\\/sr\\\/prodavnica\\\/\"},{\"@type\":\"ListItem\",\"position\":3,\"name\":\"Piling sapun\"}]},{\"@type\":\"WebSite\",\"@id\":\"https:\\\/\\\/www.thegoldengoddess.net\\\/#website\",\"url\":\"https:\\\/\\\/www.thegoldengoddess.net\\\/\",\"name\":\"The Golden Goddess\",\"description\":\"The highest quality natural hair products\",\"potentialAction\":[{\"@type\":\"SearchAction\",\"target\":{\"@type\":\"EntryPoint\",\"urlTemplate\":\"https:\\\/\\\/www.thegoldengoddess.net\\\/?s={search_term_string}\"},\"query-input\":{\"@type\":\"PropertyValueSpecification\",\"valueRequired\":true,\"valueName\":\"search_term_string\"}}],\"inLanguage\":\"sr-RS\"}]}<\/script>\n<!-- \/ Yoast SEO plugin. -->","yoast_head_json":{"title":"Piling sapun - The Golden Goddess","description":"Na\u0161 ne\u017ean Piling sapun za dubinsko \u010di\u0161\u0107enje ko\u017ee sa savr\u0161enom kombinacijom najkvalitetnih ulja, putera i prirodne tusah svile. Mo\u017ee se koristiti svaki dan.","robots":{"index":"index","follow":"follow","max-snippet":"max-snippet:-1","max-image-preview":"max-image-preview:large","max-video-preview":"max-video-preview:-1"},"canonical":"https:\/\/www.thegoldengoddess.net\/sr\/shop\/nega-tela\/piling-sapun\/","og_locale":"sr_RS","og_type":"article","og_title":"Piling sapun - The Golden Goddess","og_description":"Na\u0161 ne\u017ean Piling sapun za dubinsko \u010di\u0161\u0107enje ko\u017ee sa savr\u0161enom kombinacijom najkvalitetnih ulja, putera i prirodne tusah svile. Mo\u017ee se koristiti svaki dan.","og_url":"https:\/\/www.thegoldengoddess.net\/sr\/shop\/nega-tela\/piling-sapun\/","og_site_name":"The Golden Goddess","article_modified_time":"2021-04-14T15:51:11+00:00","og_image":[{"width":600,"height":600,"url":"https:\/\/www.thegoldengoddess.net\/wp-content\/uploads\/2020\/05\/Piling-sapun-600p-min.jpg","type":"image\/jpeg"}],"twitter_card":"summary_large_image","schema":{"@context":"https:\/\/schema.org","@graph":[{"@type":"WebPage","@id":"https:\/\/www.thegoldengoddess.net\/sr\/shop\/nega-tela\/piling-sapun\/","url":"https:\/\/www.thegoldengoddess.net\/sr\/shop\/nega-tela\/piling-sapun\/","name":"Piling sapun - The Golden Goddess","isPartOf":{"@id":"https:\/\/www.thegoldengoddess.net\/#website"},"primaryImageOfPage":{"@id":"https:\/\/www.thegoldengoddess.net\/sr\/shop\/nega-tela\/piling-sapun\/#primaryimage"},"image":{"@id":"https:\/\/www.thegoldengoddess.net\/sr\/shop\/nega-tela\/piling-sapun\/#primaryimage"},"thumbnailUrl":"https:\/\/www.thegoldengoddess.net\/wp-content\/uploads\/2020\/05\/Piling-sapun-600p-min.jpg","datePublished":"2020-05-22T09:40:20+00:00","dateModified":"2021-04-14T15:51:11+00:00","description":"Na\u0161 ne\u017ean Piling sapun za dubinsko \u010di\u0161\u0107enje ko\u017ee sa savr\u0161enom kombinacijom najkvalitetnih ulja, putera i prirodne tusah svile. Mo\u017ee se koristiti svaki dan.","breadcrumb":{"@id":"https:\/\/www.thegoldengoddess.net\/sr\/shop\/nega-tela\/piling-sapun\/#breadcrumb"},"inLanguage":"sr-RS","potentialAction":[{"@type":"ReadAction","target":["https:\/\/www.thegoldengoddess.net\/sr\/shop\/nega-tela\/piling-sapun\/"]}]},{"@type":"ImageObject","inLanguage":"sr-RS","@id":"https:\/\/www.thegoldengoddess.net\/sr\/shop\/nega-tela\/piling-sapun\/#primaryimage","url":"https:\/\/www.thegoldengoddess.net\/wp-content\/uploads\/2020\/05\/Piling-sapun-600p-min.jpg","contentUrl":"https:\/\/www.thegoldengoddess.net\/wp-content\/uploads\/2020\/05\/Piling-sapun-600p-min.jpg","width":600,"height":600,"caption":"piling sapun i bela kutija sa za golden goddess zlatnim logom"},{"@type":"BreadcrumbList","@id":"https:\/\/www.thegoldengoddess.net\/sr\/shop\/nega-tela\/piling-sapun\/#breadcrumb","itemListElement":[{"@type":"ListItem","position":1,"name":"Home","item":"https:\/\/www.thegoldengoddess.net\/sr\/"},{"@type":"ListItem","position":2,"name":"Prodavnica","item":"https:\/\/www.thegoldengoddess.net\/sr\/prodavnica\/"},{"@type":"ListItem","position":3,"name":"Piling sapun"}]},{"@type":"WebSite","@id":"https:\/\/www.thegoldengoddess.net\/#website","url":"https:\/\/www.thegoldengoddess.net\/","name":"The Golden Goddess","description":"The highest quality natural hair products","potentialAction":[{"@type":"SearchAction","target":{"@type":"EntryPoint","urlTemplate":"https:\/\/www.thegoldengoddess.net\/?s={search_term_string}"},"query-input":{"@type":"PropertyValueSpecification","valueRequired":true,"valueName":"search_term_string"}}],"inLanguage":"sr-RS"}]}},"_links":{"self":[{"href":"https:\/\/www.thegoldengoddess.net\/sr\/wp-json\/wp\/v2\/product\/8784","targetHints":{"allow":["GET"]}}],"collection":[{"href":"https:\/\/www.thegoldengoddess.net\/sr\/wp-json\/wp\/v2\/product"}],"about":[{"href":"https:\/\/www.thegoldengoddess.net\/sr\/wp-json\/wp\/v2\/types\/product"}],"replies":[{"embeddable":true,"href":"https:\/\/www.thegoldengoddess.net\/sr\/wp-json\/wp\/v2\/comments?post=8784"}],"wp:featuredmedia":[{"embeddable":true,"href":"https:\/\/www.thegoldengoddess.net\/sr\/wp-json\/wp\/v2\/media\/9081"}],"wp:attachment":[{"href":"https:\/\/www.thegoldengoddess.net\/sr\/wp-json\/wp\/v2\/media?parent=8784"}],"wp:term":[{"taxonomy":"product_brand","embeddable":true,"href":"https:\/\/www.thegoldengoddess.net\/sr\/wp-json\/wp\/v2\/product_brand?post=8784"},{"taxonomy":"product_cat","embeddable":true,"href":"https:\/\/www.thegoldengoddess.net\/sr\/wp-json\/wp\/v2\/product_cat?post=8784"},{"taxonomy":"product_tag","embeddable":true,"href":"https:\/\/www.thegoldengoddess.net\/sr\/wp-json\/wp\/v2\/product_tag?post=8784"}],"curies":[{"name":"wp","href":"https:\/\/api.w.org\/{rel}","templated":true}]}}