{"id":8780,"date":"2020-05-22T09:24:50","date_gmt":"2020-05-22T09:24:50","guid":{"rendered":"https:\/\/www.thegoldengoddess.net\/?post_type=product&#038;p=8780"},"modified":"2021-04-16T09:15:14","modified_gmt":"2021-04-16T09:15:14","slug":"krema-za-ruke-i-telo","status":"publish","type":"product","link":"https:\/\/www.thegoldengoddess.net\/sr\/shop\/nega-tela\/krema-za-ruke-i-telo\/","title":{"rendered":"Krema za ruke i telo"},"content":{"rendered":"","protected":false},"excerpt":{"rendered":"<p>Na\u0161a 100% prirodna krema za ruke i telo je veoma hranljiva, lagana, brzoupijaju\u0107a i za\u0161titna. Vra\u0107a tonus i vitalnost ko\u017ei, obnavlja o\u0161te\u0107ene \u0107elije i poja\u010dava mikrocirkulaciju.<br \/>\nBogata gamalinoleinskom kiselinom, neophodnom za zdravlje ko\u017ee, ova krema \u0107e biti va\u0161 svakodnevni saveznik u nezi.<br \/>\nBogatstvom svoje formulacije i neodovljivim eteri\u010dnim uljem vanile, oporavi\u0107e va\u0161u ko\u017eu veoma brzo i o\u010darati sva va\u0161a \u010dula. Nakon nano\u0161enja ko\u017ea ostaje meka i svilenkasta na dodir.<\/p>\n<p>Sastav: Hidrolat kamilice, aloe vera, fitokrem, ulje jojobe, ulje konoplje, ulje \u017eutog no\u0107urka, ulje badema, skvalan, filtrat jogurta, gel crvenih algi, koko-kaprilat, pantenol, natrijum PCS, natrijum laktat, vitamin E, bisabolol, eteri\u010dno ulje, glukonolakton, natrijum benzoat, kalcijum glukonat, alantoin.<\/p>\n<p>Napomena: Na\u0161i proizvodi su klini\u010dki ispitani u akreditovanoj laboratoriji i poseduju izve\u0161taj o zdravstvenoj ispravnosti.<\/p>\n","protected":false},"featured_media":8951,"comment_status":"open","ping_status":"closed","template":"","meta":{"_acf_changed":false},"product_brand":[],"product_cat":[81],"product_tag":[],"class_list":{"0":"post-8780","1":"product","2":"type-product","3":"status-publish","4":"has-post-thumbnail","6":"product_cat-nega-tela","8":"first","9":"instock","10":"featured","11":"shipping-taxable","12":"purchasable","13":"product-type-simple"},"acf":[],"yoast_head":"<!-- This site is optimized with the Yoast SEO plugin v27.4 - https:\/\/yoast.com\/product\/yoast-seo-wordpress\/ -->\n<title>Krema za ruke i telo - The Golden Goddess<\/title>\n<meta name=\"description\" content=\"Na\u0161a prirodna krema za ruke i telo je hranljiva, lagana,brzoupijaju\u0107a i za\u0161titna.Vra\u0107a vitalnost ko\u017ei, obnavlja o\u0161te\u0107ene \u0107elije i poja\u010dava mikrocirkulaciju.\" \/>\n<meta name=\"robots\" content=\"index, follow, max-snippet:-1, max-image-preview:large, max-video-preview:-1\" \/>\n<link rel=\"canonical\" href=\"https:\/\/www.thegoldengoddess.net\/sr\/shop\/nega-tela\/krema-za-ruke-i-telo\/\" \/>\n<meta property=\"og:locale\" content=\"sr_RS\" \/>\n<meta property=\"og:type\" content=\"article\" \/>\n<meta property=\"og:title\" content=\"Krema za ruke i telo - The Golden Goddess\" \/>\n<meta property=\"og:description\" content=\"Na\u0161a prirodna krema za ruke i telo je hranljiva, lagana,brzoupijaju\u0107a i za\u0161titna.Vra\u0107a vitalnost ko\u017ei, obnavlja o\u0161te\u0107ene \u0107elije i poja\u010dava mikrocirkulaciju.\" \/>\n<meta property=\"og:url\" content=\"https:\/\/www.thegoldengoddess.net\/sr\/shop\/nega-tela\/krema-za-ruke-i-telo\/\" \/>\n<meta property=\"og:site_name\" content=\"The Golden Goddess\" \/>\n<meta property=\"article:modified_time\" content=\"2021-04-16T09:15:14+00:00\" \/>\n<meta property=\"og:image\" content=\"https:\/\/www.thegoldengoddess.net\/wp-content\/uploads\/2020\/05\/Krema-lice-ruke-telo-600p-min.jpg\" \/>\n\t<meta property=\"og:image:width\" content=\"600\" \/>\n\t<meta property=\"og:image:height\" content=\"600\" \/>\n\t<meta property=\"og:image:type\" content=\"image\/jpeg\" \/>\n<meta name=\"twitter:card\" content=\"summary_large_image\" \/>\n<script type=\"application\/ld+json\" class=\"yoast-schema-graph\">{\"@context\":\"https:\\\/\\\/schema.org\",\"@graph\":[{\"@type\":\"WebPage\",\"@id\":\"https:\\\/\\\/www.thegoldengoddess.net\\\/sr\\\/shop\\\/nega-tela\\\/krema-za-ruke-i-telo\\\/\",\"url\":\"https:\\\/\\\/www.thegoldengoddess.net\\\/sr\\\/shop\\\/nega-tela\\\/krema-za-ruke-i-telo\\\/\",\"name\":\"Krema za ruke i telo - The Golden Goddess\",\"isPartOf\":{\"@id\":\"https:\\\/\\\/www.thegoldengoddess.net\\\/#website\"},\"primaryImageOfPage\":{\"@id\":\"https:\\\/\\\/www.thegoldengoddess.net\\\/sr\\\/shop\\\/nega-tela\\\/krema-za-ruke-i-telo\\\/#primaryimage\"},\"image\":{\"@id\":\"https:\\\/\\\/www.thegoldengoddess.net\\\/sr\\\/shop\\\/nega-tela\\\/krema-za-ruke-i-telo\\\/#primaryimage\"},\"thumbnailUrl\":\"https:\\\/\\\/www.thegoldengoddess.net\\\/wp-content\\\/uploads\\\/2020\\\/05\\\/Krema-lice-ruke-telo-600p-min.jpg\",\"datePublished\":\"2020-05-22T09:24:50+00:00\",\"dateModified\":\"2021-04-16T09:15:14+00:00\",\"description\":\"Na\u0161a prirodna krema za ruke i telo je hranljiva, lagana,brzoupijaju\u0107a i za\u0161titna.Vra\u0107a vitalnost ko\u017ei, obnavlja o\u0161te\u0107ene \u0107elije i poja\u010dava mikrocirkulaciju.\",\"breadcrumb\":{\"@id\":\"https:\\\/\\\/www.thegoldengoddess.net\\\/sr\\\/shop\\\/nega-tela\\\/krema-za-ruke-i-telo\\\/#breadcrumb\"},\"inLanguage\":\"sr-RS\",\"potentialAction\":[{\"@type\":\"ReadAction\",\"target\":[\"https:\\\/\\\/www.thegoldengoddess.net\\\/sr\\\/shop\\\/nega-tela\\\/krema-za-ruke-i-telo\\\/\"]}]},{\"@type\":\"ImageObject\",\"inLanguage\":\"sr-RS\",\"@id\":\"https:\\\/\\\/www.thegoldengoddess.net\\\/sr\\\/shop\\\/nega-tela\\\/krema-za-ruke-i-telo\\\/#primaryimage\",\"url\":\"https:\\\/\\\/www.thegoldengoddess.net\\\/wp-content\\\/uploads\\\/2020\\\/05\\\/Krema-lice-ruke-telo-600p-min.jpg\",\"contentUrl\":\"https:\\\/\\\/www.thegoldengoddess.net\\\/wp-content\\\/uploads\\\/2020\\\/05\\\/Krema-lice-ruke-telo-600p-min.jpg\",\"width\":600,\"height\":600,\"caption\":\"krema za ruke i telo the golden goddess\"},{\"@type\":\"BreadcrumbList\",\"@id\":\"https:\\\/\\\/www.thegoldengoddess.net\\\/sr\\\/shop\\\/nega-tela\\\/krema-za-ruke-i-telo\\\/#breadcrumb\",\"itemListElement\":[{\"@type\":\"ListItem\",\"position\":1,\"name\":\"Home\",\"item\":\"https:\\\/\\\/www.thegoldengoddess.net\\\/sr\\\/\"},{\"@type\":\"ListItem\",\"position\":2,\"name\":\"Prodavnica\",\"item\":\"https:\\\/\\\/www.thegoldengoddess.net\\\/sr\\\/prodavnica\\\/\"},{\"@type\":\"ListItem\",\"position\":3,\"name\":\"Krema za ruke i telo\"}]},{\"@type\":\"WebSite\",\"@id\":\"https:\\\/\\\/www.thegoldengoddess.net\\\/#website\",\"url\":\"https:\\\/\\\/www.thegoldengoddess.net\\\/\",\"name\":\"The Golden Goddess\",\"description\":\"The highest quality natural hair products\",\"potentialAction\":[{\"@type\":\"SearchAction\",\"target\":{\"@type\":\"EntryPoint\",\"urlTemplate\":\"https:\\\/\\\/www.thegoldengoddess.net\\\/?s={search_term_string}\"},\"query-input\":{\"@type\":\"PropertyValueSpecification\",\"valueRequired\":true,\"valueName\":\"search_term_string\"}}],\"inLanguage\":\"sr-RS\"}]}<\/script>\n<!-- \/ Yoast SEO plugin. -->","yoast_head_json":{"title":"Krema za ruke i telo - The Golden Goddess","description":"Na\u0161a prirodna krema za ruke i telo je hranljiva, lagana,brzoupijaju\u0107a i za\u0161titna.Vra\u0107a vitalnost ko\u017ei, obnavlja o\u0161te\u0107ene \u0107elije i poja\u010dava mikrocirkulaciju.","robots":{"index":"index","follow":"follow","max-snippet":"max-snippet:-1","max-image-preview":"max-image-preview:large","max-video-preview":"max-video-preview:-1"},"canonical":"https:\/\/www.thegoldengoddess.net\/sr\/shop\/nega-tela\/krema-za-ruke-i-telo\/","og_locale":"sr_RS","og_type":"article","og_title":"Krema za ruke i telo - The Golden Goddess","og_description":"Na\u0161a prirodna krema za ruke i telo je hranljiva, lagana,brzoupijaju\u0107a i za\u0161titna.Vra\u0107a vitalnost ko\u017ei, obnavlja o\u0161te\u0107ene \u0107elije i poja\u010dava mikrocirkulaciju.","og_url":"https:\/\/www.thegoldengoddess.net\/sr\/shop\/nega-tela\/krema-za-ruke-i-telo\/","og_site_name":"The Golden Goddess","article_modified_time":"2021-04-16T09:15:14+00:00","og_image":[{"width":600,"height":600,"url":"https:\/\/www.thegoldengoddess.net\/wp-content\/uploads\/2020\/05\/Krema-lice-ruke-telo-600p-min.jpg","type":"image\/jpeg"}],"twitter_card":"summary_large_image","schema":{"@context":"https:\/\/schema.org","@graph":[{"@type":"WebPage","@id":"https:\/\/www.thegoldengoddess.net\/sr\/shop\/nega-tela\/krema-za-ruke-i-telo\/","url":"https:\/\/www.thegoldengoddess.net\/sr\/shop\/nega-tela\/krema-za-ruke-i-telo\/","name":"Krema za ruke i telo - The Golden Goddess","isPartOf":{"@id":"https:\/\/www.thegoldengoddess.net\/#website"},"primaryImageOfPage":{"@id":"https:\/\/www.thegoldengoddess.net\/sr\/shop\/nega-tela\/krema-za-ruke-i-telo\/#primaryimage"},"image":{"@id":"https:\/\/www.thegoldengoddess.net\/sr\/shop\/nega-tela\/krema-za-ruke-i-telo\/#primaryimage"},"thumbnailUrl":"https:\/\/www.thegoldengoddess.net\/wp-content\/uploads\/2020\/05\/Krema-lice-ruke-telo-600p-min.jpg","datePublished":"2020-05-22T09:24:50+00:00","dateModified":"2021-04-16T09:15:14+00:00","description":"Na\u0161a prirodna krema za ruke i telo je hranljiva, lagana,brzoupijaju\u0107a i za\u0161titna.Vra\u0107a vitalnost ko\u017ei, obnavlja o\u0161te\u0107ene \u0107elije i poja\u010dava mikrocirkulaciju.","breadcrumb":{"@id":"https:\/\/www.thegoldengoddess.net\/sr\/shop\/nega-tela\/krema-za-ruke-i-telo\/#breadcrumb"},"inLanguage":"sr-RS","potentialAction":[{"@type":"ReadAction","target":["https:\/\/www.thegoldengoddess.net\/sr\/shop\/nega-tela\/krema-za-ruke-i-telo\/"]}]},{"@type":"ImageObject","inLanguage":"sr-RS","@id":"https:\/\/www.thegoldengoddess.net\/sr\/shop\/nega-tela\/krema-za-ruke-i-telo\/#primaryimage","url":"https:\/\/www.thegoldengoddess.net\/wp-content\/uploads\/2020\/05\/Krema-lice-ruke-telo-600p-min.jpg","contentUrl":"https:\/\/www.thegoldengoddess.net\/wp-content\/uploads\/2020\/05\/Krema-lice-ruke-telo-600p-min.jpg","width":600,"height":600,"caption":"krema za ruke i telo the golden goddess"},{"@type":"BreadcrumbList","@id":"https:\/\/www.thegoldengoddess.net\/sr\/shop\/nega-tela\/krema-za-ruke-i-telo\/#breadcrumb","itemListElement":[{"@type":"ListItem","position":1,"name":"Home","item":"https:\/\/www.thegoldengoddess.net\/sr\/"},{"@type":"ListItem","position":2,"name":"Prodavnica","item":"https:\/\/www.thegoldengoddess.net\/sr\/prodavnica\/"},{"@type":"ListItem","position":3,"name":"Krema za ruke i telo"}]},{"@type":"WebSite","@id":"https:\/\/www.thegoldengoddess.net\/#website","url":"https:\/\/www.thegoldengoddess.net\/","name":"The Golden Goddess","description":"The highest quality natural hair products","potentialAction":[{"@type":"SearchAction","target":{"@type":"EntryPoint","urlTemplate":"https:\/\/www.thegoldengoddess.net\/?s={search_term_string}"},"query-input":{"@type":"PropertyValueSpecification","valueRequired":true,"valueName":"search_term_string"}}],"inLanguage":"sr-RS"}]}},"_links":{"self":[{"href":"https:\/\/www.thegoldengoddess.net\/sr\/wp-json\/wp\/v2\/product\/8780","targetHints":{"allow":["GET"]}}],"collection":[{"href":"https:\/\/www.thegoldengoddess.net\/sr\/wp-json\/wp\/v2\/product"}],"about":[{"href":"https:\/\/www.thegoldengoddess.net\/sr\/wp-json\/wp\/v2\/types\/product"}],"replies":[{"embeddable":true,"href":"https:\/\/www.thegoldengoddess.net\/sr\/wp-json\/wp\/v2\/comments?post=8780"}],"wp:featuredmedia":[{"embeddable":true,"href":"https:\/\/www.thegoldengoddess.net\/sr\/wp-json\/wp\/v2\/media\/8951"}],"wp:attachment":[{"href":"https:\/\/www.thegoldengoddess.net\/sr\/wp-json\/wp\/v2\/media?parent=8780"}],"wp:term":[{"taxonomy":"product_brand","embeddable":true,"href":"https:\/\/www.thegoldengoddess.net\/sr\/wp-json\/wp\/v2\/product_brand?post=8780"},{"taxonomy":"product_cat","embeddable":true,"href":"https:\/\/www.thegoldengoddess.net\/sr\/wp-json\/wp\/v2\/product_cat?post=8780"},{"taxonomy":"product_tag","embeddable":true,"href":"https:\/\/www.thegoldengoddess.net\/sr\/wp-json\/wp\/v2\/product_tag?post=8780"}],"curies":[{"name":"wp","href":"https:\/\/api.w.org\/{rel}","templated":true}]}}