{"id":8778,"date":"2020-05-22T09:17:08","date_gmt":"2020-05-22T09:17:08","guid":{"rendered":"https:\/\/www.thegoldengoddess.net\/?post_type=product&#038;p=8778"},"modified":"2021-04-16T09:17:41","modified_gmt":"2021-04-16T09:17:41","slug":"sea-salt-sprej","status":"publish","type":"product","link":"https:\/\/www.thegoldengoddess.net\/sr\/shop\/nega-kose\/sea-salt-sprej\/","title":{"rendered":"Sea Salt sprej"},"content":{"rendered":"","protected":false},"excerpt":{"rendered":"<p>\u017delite frizuru kao da ste ceo dan proveli na pla\u017ei?<br \/>\nNa\u0161 Sea Salt sprej \u010dini va\u0161u kosu talasastom, daje joj volumen i neverovatnu teksturu.<br \/>\nIma\u0107ete taj neverovatan izgled svaki dan, bez odlaska na pla\u017eu!<br \/>\nSpojili smo blagodeti morske vode, pro\u010di\u0161\u0107avaju\u0107i efekat gline i lekovitosti hidrolata ru\u017ee i aloja vere, dok proteini svile \u010dine va\u0161u kosu mekom, hidriranom i zdravom.<br \/>\nSavr\u0161en za kosu koja se brzo masti.<\/p>\n<p>Na\u010din upotrebe: Dobro promu\u0107kajte pre upotrebe. Na vla\u017enu ili suvu kosu nanesite direktno ili rasporedite rukama od temena do korena vlasi. Pustite va\u0161u kosu da se prirodno osu\u0161i, ili je osu\u0161ite fenom.<\/p>\n<p>100% prirodan.<\/p>\n<p>Sastav: Destilovana voda, aloe vera, hidrolat ru\u017ee, magnezijum sulfat, morska so, kaolin glina, glicerin, hidrolizovana svila, glukonolakton, natrijum benzoat, kalcijum glukonat.<\/p>\n<p>Napomena: Na\u0161i proizvodi su klini\u010dki ispitani u akreditovanoj laboratoriji i poseduju izve\u0161taj o zdravstvenoj ispravnosti.<\/p>\n","protected":false},"featured_media":8955,"comment_status":"open","ping_status":"closed","template":"","meta":{"_acf_changed":false},"product_brand":[],"product_cat":[83],"product_tag":[],"class_list":{"0":"post-8778","1":"product","2":"type-product","3":"status-publish","4":"has-post-thumbnail","6":"product_cat-nega-kose","8":"first","9":"instock","10":"featured","11":"shipping-taxable","12":"purchasable","13":"product-type-simple"},"acf":[],"yoast_head":"<!-- This site is optimized with the Yoast SEO plugin v27.4 - https:\/\/yoast.com\/product\/yoast-seo-wordpress\/ -->\n<title>Sea Salt Sprej - The Golden Goddess<\/title>\n<meta name=\"description\" content=\"The Golden Godess Sea Salt sprej \u010dini va\u0161u kosu talasastom, daje joj volumen i neverovatnu teksturu, savr\u0161en za kosu koja se brzo masti.\" \/>\n<meta name=\"robots\" content=\"index, follow, max-snippet:-1, max-image-preview:large, max-video-preview:-1\" \/>\n<link rel=\"canonical\" href=\"https:\/\/www.thegoldengoddess.net\/sr\/shop\/nega-kose\/sea-salt-sprej\/\" \/>\n<meta property=\"og:locale\" content=\"sr_RS\" \/>\n<meta property=\"og:type\" content=\"article\" \/>\n<meta property=\"og:title\" content=\"Sea Salt Sprej - The Golden Goddess\" \/>\n<meta property=\"og:description\" content=\"The Golden Godess Sea Salt sprej \u010dini va\u0161u kosu talasastom, daje joj volumen i neverovatnu teksturu, savr\u0161en za kosu koja se brzo masti.\" \/>\n<meta property=\"og:url\" content=\"https:\/\/www.thegoldengoddess.net\/sr\/shop\/nega-kose\/sea-salt-sprej\/\" \/>\n<meta property=\"og:site_name\" content=\"The Golden Goddess\" \/>\n<meta property=\"article:modified_time\" content=\"2021-04-16T09:17:41+00:00\" \/>\n<meta property=\"og:image\" content=\"https:\/\/www.thegoldengoddess.net\/wp-content\/uploads\/2020\/05\/Sea-Salt-sprej-600p-min.jpg\" \/>\n\t<meta property=\"og:image:width\" content=\"600\" \/>\n\t<meta property=\"og:image:height\" content=\"600\" \/>\n\t<meta property=\"og:image:type\" content=\"image\/jpeg\" \/>\n<meta name=\"twitter:card\" content=\"summary_large_image\" \/>\n<script type=\"application\/ld+json\" class=\"yoast-schema-graph\">{\"@context\":\"https:\\\/\\\/schema.org\",\"@graph\":[{\"@type\":\"WebPage\",\"@id\":\"https:\\\/\\\/www.thegoldengoddess.net\\\/sr\\\/shop\\\/nega-kose\\\/sea-salt-sprej\\\/\",\"url\":\"https:\\\/\\\/www.thegoldengoddess.net\\\/sr\\\/shop\\\/nega-kose\\\/sea-salt-sprej\\\/\",\"name\":\"Sea Salt Sprej - The Golden Goddess\",\"isPartOf\":{\"@id\":\"https:\\\/\\\/www.thegoldengoddess.net\\\/#website\"},\"primaryImageOfPage\":{\"@id\":\"https:\\\/\\\/www.thegoldengoddess.net\\\/sr\\\/shop\\\/nega-kose\\\/sea-salt-sprej\\\/#primaryimage\"},\"image\":{\"@id\":\"https:\\\/\\\/www.thegoldengoddess.net\\\/sr\\\/shop\\\/nega-kose\\\/sea-salt-sprej\\\/#primaryimage\"},\"thumbnailUrl\":\"https:\\\/\\\/www.thegoldengoddess.net\\\/wp-content\\\/uploads\\\/2020\\\/05\\\/Sea-Salt-sprej-600p-min.jpg\",\"datePublished\":\"2020-05-22T09:17:08+00:00\",\"dateModified\":\"2021-04-16T09:17:41+00:00\",\"description\":\"The Golden Godess Sea Salt sprej \u010dini va\u0161u kosu talasastom, daje joj volumen i neverovatnu teksturu, savr\u0161en za kosu koja se brzo masti.\",\"breadcrumb\":{\"@id\":\"https:\\\/\\\/www.thegoldengoddess.net\\\/sr\\\/shop\\\/nega-kose\\\/sea-salt-sprej\\\/#breadcrumb\"},\"inLanguage\":\"sr-RS\",\"potentialAction\":[{\"@type\":\"ReadAction\",\"target\":[\"https:\\\/\\\/www.thegoldengoddess.net\\\/sr\\\/shop\\\/nega-kose\\\/sea-salt-sprej\\\/\"]}]},{\"@type\":\"ImageObject\",\"inLanguage\":\"sr-RS\",\"@id\":\"https:\\\/\\\/www.thegoldengoddess.net\\\/sr\\\/shop\\\/nega-kose\\\/sea-salt-sprej\\\/#primaryimage\",\"url\":\"https:\\\/\\\/www.thegoldengoddess.net\\\/wp-content\\\/uploads\\\/2020\\\/05\\\/Sea-Salt-sprej-600p-min.jpg\",\"contentUrl\":\"https:\\\/\\\/www.thegoldengoddess.net\\\/wp-content\\\/uploads\\\/2020\\\/05\\\/Sea-Salt-sprej-600p-min.jpg\",\"width\":600,\"height\":600,\"caption\":\"sea salt sprej\"},{\"@type\":\"BreadcrumbList\",\"@id\":\"https:\\\/\\\/www.thegoldengoddess.net\\\/sr\\\/shop\\\/nega-kose\\\/sea-salt-sprej\\\/#breadcrumb\",\"itemListElement\":[{\"@type\":\"ListItem\",\"position\":1,\"name\":\"Home\",\"item\":\"https:\\\/\\\/www.thegoldengoddess.net\\\/sr\\\/\"},{\"@type\":\"ListItem\",\"position\":2,\"name\":\"Prodavnica\",\"item\":\"https:\\\/\\\/www.thegoldengoddess.net\\\/sr\\\/prodavnica\\\/\"},{\"@type\":\"ListItem\",\"position\":3,\"name\":\"Sea Salt sprej\"}]},{\"@type\":\"WebSite\",\"@id\":\"https:\\\/\\\/www.thegoldengoddess.net\\\/#website\",\"url\":\"https:\\\/\\\/www.thegoldengoddess.net\\\/\",\"name\":\"The Golden Goddess\",\"description\":\"The highest quality natural hair products\",\"potentialAction\":[{\"@type\":\"SearchAction\",\"target\":{\"@type\":\"EntryPoint\",\"urlTemplate\":\"https:\\\/\\\/www.thegoldengoddess.net\\\/?s={search_term_string}\"},\"query-input\":{\"@type\":\"PropertyValueSpecification\",\"valueRequired\":true,\"valueName\":\"search_term_string\"}}],\"inLanguage\":\"sr-RS\"}]}<\/script>\n<!-- \/ Yoast SEO plugin. -->","yoast_head_json":{"title":"Sea Salt Sprej - The Golden Goddess","description":"The Golden Godess Sea Salt sprej \u010dini va\u0161u kosu talasastom, daje joj volumen i neverovatnu teksturu, savr\u0161en za kosu koja se brzo masti.","robots":{"index":"index","follow":"follow","max-snippet":"max-snippet:-1","max-image-preview":"max-image-preview:large","max-video-preview":"max-video-preview:-1"},"canonical":"https:\/\/www.thegoldengoddess.net\/sr\/shop\/nega-kose\/sea-salt-sprej\/","og_locale":"sr_RS","og_type":"article","og_title":"Sea Salt Sprej - The Golden Goddess","og_description":"The Golden Godess Sea Salt sprej \u010dini va\u0161u kosu talasastom, daje joj volumen i neverovatnu teksturu, savr\u0161en za kosu koja se brzo masti.","og_url":"https:\/\/www.thegoldengoddess.net\/sr\/shop\/nega-kose\/sea-salt-sprej\/","og_site_name":"The Golden Goddess","article_modified_time":"2021-04-16T09:17:41+00:00","og_image":[{"width":600,"height":600,"url":"https:\/\/www.thegoldengoddess.net\/wp-content\/uploads\/2020\/05\/Sea-Salt-sprej-600p-min.jpg","type":"image\/jpeg"}],"twitter_card":"summary_large_image","schema":{"@context":"https:\/\/schema.org","@graph":[{"@type":"WebPage","@id":"https:\/\/www.thegoldengoddess.net\/sr\/shop\/nega-kose\/sea-salt-sprej\/","url":"https:\/\/www.thegoldengoddess.net\/sr\/shop\/nega-kose\/sea-salt-sprej\/","name":"Sea Salt Sprej - The Golden Goddess","isPartOf":{"@id":"https:\/\/www.thegoldengoddess.net\/#website"},"primaryImageOfPage":{"@id":"https:\/\/www.thegoldengoddess.net\/sr\/shop\/nega-kose\/sea-salt-sprej\/#primaryimage"},"image":{"@id":"https:\/\/www.thegoldengoddess.net\/sr\/shop\/nega-kose\/sea-salt-sprej\/#primaryimage"},"thumbnailUrl":"https:\/\/www.thegoldengoddess.net\/wp-content\/uploads\/2020\/05\/Sea-Salt-sprej-600p-min.jpg","datePublished":"2020-05-22T09:17:08+00:00","dateModified":"2021-04-16T09:17:41+00:00","description":"The Golden Godess Sea Salt sprej \u010dini va\u0161u kosu talasastom, daje joj volumen i neverovatnu teksturu, savr\u0161en za kosu koja se brzo masti.","breadcrumb":{"@id":"https:\/\/www.thegoldengoddess.net\/sr\/shop\/nega-kose\/sea-salt-sprej\/#breadcrumb"},"inLanguage":"sr-RS","potentialAction":[{"@type":"ReadAction","target":["https:\/\/www.thegoldengoddess.net\/sr\/shop\/nega-kose\/sea-salt-sprej\/"]}]},{"@type":"ImageObject","inLanguage":"sr-RS","@id":"https:\/\/www.thegoldengoddess.net\/sr\/shop\/nega-kose\/sea-salt-sprej\/#primaryimage","url":"https:\/\/www.thegoldengoddess.net\/wp-content\/uploads\/2020\/05\/Sea-Salt-sprej-600p-min.jpg","contentUrl":"https:\/\/www.thegoldengoddess.net\/wp-content\/uploads\/2020\/05\/Sea-Salt-sprej-600p-min.jpg","width":600,"height":600,"caption":"sea salt sprej"},{"@type":"BreadcrumbList","@id":"https:\/\/www.thegoldengoddess.net\/sr\/shop\/nega-kose\/sea-salt-sprej\/#breadcrumb","itemListElement":[{"@type":"ListItem","position":1,"name":"Home","item":"https:\/\/www.thegoldengoddess.net\/sr\/"},{"@type":"ListItem","position":2,"name":"Prodavnica","item":"https:\/\/www.thegoldengoddess.net\/sr\/prodavnica\/"},{"@type":"ListItem","position":3,"name":"Sea Salt sprej"}]},{"@type":"WebSite","@id":"https:\/\/www.thegoldengoddess.net\/#website","url":"https:\/\/www.thegoldengoddess.net\/","name":"The Golden Goddess","description":"The highest quality natural hair products","potentialAction":[{"@type":"SearchAction","target":{"@type":"EntryPoint","urlTemplate":"https:\/\/www.thegoldengoddess.net\/?s={search_term_string}"},"query-input":{"@type":"PropertyValueSpecification","valueRequired":true,"valueName":"search_term_string"}}],"inLanguage":"sr-RS"}]}},"_links":{"self":[{"href":"https:\/\/www.thegoldengoddess.net\/sr\/wp-json\/wp\/v2\/product\/8778","targetHints":{"allow":["GET"]}}],"collection":[{"href":"https:\/\/www.thegoldengoddess.net\/sr\/wp-json\/wp\/v2\/product"}],"about":[{"href":"https:\/\/www.thegoldengoddess.net\/sr\/wp-json\/wp\/v2\/types\/product"}],"replies":[{"embeddable":true,"href":"https:\/\/www.thegoldengoddess.net\/sr\/wp-json\/wp\/v2\/comments?post=8778"}],"wp:featuredmedia":[{"embeddable":true,"href":"https:\/\/www.thegoldengoddess.net\/sr\/wp-json\/wp\/v2\/media\/8955"}],"wp:attachment":[{"href":"https:\/\/www.thegoldengoddess.net\/sr\/wp-json\/wp\/v2\/media?parent=8778"}],"wp:term":[{"taxonomy":"product_brand","embeddable":true,"href":"https:\/\/www.thegoldengoddess.net\/sr\/wp-json\/wp\/v2\/product_brand?post=8778"},{"taxonomy":"product_cat","embeddable":true,"href":"https:\/\/www.thegoldengoddess.net\/sr\/wp-json\/wp\/v2\/product_cat?post=8778"},{"taxonomy":"product_tag","embeddable":true,"href":"https:\/\/www.thegoldengoddess.net\/sr\/wp-json\/wp\/v2\/product_tag?post=8778"}],"curies":[{"name":"wp","href":"https:\/\/api.w.org\/{rel}","templated":true}]}}