{"id":8776,"date":"2020-05-22T09:12:37","date_gmt":"2020-05-22T09:12:38","guid":{"rendered":"https:\/\/www.thegoldengoddess.net\/?post_type=product&#038;p=8776"},"modified":"2023-03-23T08:41:12","modified_gmt":"2023-03-23T08:41:12","slug":"sampon-za-kosu","status":"publish","type":"product","link":"https:\/\/www.thegoldengoddess.net\/sr\/shop\/nega-kose\/sampon-za-kosu\/","title":{"rendered":"\u0160ampon za kosu"},"content":{"rendered":"","protected":false},"excerpt":{"rendered":"<p>Na\u0161 \u0161ampon ne sadr\u017ei sulfate, parabene, ve\u0161ta\u010dke boje i mirise, niti druge \u0161tetne materije.<br \/>\nNjegova mo\u0107 \u010di\u0161\u0107enja poti\u010de od aktivnih materija prirodnih aminokiselina zobi.<br \/>\nSavr\u0161eno je ne\u017ean i ne iritira \u010dak ni najosetljiviju ko\u017eu. Blagotvorno deluje na ko\u017eu glave sklonu perutanju.<br \/>\nIma bogatu i gustu penu, odli\u010dan koeficijent \u010di\u0161\u0107enja i efikasnu mo\u0107 ispiranja i dodatne nege. Oboga\u0107en je ekstraktom crnog sleza, pantenolom i hidrolatom mandarine, koji \u010duvaju zdravlje i vitalnost i regeneri\u0161u va\u0161u kosu i ko\u017eu glave.<br \/>\nI na kraju, luksuznu krunu ovog \u0161ampona krasi egzoti\u010dna kombinacija eteri\u010dnih ulja mimoze, nerolije i \u0111umbira, za neponovljivi mirisni u\u017eitak i zdravu negu kose.<br \/>\nTako\u0111e mo\u017ee slu\u017eiti kao gel za tu\u0161iranje.<\/p>\n<p>Veliki broj komercijalnih industrijskih \u0161ampona sadrzi svega 1% do 20% sastojaka prirodnog porekla.<br \/>\nNas \u0161ampon sadr\u017ei \u010dak 85% sastojaka prirodnog porekla, a preostalih 15% odnose se na visokokvalitetne i zdravstveno bezbedne komponente prihva\u0107ene od strane savremene prirodne kozmetologije i omogu\u0107avaju stabilnost i idealnu gustinu.<\/p>\n<p>Sastav: Amino kiseline zobi, hidrolat mandarine, koko glukozid, koko betain, cetrimonijum hlorid, hidrosolubilno ulje avokada, glukoza D, ekstrakt crnog sleza, pantenol, glicerin, eteri\u010dna ulja, benzil-alkohol, dehidrooctena kiselina, EDTA.<\/p>\n<p>Napomena: Na\u0161i proizvodi su klini\u010dki ispitani u akreditovanoj laboratoriji i poseduju izve\u0161taj o zdravstvenoj ispravnosti.<\/p>\n","protected":false},"featured_media":8957,"comment_status":"open","ping_status":"closed","template":"","meta":{"_acf_changed":false},"product_brand":[],"product_cat":[83],"product_tag":[],"class_list":{"0":"post-8776","1":"product","2":"type-product","3":"status-publish","4":"has-post-thumbnail","6":"product_cat-nega-kose","8":"first","9":"instock","10":"featured","11":"shipping-taxable","12":"purchasable","13":"product-type-simple"},"acf":[],"yoast_head":"<!-- This site is optimized with the Yoast SEO plugin v27.4 - https:\/\/yoast.com\/product\/yoast-seo-wordpress\/ -->\n<title>\u0160ampon za kosu - The Golden Goddess<\/title>\n<meta name=\"description\" content=\"The Golden Goddesss \u0161ampon za kosu je ne\u017ean i ne iritira \u010dak ni najosetljiviju ko\u017eu,ne sadr\u017ei sulfate, parabene niti druge \u0161tetne materije.\" \/>\n<meta name=\"robots\" content=\"index, follow, max-snippet:-1, max-image-preview:large, max-video-preview:-1\" \/>\n<link rel=\"canonical\" href=\"https:\/\/www.thegoldengoddess.net\/sr\/shop\/nega-kose\/sampon-za-kosu\/\" \/>\n<meta property=\"og:locale\" content=\"sr_RS\" \/>\n<meta property=\"og:type\" content=\"article\" \/>\n<meta property=\"og:title\" content=\"\u0160ampon za kosu - The Golden Goddess\" \/>\n<meta property=\"og:description\" content=\"The Golden Goddesss \u0161ampon za kosu je ne\u017ean i ne iritira \u010dak ni najosetljiviju ko\u017eu,ne sadr\u017ei sulfate, parabene niti druge \u0161tetne materije.\" \/>\n<meta property=\"og:url\" content=\"https:\/\/www.thegoldengoddess.net\/sr\/shop\/nega-kose\/sampon-za-kosu\/\" \/>\n<meta property=\"og:site_name\" content=\"The Golden Goddess\" \/>\n<meta property=\"article:modified_time\" content=\"2023-03-23T08:41:12+00:00\" \/>\n<meta property=\"og:image\" content=\"https:\/\/www.thegoldengoddess.net\/wp-content\/uploads\/2020\/05\/Sampon-za-kosu-600p-min.jpg\" \/>\n\t<meta property=\"og:image:width\" content=\"600\" \/>\n\t<meta property=\"og:image:height\" content=\"600\" \/>\n\t<meta property=\"og:image:type\" content=\"image\/jpeg\" \/>\n<meta name=\"twitter:card\" content=\"summary_large_image\" \/>\n<script type=\"application\/ld+json\" class=\"yoast-schema-graph\">{\"@context\":\"https:\\\/\\\/schema.org\",\"@graph\":[{\"@type\":\"WebPage\",\"@id\":\"https:\\\/\\\/www.thegoldengoddess.net\\\/sr\\\/shop\\\/nega-kose\\\/sampon-za-kosu\\\/\",\"url\":\"https:\\\/\\\/www.thegoldengoddess.net\\\/sr\\\/shop\\\/nega-kose\\\/sampon-za-kosu\\\/\",\"name\":\"\u0160ampon za kosu - The Golden Goddess\",\"isPartOf\":{\"@id\":\"https:\\\/\\\/www.thegoldengoddess.net\\\/#website\"},\"primaryImageOfPage\":{\"@id\":\"https:\\\/\\\/www.thegoldengoddess.net\\\/sr\\\/shop\\\/nega-kose\\\/sampon-za-kosu\\\/#primaryimage\"},\"image\":{\"@id\":\"https:\\\/\\\/www.thegoldengoddess.net\\\/sr\\\/shop\\\/nega-kose\\\/sampon-za-kosu\\\/#primaryimage\"},\"thumbnailUrl\":\"https:\\\/\\\/www.thegoldengoddess.net\\\/wp-content\\\/uploads\\\/2020\\\/05\\\/Sampon-za-kosu-600p-min.jpg\",\"datePublished\":\"2020-05-22T09:12:38+00:00\",\"dateModified\":\"2023-03-23T08:41:12+00:00\",\"description\":\"The Golden Goddesss \u0161ampon za kosu je ne\u017ean i ne iritira \u010dak ni najosetljiviju ko\u017eu,ne sadr\u017ei sulfate, parabene niti druge \u0161tetne materije.\",\"breadcrumb\":{\"@id\":\"https:\\\/\\\/www.thegoldengoddess.net\\\/sr\\\/shop\\\/nega-kose\\\/sampon-za-kosu\\\/#breadcrumb\"},\"inLanguage\":\"sr-RS\",\"potentialAction\":[{\"@type\":\"ReadAction\",\"target\":[\"https:\\\/\\\/www.thegoldengoddess.net\\\/sr\\\/shop\\\/nega-kose\\\/sampon-za-kosu\\\/\"]}]},{\"@type\":\"ImageObject\",\"inLanguage\":\"sr-RS\",\"@id\":\"https:\\\/\\\/www.thegoldengoddess.net\\\/sr\\\/shop\\\/nega-kose\\\/sampon-za-kosu\\\/#primaryimage\",\"url\":\"https:\\\/\\\/www.thegoldengoddess.net\\\/wp-content\\\/uploads\\\/2020\\\/05\\\/Sampon-za-kosu-600p-min.jpg\",\"contentUrl\":\"https:\\\/\\\/www.thegoldengoddess.net\\\/wp-content\\\/uploads\\\/2020\\\/05\\\/Sampon-za-kosu-600p-min.jpg\",\"width\":600,\"height\":600,\"caption\":\"sampon za kosu the golden goddess u beloj boci sa zlatnim detaljima\"},{\"@type\":\"BreadcrumbList\",\"@id\":\"https:\\\/\\\/www.thegoldengoddess.net\\\/sr\\\/shop\\\/nega-kose\\\/sampon-za-kosu\\\/#breadcrumb\",\"itemListElement\":[{\"@type\":\"ListItem\",\"position\":1,\"name\":\"Home\",\"item\":\"https:\\\/\\\/www.thegoldengoddess.net\\\/sr\\\/\"},{\"@type\":\"ListItem\",\"position\":2,\"name\":\"Prodavnica\",\"item\":\"https:\\\/\\\/www.thegoldengoddess.net\\\/sr\\\/prodavnica\\\/\"},{\"@type\":\"ListItem\",\"position\":3,\"name\":\"\u0160ampon za kosu\"}]},{\"@type\":\"WebSite\",\"@id\":\"https:\\\/\\\/www.thegoldengoddess.net\\\/#website\",\"url\":\"https:\\\/\\\/www.thegoldengoddess.net\\\/\",\"name\":\"The Golden Goddess\",\"description\":\"The highest quality natural hair products\",\"potentialAction\":[{\"@type\":\"SearchAction\",\"target\":{\"@type\":\"EntryPoint\",\"urlTemplate\":\"https:\\\/\\\/www.thegoldengoddess.net\\\/?s={search_term_string}\"},\"query-input\":{\"@type\":\"PropertyValueSpecification\",\"valueRequired\":true,\"valueName\":\"search_term_string\"}}],\"inLanguage\":\"sr-RS\"}]}<\/script>\n<!-- \/ Yoast SEO plugin. -->","yoast_head_json":{"title":"\u0160ampon za kosu - The Golden Goddess","description":"The Golden Goddesss \u0161ampon za kosu je ne\u017ean i ne iritira \u010dak ni najosetljiviju ko\u017eu,ne sadr\u017ei sulfate, parabene niti druge \u0161tetne materije.","robots":{"index":"index","follow":"follow","max-snippet":"max-snippet:-1","max-image-preview":"max-image-preview:large","max-video-preview":"max-video-preview:-1"},"canonical":"https:\/\/www.thegoldengoddess.net\/sr\/shop\/nega-kose\/sampon-za-kosu\/","og_locale":"sr_RS","og_type":"article","og_title":"\u0160ampon za kosu - The Golden Goddess","og_description":"The Golden Goddesss \u0161ampon za kosu je ne\u017ean i ne iritira \u010dak ni najosetljiviju ko\u017eu,ne sadr\u017ei sulfate, parabene niti druge \u0161tetne materije.","og_url":"https:\/\/www.thegoldengoddess.net\/sr\/shop\/nega-kose\/sampon-za-kosu\/","og_site_name":"The Golden Goddess","article_modified_time":"2023-03-23T08:41:12+00:00","og_image":[{"width":600,"height":600,"url":"https:\/\/www.thegoldengoddess.net\/wp-content\/uploads\/2020\/05\/Sampon-za-kosu-600p-min.jpg","type":"image\/jpeg"}],"twitter_card":"summary_large_image","schema":{"@context":"https:\/\/schema.org","@graph":[{"@type":"WebPage","@id":"https:\/\/www.thegoldengoddess.net\/sr\/shop\/nega-kose\/sampon-za-kosu\/","url":"https:\/\/www.thegoldengoddess.net\/sr\/shop\/nega-kose\/sampon-za-kosu\/","name":"\u0160ampon za kosu - The Golden Goddess","isPartOf":{"@id":"https:\/\/www.thegoldengoddess.net\/#website"},"primaryImageOfPage":{"@id":"https:\/\/www.thegoldengoddess.net\/sr\/shop\/nega-kose\/sampon-za-kosu\/#primaryimage"},"image":{"@id":"https:\/\/www.thegoldengoddess.net\/sr\/shop\/nega-kose\/sampon-za-kosu\/#primaryimage"},"thumbnailUrl":"https:\/\/www.thegoldengoddess.net\/wp-content\/uploads\/2020\/05\/Sampon-za-kosu-600p-min.jpg","datePublished":"2020-05-22T09:12:38+00:00","dateModified":"2023-03-23T08:41:12+00:00","description":"The Golden Goddesss \u0161ampon za kosu je ne\u017ean i ne iritira \u010dak ni najosetljiviju ko\u017eu,ne sadr\u017ei sulfate, parabene niti druge \u0161tetne materije.","breadcrumb":{"@id":"https:\/\/www.thegoldengoddess.net\/sr\/shop\/nega-kose\/sampon-za-kosu\/#breadcrumb"},"inLanguage":"sr-RS","potentialAction":[{"@type":"ReadAction","target":["https:\/\/www.thegoldengoddess.net\/sr\/shop\/nega-kose\/sampon-za-kosu\/"]}]},{"@type":"ImageObject","inLanguage":"sr-RS","@id":"https:\/\/www.thegoldengoddess.net\/sr\/shop\/nega-kose\/sampon-za-kosu\/#primaryimage","url":"https:\/\/www.thegoldengoddess.net\/wp-content\/uploads\/2020\/05\/Sampon-za-kosu-600p-min.jpg","contentUrl":"https:\/\/www.thegoldengoddess.net\/wp-content\/uploads\/2020\/05\/Sampon-za-kosu-600p-min.jpg","width":600,"height":600,"caption":"sampon za kosu the golden goddess u beloj boci sa zlatnim detaljima"},{"@type":"BreadcrumbList","@id":"https:\/\/www.thegoldengoddess.net\/sr\/shop\/nega-kose\/sampon-za-kosu\/#breadcrumb","itemListElement":[{"@type":"ListItem","position":1,"name":"Home","item":"https:\/\/www.thegoldengoddess.net\/sr\/"},{"@type":"ListItem","position":2,"name":"Prodavnica","item":"https:\/\/www.thegoldengoddess.net\/sr\/prodavnica\/"},{"@type":"ListItem","position":3,"name":"\u0160ampon za kosu"}]},{"@type":"WebSite","@id":"https:\/\/www.thegoldengoddess.net\/#website","url":"https:\/\/www.thegoldengoddess.net\/","name":"The Golden Goddess","description":"The highest quality natural hair products","potentialAction":[{"@type":"SearchAction","target":{"@type":"EntryPoint","urlTemplate":"https:\/\/www.thegoldengoddess.net\/?s={search_term_string}"},"query-input":{"@type":"PropertyValueSpecification","valueRequired":true,"valueName":"search_term_string"}}],"inLanguage":"sr-RS"}]}},"_links":{"self":[{"href":"https:\/\/www.thegoldengoddess.net\/sr\/wp-json\/wp\/v2\/product\/8776","targetHints":{"allow":["GET"]}}],"collection":[{"href":"https:\/\/www.thegoldengoddess.net\/sr\/wp-json\/wp\/v2\/product"}],"about":[{"href":"https:\/\/www.thegoldengoddess.net\/sr\/wp-json\/wp\/v2\/types\/product"}],"replies":[{"embeddable":true,"href":"https:\/\/www.thegoldengoddess.net\/sr\/wp-json\/wp\/v2\/comments?post=8776"}],"wp:featuredmedia":[{"embeddable":true,"href":"https:\/\/www.thegoldengoddess.net\/sr\/wp-json\/wp\/v2\/media\/8957"}],"wp:attachment":[{"href":"https:\/\/www.thegoldengoddess.net\/sr\/wp-json\/wp\/v2\/media?parent=8776"}],"wp:term":[{"taxonomy":"product_brand","embeddable":true,"href":"https:\/\/www.thegoldengoddess.net\/sr\/wp-json\/wp\/v2\/product_brand?post=8776"},{"taxonomy":"product_cat","embeddable":true,"href":"https:\/\/www.thegoldengoddess.net\/sr\/wp-json\/wp\/v2\/product_cat?post=8776"},{"taxonomy":"product_tag","embeddable":true,"href":"https:\/\/www.thegoldengoddess.net\/sr\/wp-json\/wp\/v2\/product_tag?post=8776"}],"curies":[{"name":"wp","href":"https:\/\/api.w.org\/{rel}","templated":true}]}}