{"id":8773,"date":"2020-05-22T09:05:32","date_gmt":"2020-05-22T09:05:33","guid":{"rendered":"https:\/\/www.thegoldengoddess.net\/?post_type=product&#038;p=8773"},"modified":"2021-04-19T13:59:29","modified_gmt":"2021-04-19T13:59:29","slug":"ulje-za-kosu","status":"publish","type":"product","link":"https:\/\/www.thegoldengoddess.net\/sr\/shop\/nega-kose\/ulje-za-kosu\/","title":{"rendered":"Ulje za kosu"},"content":{"rendered":"","protected":false},"excerpt":{"rendered":"<p>Bez obzira na tip va\u0161e kose, za njenu negu sada imate savr\u0161enog saveznika. Na\u0161 100% prirodni uljni serum za kosu na bazi ulja semena brokolija i ulja abisinije deluje poput biljnih silikona, obnavaljaju\u0107i dlaku.<br \/>\nRedovnom upotrebnom slaba, o\u0161te\u0107ena ili hemijski tretirana kosa postaje zdrava, jaka, elasti\u010dna, svilenkasto meka i podatna, a ko\u017ea vlasi\u0161ta otporna i vitalna.<\/p>\n<p>Savet za upotrebu: Koristite ga kao masku par sati pre pranja ili u malim koli\u010dinama na vrhovima suve ili vla\u017ene kose.<\/p>\n<p>Sastav: Frakionisano kokosovo ulje, ulje argana, ulje abisinije, ulje brokolija, ulje jojobe, koko-kaprilat, skvalan, vitamin E, eteri\u010dna ulja, ekstrakt ruzmarina.<\/p>\n<p>Napomena: Na\u0161i proizvodi su klini\u010dki ispitani u akreditovanoj laboratoriji i poseduju izve\u0161taj o zdravstvenoj ispravnosti.<\/p>\n","protected":false},"featured_media":8961,"comment_status":"open","ping_status":"closed","template":"","meta":{"_acf_changed":false},"product_brand":[],"product_cat":[83],"product_tag":[],"class_list":{"0":"post-8773","1":"product","2":"type-product","3":"status-publish","4":"has-post-thumbnail","6":"product_cat-nega-kose","8":"first","9":"instock","10":"shipping-taxable","11":"purchasable","12":"product-type-simple"},"acf":[],"yoast_head":"<!-- This site is optimized with the Yoast SEO plugin v27.4 - https:\/\/yoast.com\/product\/yoast-seo-wordpress\/ -->\n<title>Ulje za kosu - The Golden Goddess<\/title>\n<meta name=\"description\" content=\"Na\u0161 100% prirodni uljni serum za kosu na bazi ulja semena brokolija i ulja abisinije deluje poput biljnih silikona, obnavaljaju\u0107i dlaku.\" \/>\n<meta name=\"robots\" content=\"index, follow, max-snippet:-1, max-image-preview:large, max-video-preview:-1\" \/>\n<link rel=\"canonical\" href=\"https:\/\/www.thegoldengoddess.net\/sr\/shop\/nega-kose\/ulje-za-kosu\/\" \/>\n<meta property=\"og:locale\" content=\"sr_RS\" \/>\n<meta property=\"og:type\" content=\"article\" \/>\n<meta property=\"og:title\" content=\"Ulje za kosu - The Golden Goddess\" \/>\n<meta property=\"og:description\" content=\"Na\u0161 100% prirodni uljni serum za kosu na bazi ulja semena brokolija i ulja abisinije deluje poput biljnih silikona, obnavaljaju\u0107i dlaku.\" \/>\n<meta property=\"og:url\" content=\"https:\/\/www.thegoldengoddess.net\/sr\/shop\/nega-kose\/ulje-za-kosu\/\" \/>\n<meta property=\"og:site_name\" content=\"The Golden Goddess\" \/>\n<meta property=\"article:modified_time\" content=\"2021-04-19T13:59:29+00:00\" \/>\n<meta property=\"og:image\" content=\"https:\/\/www.thegoldengoddess.net\/wp-content\/uploads\/2020\/05\/Ulje-za-kosu-600p-min.jpg\" \/>\n\t<meta property=\"og:image:width\" content=\"600\" \/>\n\t<meta property=\"og:image:height\" content=\"600\" \/>\n\t<meta property=\"og:image:type\" content=\"image\/jpeg\" \/>\n<meta name=\"twitter:card\" content=\"summary_large_image\" \/>\n<script type=\"application\/ld+json\" class=\"yoast-schema-graph\">{\"@context\":\"https:\\\/\\\/schema.org\",\"@graph\":[{\"@type\":\"WebPage\",\"@id\":\"https:\\\/\\\/www.thegoldengoddess.net\\\/sr\\\/shop\\\/nega-kose\\\/ulje-za-kosu\\\/\",\"url\":\"https:\\\/\\\/www.thegoldengoddess.net\\\/sr\\\/shop\\\/nega-kose\\\/ulje-za-kosu\\\/\",\"name\":\"Ulje za kosu - The Golden Goddess\",\"isPartOf\":{\"@id\":\"https:\\\/\\\/www.thegoldengoddess.net\\\/#website\"},\"primaryImageOfPage\":{\"@id\":\"https:\\\/\\\/www.thegoldengoddess.net\\\/sr\\\/shop\\\/nega-kose\\\/ulje-za-kosu\\\/#primaryimage\"},\"image\":{\"@id\":\"https:\\\/\\\/www.thegoldengoddess.net\\\/sr\\\/shop\\\/nega-kose\\\/ulje-za-kosu\\\/#primaryimage\"},\"thumbnailUrl\":\"https:\\\/\\\/www.thegoldengoddess.net\\\/wp-content\\\/uploads\\\/2020\\\/05\\\/Ulje-za-kosu-600p-min.jpg\",\"datePublished\":\"2020-05-22T09:05:33+00:00\",\"dateModified\":\"2021-04-19T13:59:29+00:00\",\"description\":\"Na\u0161 100% prirodni uljni serum za kosu na bazi ulja semena brokolija i ulja abisinije deluje poput biljnih silikona, obnavaljaju\u0107i dlaku.\",\"breadcrumb\":{\"@id\":\"https:\\\/\\\/www.thegoldengoddess.net\\\/sr\\\/shop\\\/nega-kose\\\/ulje-za-kosu\\\/#breadcrumb\"},\"inLanguage\":\"sr-RS\",\"potentialAction\":[{\"@type\":\"ReadAction\",\"target\":[\"https:\\\/\\\/www.thegoldengoddess.net\\\/sr\\\/shop\\\/nega-kose\\\/ulje-za-kosu\\\/\"]}]},{\"@type\":\"ImageObject\",\"inLanguage\":\"sr-RS\",\"@id\":\"https:\\\/\\\/www.thegoldengoddess.net\\\/sr\\\/shop\\\/nega-kose\\\/ulje-za-kosu\\\/#primaryimage\",\"url\":\"https:\\\/\\\/www.thegoldengoddess.net\\\/wp-content\\\/uploads\\\/2020\\\/05\\\/Ulje-za-kosu-600p-min.jpg\",\"contentUrl\":\"https:\\\/\\\/www.thegoldengoddess.net\\\/wp-content\\\/uploads\\\/2020\\\/05\\\/Ulje-za-kosu-600p-min.jpg\",\"width\":600,\"height\":600,\"caption\":\"ulje za kosu u bocici sa zlatno belom etiketom\"},{\"@type\":\"BreadcrumbList\",\"@id\":\"https:\\\/\\\/www.thegoldengoddess.net\\\/sr\\\/shop\\\/nega-kose\\\/ulje-za-kosu\\\/#breadcrumb\",\"itemListElement\":[{\"@type\":\"ListItem\",\"position\":1,\"name\":\"Home\",\"item\":\"https:\\\/\\\/www.thegoldengoddess.net\\\/sr\\\/\"},{\"@type\":\"ListItem\",\"position\":2,\"name\":\"Prodavnica\",\"item\":\"https:\\\/\\\/www.thegoldengoddess.net\\\/sr\\\/prodavnica\\\/\"},{\"@type\":\"ListItem\",\"position\":3,\"name\":\"Ulje za kosu\"}]},{\"@type\":\"WebSite\",\"@id\":\"https:\\\/\\\/www.thegoldengoddess.net\\\/#website\",\"url\":\"https:\\\/\\\/www.thegoldengoddess.net\\\/\",\"name\":\"The Golden Goddess\",\"description\":\"The highest quality natural hair products\",\"potentialAction\":[{\"@type\":\"SearchAction\",\"target\":{\"@type\":\"EntryPoint\",\"urlTemplate\":\"https:\\\/\\\/www.thegoldengoddess.net\\\/?s={search_term_string}\"},\"query-input\":{\"@type\":\"PropertyValueSpecification\",\"valueRequired\":true,\"valueName\":\"search_term_string\"}}],\"inLanguage\":\"sr-RS\"}]}<\/script>\n<!-- \/ Yoast SEO plugin. -->","yoast_head_json":{"title":"Ulje za kosu - The Golden Goddess","description":"Na\u0161 100% prirodni uljni serum za kosu na bazi ulja semena brokolija i ulja abisinije deluje poput biljnih silikona, obnavaljaju\u0107i dlaku.","robots":{"index":"index","follow":"follow","max-snippet":"max-snippet:-1","max-image-preview":"max-image-preview:large","max-video-preview":"max-video-preview:-1"},"canonical":"https:\/\/www.thegoldengoddess.net\/sr\/shop\/nega-kose\/ulje-za-kosu\/","og_locale":"sr_RS","og_type":"article","og_title":"Ulje za kosu - The Golden Goddess","og_description":"Na\u0161 100% prirodni uljni serum za kosu na bazi ulja semena brokolija i ulja abisinije deluje poput biljnih silikona, obnavaljaju\u0107i dlaku.","og_url":"https:\/\/www.thegoldengoddess.net\/sr\/shop\/nega-kose\/ulje-za-kosu\/","og_site_name":"The Golden Goddess","article_modified_time":"2021-04-19T13:59:29+00:00","og_image":[{"width":600,"height":600,"url":"https:\/\/www.thegoldengoddess.net\/wp-content\/uploads\/2020\/05\/Ulje-za-kosu-600p-min.jpg","type":"image\/jpeg"}],"twitter_card":"summary_large_image","schema":{"@context":"https:\/\/schema.org","@graph":[{"@type":"WebPage","@id":"https:\/\/www.thegoldengoddess.net\/sr\/shop\/nega-kose\/ulje-za-kosu\/","url":"https:\/\/www.thegoldengoddess.net\/sr\/shop\/nega-kose\/ulje-za-kosu\/","name":"Ulje za kosu - The Golden Goddess","isPartOf":{"@id":"https:\/\/www.thegoldengoddess.net\/#website"},"primaryImageOfPage":{"@id":"https:\/\/www.thegoldengoddess.net\/sr\/shop\/nega-kose\/ulje-za-kosu\/#primaryimage"},"image":{"@id":"https:\/\/www.thegoldengoddess.net\/sr\/shop\/nega-kose\/ulje-za-kosu\/#primaryimage"},"thumbnailUrl":"https:\/\/www.thegoldengoddess.net\/wp-content\/uploads\/2020\/05\/Ulje-za-kosu-600p-min.jpg","datePublished":"2020-05-22T09:05:33+00:00","dateModified":"2021-04-19T13:59:29+00:00","description":"Na\u0161 100% prirodni uljni serum za kosu na bazi ulja semena brokolija i ulja abisinije deluje poput biljnih silikona, obnavaljaju\u0107i dlaku.","breadcrumb":{"@id":"https:\/\/www.thegoldengoddess.net\/sr\/shop\/nega-kose\/ulje-za-kosu\/#breadcrumb"},"inLanguage":"sr-RS","potentialAction":[{"@type":"ReadAction","target":["https:\/\/www.thegoldengoddess.net\/sr\/shop\/nega-kose\/ulje-za-kosu\/"]}]},{"@type":"ImageObject","inLanguage":"sr-RS","@id":"https:\/\/www.thegoldengoddess.net\/sr\/shop\/nega-kose\/ulje-za-kosu\/#primaryimage","url":"https:\/\/www.thegoldengoddess.net\/wp-content\/uploads\/2020\/05\/Ulje-za-kosu-600p-min.jpg","contentUrl":"https:\/\/www.thegoldengoddess.net\/wp-content\/uploads\/2020\/05\/Ulje-za-kosu-600p-min.jpg","width":600,"height":600,"caption":"ulje za kosu u bocici sa zlatno belom etiketom"},{"@type":"BreadcrumbList","@id":"https:\/\/www.thegoldengoddess.net\/sr\/shop\/nega-kose\/ulje-za-kosu\/#breadcrumb","itemListElement":[{"@type":"ListItem","position":1,"name":"Home","item":"https:\/\/www.thegoldengoddess.net\/sr\/"},{"@type":"ListItem","position":2,"name":"Prodavnica","item":"https:\/\/www.thegoldengoddess.net\/sr\/prodavnica\/"},{"@type":"ListItem","position":3,"name":"Ulje za kosu"}]},{"@type":"WebSite","@id":"https:\/\/www.thegoldengoddess.net\/#website","url":"https:\/\/www.thegoldengoddess.net\/","name":"The Golden Goddess","description":"The highest quality natural hair products","potentialAction":[{"@type":"SearchAction","target":{"@type":"EntryPoint","urlTemplate":"https:\/\/www.thegoldengoddess.net\/?s={search_term_string}"},"query-input":{"@type":"PropertyValueSpecification","valueRequired":true,"valueName":"search_term_string"}}],"inLanguage":"sr-RS"}]}},"_links":{"self":[{"href":"https:\/\/www.thegoldengoddess.net\/sr\/wp-json\/wp\/v2\/product\/8773","targetHints":{"allow":["GET"]}}],"collection":[{"href":"https:\/\/www.thegoldengoddess.net\/sr\/wp-json\/wp\/v2\/product"}],"about":[{"href":"https:\/\/www.thegoldengoddess.net\/sr\/wp-json\/wp\/v2\/types\/product"}],"replies":[{"embeddable":true,"href":"https:\/\/www.thegoldengoddess.net\/sr\/wp-json\/wp\/v2\/comments?post=8773"}],"wp:featuredmedia":[{"embeddable":true,"href":"https:\/\/www.thegoldengoddess.net\/sr\/wp-json\/wp\/v2\/media\/8961"}],"wp:attachment":[{"href":"https:\/\/www.thegoldengoddess.net\/sr\/wp-json\/wp\/v2\/media?parent=8773"}],"wp:term":[{"taxonomy":"product_brand","embeddable":true,"href":"https:\/\/www.thegoldengoddess.net\/sr\/wp-json\/wp\/v2\/product_brand?post=8773"},{"taxonomy":"product_cat","embeddable":true,"href":"https:\/\/www.thegoldengoddess.net\/sr\/wp-json\/wp\/v2\/product_cat?post=8773"},{"taxonomy":"product_tag","embeddable":true,"href":"https:\/\/www.thegoldengoddess.net\/sr\/wp-json\/wp\/v2\/product_tag?post=8773"}],"curies":[{"name":"wp","href":"https:\/\/api.w.org\/{rel}","templated":true}]}}