{"id":8769,"date":"2020-05-22T08:49:16","date_gmt":"2020-05-22T08:49:16","guid":{"rendered":"https:\/\/www.thegoldengoddess.net\/?post_type=product&#038;p=8769"},"modified":"2023-03-23T08:31:57","modified_gmt":"2023-03-23T08:31:57","slug":"sapun-za-lice","status":"publish","type":"product","link":"https:\/\/www.thegoldengoddess.net\/sr\/shop\/nega-lica\/sapun-za-lice\/","title":{"rendered":"Sapun za lice"},"content":{"rendered":"","protected":false},"excerpt":{"rendered":"<p>Na\u0161 sapun za lice je pravi biser &#8211; potpuno jedinstven, unikatan i ni nalik drugima.<br \/>\nPosebnim, ru\u010dnim i nesvakida\u0161njim procesom izrade ovog sapuna uspeli smo da aktivne sastojke i njihove prirodne blagodeti za ko\u017eu sa\u010duvamo potpuno neo\u0161te\u0107ene. Rezultat je veoma ne\u017ean, mnogo zdraviji sapun koji ne isu\u0161uje va\u0161u ko\u017eu i poseduje izuzetno ne\u017enu, svilenu, \u0161ampanj penu koja \u0107e vas prosto odu\u0161eviti ve\u0107 pri prvom kori\u0161\u0107enju.<br \/>\nA za mirisnu simfoniju koja \u0107e vam izmamiti osmeh svaki put, zaslu\u017ena su eteri\u010dna ulja kanange i sperminta.<\/p>\n<p>Sapun je namenjen za negu ko\u017ee lica, ali je zbog svoje blage formulacije pogodan za celo telo i svaki tip ko\u017ee.<br \/>\nSavet za upotrebu: Sapun nakon kori\u0161\u0107enja \u010duvati na suvom i oceditom mestu.<\/p>\n<p>100% prirodan.<\/p>\n<p>Sastav: Saponifikovane masne kiseline: ulja masline, \u0161ea putera, kakao putera, ulja kokosa, ulja avokada, ulja ricinusa. Frakionisano kokosovo ulje, sorbitol, so, eteri\u010dna ulja.<\/p>\n<p>Napomena: Na\u0161i proizvodi su klini\u010dki ispitani u akreditovanoj laboratoriji i poseduju izve\u0161taj o zdravstvenoj ispravnosti.<\/p>\n","protected":false},"featured_media":8968,"comment_status":"open","ping_status":"closed","template":"","meta":{"_acf_changed":false},"product_brand":[],"product_cat":[82],"product_tag":[],"class_list":{"0":"post-8769","1":"product","2":"type-product","3":"status-publish","4":"has-post-thumbnail","6":"product_cat-nega-lica","8":"first","9":"instock","10":"shipping-taxable","11":"purchasable","12":"product-type-simple"},"acf":[],"yoast_head":"<!-- This site is optimized with the Yoast SEO plugin v27.4 - https:\/\/yoast.com\/product\/yoast-seo-wordpress\/ -->\n<title>Sapun za lice - The Golden Goddess<\/title>\n<meta name=\"description\" content=\"Na\u0161 sapun je namenjen za negu ko\u017ee lica, ali je zbog svoje blage formulacije pogodan za celo telo i svaki tip ko\u017ee. Odu\u0161evljenje ve\u0107 pri prvom kori\u0161\u0107enju.\" \/>\n<meta name=\"robots\" content=\"index, follow, max-snippet:-1, max-image-preview:large, max-video-preview:-1\" \/>\n<link rel=\"canonical\" href=\"https:\/\/www.thegoldengoddess.net\/sr\/shop\/nega-lica\/sapun-za-lice\/\" \/>\n<meta property=\"og:locale\" content=\"sr_RS\" \/>\n<meta property=\"og:type\" content=\"article\" \/>\n<meta property=\"og:title\" content=\"Sapun za lice - The Golden Goddess\" \/>\n<meta property=\"og:description\" content=\"Na\u0161 sapun je namenjen za negu ko\u017ee lica, ali je zbog svoje blage formulacije pogodan za celo telo i svaki tip ko\u017ee. Odu\u0161evljenje ve\u0107 pri prvom kori\u0161\u0107enju.\" \/>\n<meta property=\"og:url\" content=\"https:\/\/www.thegoldengoddess.net\/sr\/shop\/nega-lica\/sapun-za-lice\/\" \/>\n<meta property=\"og:site_name\" content=\"The Golden Goddess\" \/>\n<meta property=\"article:modified_time\" content=\"2023-03-23T08:31:57+00:00\" \/>\n<meta property=\"og:image\" content=\"https:\/\/www.thegoldengoddess.net\/wp-content\/uploads\/2020\/05\/Sapun-za-lice-600p-min.jpg\" \/>\n\t<meta property=\"og:image:width\" content=\"600\" \/>\n\t<meta property=\"og:image:height\" content=\"600\" \/>\n\t<meta property=\"og:image:type\" content=\"image\/jpeg\" \/>\n<meta name=\"twitter:card\" content=\"summary_large_image\" \/>\n<script type=\"application\/ld+json\" class=\"yoast-schema-graph\">{\"@context\":\"https:\\\/\\\/schema.org\",\"@graph\":[{\"@type\":\"WebPage\",\"@id\":\"https:\\\/\\\/www.thegoldengoddess.net\\\/sr\\\/shop\\\/nega-lica\\\/sapun-za-lice\\\/\",\"url\":\"https:\\\/\\\/www.thegoldengoddess.net\\\/sr\\\/shop\\\/nega-lica\\\/sapun-za-lice\\\/\",\"name\":\"Sapun za lice - The Golden Goddess\",\"isPartOf\":{\"@id\":\"https:\\\/\\\/www.thegoldengoddess.net\\\/#website\"},\"primaryImageOfPage\":{\"@id\":\"https:\\\/\\\/www.thegoldengoddess.net\\\/sr\\\/shop\\\/nega-lica\\\/sapun-za-lice\\\/#primaryimage\"},\"image\":{\"@id\":\"https:\\\/\\\/www.thegoldengoddess.net\\\/sr\\\/shop\\\/nega-lica\\\/sapun-za-lice\\\/#primaryimage\"},\"thumbnailUrl\":\"https:\\\/\\\/www.thegoldengoddess.net\\\/wp-content\\\/uploads\\\/2020\\\/05\\\/Sapun-za-lice-600p-min.jpg\",\"datePublished\":\"2020-05-22T08:49:16+00:00\",\"dateModified\":\"2023-03-23T08:31:57+00:00\",\"description\":\"Na\u0161 sapun je namenjen za negu ko\u017ee lica, ali je zbog svoje blage formulacije pogodan za celo telo i svaki tip ko\u017ee. Odu\u0161evljenje ve\u0107 pri prvom kori\u0161\u0107enju.\",\"breadcrumb\":{\"@id\":\"https:\\\/\\\/www.thegoldengoddess.net\\\/sr\\\/shop\\\/nega-lica\\\/sapun-za-lice\\\/#breadcrumb\"},\"inLanguage\":\"sr-RS\",\"potentialAction\":[{\"@type\":\"ReadAction\",\"target\":[\"https:\\\/\\\/www.thegoldengoddess.net\\\/sr\\\/shop\\\/nega-lica\\\/sapun-za-lice\\\/\"]}]},{\"@type\":\"ImageObject\",\"inLanguage\":\"sr-RS\",\"@id\":\"https:\\\/\\\/www.thegoldengoddess.net\\\/sr\\\/shop\\\/nega-lica\\\/sapun-za-lice\\\/#primaryimage\",\"url\":\"https:\\\/\\\/www.thegoldengoddess.net\\\/wp-content\\\/uploads\\\/2020\\\/05\\\/Sapun-za-lice-600p-min.jpg\",\"contentUrl\":\"https:\\\/\\\/www.thegoldengoddess.net\\\/wp-content\\\/uploads\\\/2020\\\/05\\\/Sapun-za-lice-600p-min.jpg\",\"width\":600,\"height\":600,\"caption\":\"sapun za lice umotan u beli papr sa golden goddess logom\"},{\"@type\":\"BreadcrumbList\",\"@id\":\"https:\\\/\\\/www.thegoldengoddess.net\\\/sr\\\/shop\\\/nega-lica\\\/sapun-za-lice\\\/#breadcrumb\",\"itemListElement\":[{\"@type\":\"ListItem\",\"position\":1,\"name\":\"Home\",\"item\":\"https:\\\/\\\/www.thegoldengoddess.net\\\/sr\\\/\"},{\"@type\":\"ListItem\",\"position\":2,\"name\":\"Prodavnica\",\"item\":\"https:\\\/\\\/www.thegoldengoddess.net\\\/sr\\\/prodavnica\\\/\"},{\"@type\":\"ListItem\",\"position\":3,\"name\":\"Sapun za lice\"}]},{\"@type\":\"WebSite\",\"@id\":\"https:\\\/\\\/www.thegoldengoddess.net\\\/#website\",\"url\":\"https:\\\/\\\/www.thegoldengoddess.net\\\/\",\"name\":\"The Golden Goddess\",\"description\":\"The highest quality natural hair products\",\"potentialAction\":[{\"@type\":\"SearchAction\",\"target\":{\"@type\":\"EntryPoint\",\"urlTemplate\":\"https:\\\/\\\/www.thegoldengoddess.net\\\/?s={search_term_string}\"},\"query-input\":{\"@type\":\"PropertyValueSpecification\",\"valueRequired\":true,\"valueName\":\"search_term_string\"}}],\"inLanguage\":\"sr-RS\"}]}<\/script>\n<!-- \/ Yoast SEO plugin. -->","yoast_head_json":{"title":"Sapun za lice - The Golden Goddess","description":"Na\u0161 sapun je namenjen za negu ko\u017ee lica, ali je zbog svoje blage formulacije pogodan za celo telo i svaki tip ko\u017ee. Odu\u0161evljenje ve\u0107 pri prvom kori\u0161\u0107enju.","robots":{"index":"index","follow":"follow","max-snippet":"max-snippet:-1","max-image-preview":"max-image-preview:large","max-video-preview":"max-video-preview:-1"},"canonical":"https:\/\/www.thegoldengoddess.net\/sr\/shop\/nega-lica\/sapun-za-lice\/","og_locale":"sr_RS","og_type":"article","og_title":"Sapun za lice - The Golden Goddess","og_description":"Na\u0161 sapun je namenjen za negu ko\u017ee lica, ali je zbog svoje blage formulacije pogodan za celo telo i svaki tip ko\u017ee. Odu\u0161evljenje ve\u0107 pri prvom kori\u0161\u0107enju.","og_url":"https:\/\/www.thegoldengoddess.net\/sr\/shop\/nega-lica\/sapun-za-lice\/","og_site_name":"The Golden Goddess","article_modified_time":"2023-03-23T08:31:57+00:00","og_image":[{"width":600,"height":600,"url":"https:\/\/www.thegoldengoddess.net\/wp-content\/uploads\/2020\/05\/Sapun-za-lice-600p-min.jpg","type":"image\/jpeg"}],"twitter_card":"summary_large_image","schema":{"@context":"https:\/\/schema.org","@graph":[{"@type":"WebPage","@id":"https:\/\/www.thegoldengoddess.net\/sr\/shop\/nega-lica\/sapun-za-lice\/","url":"https:\/\/www.thegoldengoddess.net\/sr\/shop\/nega-lica\/sapun-za-lice\/","name":"Sapun za lice - The Golden Goddess","isPartOf":{"@id":"https:\/\/www.thegoldengoddess.net\/#website"},"primaryImageOfPage":{"@id":"https:\/\/www.thegoldengoddess.net\/sr\/shop\/nega-lica\/sapun-za-lice\/#primaryimage"},"image":{"@id":"https:\/\/www.thegoldengoddess.net\/sr\/shop\/nega-lica\/sapun-za-lice\/#primaryimage"},"thumbnailUrl":"https:\/\/www.thegoldengoddess.net\/wp-content\/uploads\/2020\/05\/Sapun-za-lice-600p-min.jpg","datePublished":"2020-05-22T08:49:16+00:00","dateModified":"2023-03-23T08:31:57+00:00","description":"Na\u0161 sapun je namenjen za negu ko\u017ee lica, ali je zbog svoje blage formulacije pogodan za celo telo i svaki tip ko\u017ee. Odu\u0161evljenje ve\u0107 pri prvom kori\u0161\u0107enju.","breadcrumb":{"@id":"https:\/\/www.thegoldengoddess.net\/sr\/shop\/nega-lica\/sapun-za-lice\/#breadcrumb"},"inLanguage":"sr-RS","potentialAction":[{"@type":"ReadAction","target":["https:\/\/www.thegoldengoddess.net\/sr\/shop\/nega-lica\/sapun-za-lice\/"]}]},{"@type":"ImageObject","inLanguage":"sr-RS","@id":"https:\/\/www.thegoldengoddess.net\/sr\/shop\/nega-lica\/sapun-za-lice\/#primaryimage","url":"https:\/\/www.thegoldengoddess.net\/wp-content\/uploads\/2020\/05\/Sapun-za-lice-600p-min.jpg","contentUrl":"https:\/\/www.thegoldengoddess.net\/wp-content\/uploads\/2020\/05\/Sapun-za-lice-600p-min.jpg","width":600,"height":600,"caption":"sapun za lice umotan u beli papr sa golden goddess logom"},{"@type":"BreadcrumbList","@id":"https:\/\/www.thegoldengoddess.net\/sr\/shop\/nega-lica\/sapun-za-lice\/#breadcrumb","itemListElement":[{"@type":"ListItem","position":1,"name":"Home","item":"https:\/\/www.thegoldengoddess.net\/sr\/"},{"@type":"ListItem","position":2,"name":"Prodavnica","item":"https:\/\/www.thegoldengoddess.net\/sr\/prodavnica\/"},{"@type":"ListItem","position":3,"name":"Sapun za lice"}]},{"@type":"WebSite","@id":"https:\/\/www.thegoldengoddess.net\/#website","url":"https:\/\/www.thegoldengoddess.net\/","name":"The Golden Goddess","description":"The highest quality natural hair products","potentialAction":[{"@type":"SearchAction","target":{"@type":"EntryPoint","urlTemplate":"https:\/\/www.thegoldengoddess.net\/?s={search_term_string}"},"query-input":{"@type":"PropertyValueSpecification","valueRequired":true,"valueName":"search_term_string"}}],"inLanguage":"sr-RS"}]}},"_links":{"self":[{"href":"https:\/\/www.thegoldengoddess.net\/sr\/wp-json\/wp\/v2\/product\/8769","targetHints":{"allow":["GET"]}}],"collection":[{"href":"https:\/\/www.thegoldengoddess.net\/sr\/wp-json\/wp\/v2\/product"}],"about":[{"href":"https:\/\/www.thegoldengoddess.net\/sr\/wp-json\/wp\/v2\/types\/product"}],"replies":[{"embeddable":true,"href":"https:\/\/www.thegoldengoddess.net\/sr\/wp-json\/wp\/v2\/comments?post=8769"}],"wp:featuredmedia":[{"embeddable":true,"href":"https:\/\/www.thegoldengoddess.net\/sr\/wp-json\/wp\/v2\/media\/8968"}],"wp:attachment":[{"href":"https:\/\/www.thegoldengoddess.net\/sr\/wp-json\/wp\/v2\/media?parent=8769"}],"wp:term":[{"taxonomy":"product_brand","embeddable":true,"href":"https:\/\/www.thegoldengoddess.net\/sr\/wp-json\/wp\/v2\/product_brand?post=8769"},{"taxonomy":"product_cat","embeddable":true,"href":"https:\/\/www.thegoldengoddess.net\/sr\/wp-json\/wp\/v2\/product_cat?post=8769"},{"taxonomy":"product_tag","embeddable":true,"href":"https:\/\/www.thegoldengoddess.net\/sr\/wp-json\/wp\/v2\/product_tag?post=8769"}],"curies":[{"name":"wp","href":"https:\/\/api.w.org\/{rel}","templated":true}]}}