{"id":8765,"date":"2020-05-22T08:31:08","date_gmt":"2020-05-22T08:31:09","guid":{"rendered":"https:\/\/www.thegoldengoddess.net\/?post_type=product&#038;p=8765"},"modified":"2021-04-16T09:07:01","modified_gmt":"2021-04-16T09:07:01","slug":"antirid-krema","status":"publish","type":"product","link":"https:\/\/www.thegoldengoddess.net\/sr\/shop\/nega-lica\/antirid-krema\/","title":{"rendered":"Antirid krema"},"content":{"rendered":"","protected":false},"excerpt":{"rendered":"<p>Na\u0161a 100% prirodna antirid krema protiv starenja je veoma efikasna i delotvorna.<br \/>\nZasnovana je na \u010detiri efikasna aktivna principa \u2013 Argirelin, prah bisera, hijaluronska kiselina i tripeptidi.<br \/>\nNa\u0161a krema, poput botoksa, zate\u017ee ko\u017eu lica, dok minerali i amino kiseline hrane ko\u017eu i stimuli\u0161u proizvodnju kolagena i elastina. Prodire kroz povr\u0161inske slojeve ko\u017ee i efikasno popunjava male i srednje bore, obnavlja ko\u017eu i vra\u0107a joj vitalnost i \u010dvrstinu.<\/p>\n<p>Preporuka za kori\u0161\u0107enje: Kremu je najbolje koristiti u ve\u010dernjoj rutini nege kako bi ko\u017ea za vreme sna maksimalno iskoristila potencijale kreme. Me\u0111utim, i jutarnja nega mo\u017ee podrazumevati ovako intenzivan tretman, posebno za br\u017ee i jasnije efekte.<\/p>\n<p>Sastav: Hidrolat mati\u010dnjaka, baobab ulje, fitocream, argireline, prah bisera, gel crvenih algi, skvalan, tripeptide-5, koko-kaprilat, pantenol, glicerin, vitamin E, glukonolakton, natrijum benzoat, kalcijum glukonat, hijaluronska kiselina, alantoin, eteri\u010dna ulja.<\/p>\n<p>Napomena: Na\u0161i proizvodi su klini\u010dki ispitani u akreditovanoj laboratoriji i poseduju izve\u0161taj o zdravstvenoj ispravnosti.<\/p>\n","protected":false},"featured_media":8978,"comment_status":"open","ping_status":"closed","template":"","meta":{"_acf_changed":false},"product_brand":[],"product_cat":[82],"product_tag":[],"class_list":{"0":"post-8765","1":"product","2":"type-product","3":"status-publish","4":"has-post-thumbnail","6":"product_cat-nega-lica","8":"first","9":"instock","10":"shipping-taxable","11":"purchasable","12":"product-type-simple"},"acf":[],"yoast_head":"<!-- This site is optimized with the Yoast SEO plugin v27.4 - https:\/\/yoast.com\/product\/yoast-seo-wordpress\/ -->\n<title>Antirid krema - The Golden Goddess<\/title>\n<meta name=\"description\" content=\"The Golden Goddess prirodna antirid krema protiv starenja je veoma efikasna i delotvorna.Prodire kroz povr\u0161inske slojeve ko\u017ee i efikasno popunjava bore.\" \/>\n<meta name=\"robots\" content=\"index, follow, max-snippet:-1, max-image-preview:large, max-video-preview:-1\" \/>\n<link rel=\"canonical\" href=\"https:\/\/www.thegoldengoddess.net\/sr\/shop\/nega-lica\/antirid-krema\/\" \/>\n<meta property=\"og:locale\" content=\"sr_RS\" \/>\n<meta property=\"og:type\" content=\"article\" \/>\n<meta property=\"og:title\" content=\"Antirid krema - The Golden Goddess\" \/>\n<meta property=\"og:description\" content=\"The Golden Goddess prirodna antirid krema protiv starenja je veoma efikasna i delotvorna.Prodire kroz povr\u0161inske slojeve ko\u017ee i efikasno popunjava bore.\" \/>\n<meta property=\"og:url\" content=\"https:\/\/www.thegoldengoddess.net\/sr\/shop\/nega-lica\/antirid-krema\/\" \/>\n<meta property=\"og:site_name\" content=\"The Golden Goddess\" \/>\n<meta property=\"article:modified_time\" content=\"2021-04-16T09:07:01+00:00\" \/>\n<meta property=\"og:image\" content=\"https:\/\/www.thegoldengoddess.net\/wp-content\/uploads\/2020\/05\/Antirid-krema-600p-min.jpg\" \/>\n\t<meta property=\"og:image:width\" content=\"600\" \/>\n\t<meta property=\"og:image:height\" content=\"600\" \/>\n\t<meta property=\"og:image:type\" content=\"image\/jpeg\" \/>\n<meta name=\"twitter:card\" content=\"summary_large_image\" \/>\n<script type=\"application\/ld+json\" class=\"yoast-schema-graph\">{\"@context\":\"https:\\\/\\\/schema.org\",\"@graph\":[{\"@type\":\"WebPage\",\"@id\":\"https:\\\/\\\/www.thegoldengoddess.net\\\/sr\\\/shop\\\/nega-lica\\\/antirid-krema\\\/\",\"url\":\"https:\\\/\\\/www.thegoldengoddess.net\\\/sr\\\/shop\\\/nega-lica\\\/antirid-krema\\\/\",\"name\":\"Antirid krema - The Golden Goddess\",\"isPartOf\":{\"@id\":\"https:\\\/\\\/www.thegoldengoddess.net\\\/#website\"},\"primaryImageOfPage\":{\"@id\":\"https:\\\/\\\/www.thegoldengoddess.net\\\/sr\\\/shop\\\/nega-lica\\\/antirid-krema\\\/#primaryimage\"},\"image\":{\"@id\":\"https:\\\/\\\/www.thegoldengoddess.net\\\/sr\\\/shop\\\/nega-lica\\\/antirid-krema\\\/#primaryimage\"},\"thumbnailUrl\":\"https:\\\/\\\/www.thegoldengoddess.net\\\/wp-content\\\/uploads\\\/2020\\\/05\\\/Antirid-krema-600p-min.jpg\",\"datePublished\":\"2020-05-22T08:31:09+00:00\",\"dateModified\":\"2021-04-16T09:07:01+00:00\",\"description\":\"The Golden Goddess prirodna antirid krema protiv starenja je veoma efikasna i delotvorna.Prodire kroz povr\u0161inske slojeve ko\u017ee i efikasno popunjava bore.\",\"breadcrumb\":{\"@id\":\"https:\\\/\\\/www.thegoldengoddess.net\\\/sr\\\/shop\\\/nega-lica\\\/antirid-krema\\\/#breadcrumb\"},\"inLanguage\":\"sr-RS\",\"potentialAction\":[{\"@type\":\"ReadAction\",\"target\":[\"https:\\\/\\\/www.thegoldengoddess.net\\\/sr\\\/shop\\\/nega-lica\\\/antirid-krema\\\/\"]}]},{\"@type\":\"ImageObject\",\"inLanguage\":\"sr-RS\",\"@id\":\"https:\\\/\\\/www.thegoldengoddess.net\\\/sr\\\/shop\\\/nega-lica\\\/antirid-krema\\\/#primaryimage\",\"url\":\"https:\\\/\\\/www.thegoldengoddess.net\\\/wp-content\\\/uploads\\\/2020\\\/05\\\/Antirid-krema-600p-min.jpg\",\"contentUrl\":\"https:\\\/\\\/www.thegoldengoddess.net\\\/wp-content\\\/uploads\\\/2020\\\/05\\\/Antirid-krema-600p-min.jpg\",\"width\":600,\"height\":600,\"caption\":\"anti aging cream the golden goddess\"},{\"@type\":\"BreadcrumbList\",\"@id\":\"https:\\\/\\\/www.thegoldengoddess.net\\\/sr\\\/shop\\\/nega-lica\\\/antirid-krema\\\/#breadcrumb\",\"itemListElement\":[{\"@type\":\"ListItem\",\"position\":1,\"name\":\"Home\",\"item\":\"https:\\\/\\\/www.thegoldengoddess.net\\\/sr\\\/\"},{\"@type\":\"ListItem\",\"position\":2,\"name\":\"Prodavnica\",\"item\":\"https:\\\/\\\/www.thegoldengoddess.net\\\/sr\\\/prodavnica\\\/\"},{\"@type\":\"ListItem\",\"position\":3,\"name\":\"Antirid krema\"}]},{\"@type\":\"WebSite\",\"@id\":\"https:\\\/\\\/www.thegoldengoddess.net\\\/#website\",\"url\":\"https:\\\/\\\/www.thegoldengoddess.net\\\/\",\"name\":\"The Golden Goddess\",\"description\":\"The highest quality natural hair products\",\"potentialAction\":[{\"@type\":\"SearchAction\",\"target\":{\"@type\":\"EntryPoint\",\"urlTemplate\":\"https:\\\/\\\/www.thegoldengoddess.net\\\/?s={search_term_string}\"},\"query-input\":{\"@type\":\"PropertyValueSpecification\",\"valueRequired\":true,\"valueName\":\"search_term_string\"}}],\"inLanguage\":\"sr-RS\"}]}<\/script>\n<!-- \/ Yoast SEO plugin. -->","yoast_head_json":{"title":"Antirid krema - The Golden Goddess","description":"The Golden Goddess prirodna antirid krema protiv starenja je veoma efikasna i delotvorna.Prodire kroz povr\u0161inske slojeve ko\u017ee i efikasno popunjava bore.","robots":{"index":"index","follow":"follow","max-snippet":"max-snippet:-1","max-image-preview":"max-image-preview:large","max-video-preview":"max-video-preview:-1"},"canonical":"https:\/\/www.thegoldengoddess.net\/sr\/shop\/nega-lica\/antirid-krema\/","og_locale":"sr_RS","og_type":"article","og_title":"Antirid krema - The Golden Goddess","og_description":"The Golden Goddess prirodna antirid krema protiv starenja je veoma efikasna i delotvorna.Prodire kroz povr\u0161inske slojeve ko\u017ee i efikasno popunjava bore.","og_url":"https:\/\/www.thegoldengoddess.net\/sr\/shop\/nega-lica\/antirid-krema\/","og_site_name":"The Golden Goddess","article_modified_time":"2021-04-16T09:07:01+00:00","og_image":[{"width":600,"height":600,"url":"https:\/\/www.thegoldengoddess.net\/wp-content\/uploads\/2020\/05\/Antirid-krema-600p-min.jpg","type":"image\/jpeg"}],"twitter_card":"summary_large_image","schema":{"@context":"https:\/\/schema.org","@graph":[{"@type":"WebPage","@id":"https:\/\/www.thegoldengoddess.net\/sr\/shop\/nega-lica\/antirid-krema\/","url":"https:\/\/www.thegoldengoddess.net\/sr\/shop\/nega-lica\/antirid-krema\/","name":"Antirid krema - The Golden Goddess","isPartOf":{"@id":"https:\/\/www.thegoldengoddess.net\/#website"},"primaryImageOfPage":{"@id":"https:\/\/www.thegoldengoddess.net\/sr\/shop\/nega-lica\/antirid-krema\/#primaryimage"},"image":{"@id":"https:\/\/www.thegoldengoddess.net\/sr\/shop\/nega-lica\/antirid-krema\/#primaryimage"},"thumbnailUrl":"https:\/\/www.thegoldengoddess.net\/wp-content\/uploads\/2020\/05\/Antirid-krema-600p-min.jpg","datePublished":"2020-05-22T08:31:09+00:00","dateModified":"2021-04-16T09:07:01+00:00","description":"The Golden Goddess prirodna antirid krema protiv starenja je veoma efikasna i delotvorna.Prodire kroz povr\u0161inske slojeve ko\u017ee i efikasno popunjava bore.","breadcrumb":{"@id":"https:\/\/www.thegoldengoddess.net\/sr\/shop\/nega-lica\/antirid-krema\/#breadcrumb"},"inLanguage":"sr-RS","potentialAction":[{"@type":"ReadAction","target":["https:\/\/www.thegoldengoddess.net\/sr\/shop\/nega-lica\/antirid-krema\/"]}]},{"@type":"ImageObject","inLanguage":"sr-RS","@id":"https:\/\/www.thegoldengoddess.net\/sr\/shop\/nega-lica\/antirid-krema\/#primaryimage","url":"https:\/\/www.thegoldengoddess.net\/wp-content\/uploads\/2020\/05\/Antirid-krema-600p-min.jpg","contentUrl":"https:\/\/www.thegoldengoddess.net\/wp-content\/uploads\/2020\/05\/Antirid-krema-600p-min.jpg","width":600,"height":600,"caption":"anti aging cream the golden goddess"},{"@type":"BreadcrumbList","@id":"https:\/\/www.thegoldengoddess.net\/sr\/shop\/nega-lica\/antirid-krema\/#breadcrumb","itemListElement":[{"@type":"ListItem","position":1,"name":"Home","item":"https:\/\/www.thegoldengoddess.net\/sr\/"},{"@type":"ListItem","position":2,"name":"Prodavnica","item":"https:\/\/www.thegoldengoddess.net\/sr\/prodavnica\/"},{"@type":"ListItem","position":3,"name":"Antirid krema"}]},{"@type":"WebSite","@id":"https:\/\/www.thegoldengoddess.net\/#website","url":"https:\/\/www.thegoldengoddess.net\/","name":"The Golden Goddess","description":"The highest quality natural hair products","potentialAction":[{"@type":"SearchAction","target":{"@type":"EntryPoint","urlTemplate":"https:\/\/www.thegoldengoddess.net\/?s={search_term_string}"},"query-input":{"@type":"PropertyValueSpecification","valueRequired":true,"valueName":"search_term_string"}}],"inLanguage":"sr-RS"}]}},"_links":{"self":[{"href":"https:\/\/www.thegoldengoddess.net\/sr\/wp-json\/wp\/v2\/product\/8765","targetHints":{"allow":["GET"]}}],"collection":[{"href":"https:\/\/www.thegoldengoddess.net\/sr\/wp-json\/wp\/v2\/product"}],"about":[{"href":"https:\/\/www.thegoldengoddess.net\/sr\/wp-json\/wp\/v2\/types\/product"}],"replies":[{"embeddable":true,"href":"https:\/\/www.thegoldengoddess.net\/sr\/wp-json\/wp\/v2\/comments?post=8765"}],"wp:featuredmedia":[{"embeddable":true,"href":"https:\/\/www.thegoldengoddess.net\/sr\/wp-json\/wp\/v2\/media\/8978"}],"wp:attachment":[{"href":"https:\/\/www.thegoldengoddess.net\/sr\/wp-json\/wp\/v2\/media?parent=8765"}],"wp:term":[{"taxonomy":"product_brand","embeddable":true,"href":"https:\/\/www.thegoldengoddess.net\/sr\/wp-json\/wp\/v2\/product_brand?post=8765"},{"taxonomy":"product_cat","embeddable":true,"href":"https:\/\/www.thegoldengoddess.net\/sr\/wp-json\/wp\/v2\/product_cat?post=8765"},{"taxonomy":"product_tag","embeddable":true,"href":"https:\/\/www.thegoldengoddess.net\/sr\/wp-json\/wp\/v2\/product_tag?post=8765"}],"curies":[{"name":"wp","href":"https:\/\/api.w.org\/{rel}","templated":true}]}}