{"id":8763,"date":"2020-05-22T08:09:58","date_gmt":"2020-05-22T08:09:58","guid":{"rendered":"https:\/\/www.thegoldengoddess.net\/?post_type=product&#038;p=8763"},"modified":"2021-04-16T09:09:00","modified_gmt":"2021-04-16T09:09:00","slug":"krema-za-lice","status":"publish","type":"product","link":"https:\/\/www.thegoldengoddess.net\/sr\/shop\/nega-lica\/krema-za-lice\/","title":{"rendered":"Krema za lice"},"content":{"rendered":"","protected":false},"excerpt":{"rendered":"<p>100% prirodna, hidrantna krema za lice koja se brzo upija i ne ostavlja ko\u017eu masnom, ve\u0107 \u010dudesno mekom i toniranom.<br \/>\nVeoma lagana, egzoti\u010dnog sastava i mirisa, oboga\u0107ena betaglukanom kao revolucionarnim otkri\u0107em savremene kozmetologije, ova krema namenjena je svakodnevnoj rutini nege svih tipova ko\u017ee. Mladu ko\u017eu u\u010dini\u0107e otpornijom u borbi sa slobodnim radikalima i nepovoljnim uticajima spolja\u0161nje sredine, a zreloj ko\u017ei vrati\u0107e tonus i vitalnost. Kombinacija etarskog ulja kamelije i limete dodatno neguje i osve\u017eava svojom bo\u017eanstvenom mirisnom kombinacijom.<br \/>\nSavet za upotrebu: Mo\u017ee se koristiti i u dnevnoj i u ve\u010dernjoj rutini nege i kao podloga za puder.<\/p>\n<p>Sastav: Hidrolat jasmina, destilat hamamelisa, olivem, ulje avokada, ulje jojobe, ulje argana, glicerin, gel crvenih algi, beta glukan, ekstrakt ovsa, koko-kaprilat, pantenol, vitamin E, eteri\u010dna ulja, glukonolakton, natrijum benzoat, kalcijum glukonat, ekstrakt ruzmarina, hijaluronska kiselina, alantoin.<\/p>\n<p>Napomena: Na\u0161i proizvodi su klini\u010dki ispitani u akreditovanoj laboratoriji i poseduju izve\u0161taj o zdravstvenoj ispravnosti.<\/p>\n","protected":false},"featured_media":8982,"comment_status":"open","ping_status":"closed","template":"","meta":{"_acf_changed":false},"product_brand":[],"product_cat":[82],"product_tag":[],"class_list":{"0":"post-8763","1":"product","2":"type-product","3":"status-publish","4":"has-post-thumbnail","6":"product_cat-nega-lica","8":"first","9":"instock","10":"shipping-taxable","11":"purchasable","12":"product-type-simple"},"acf":[],"yoast_head":"<!-- This site is optimized with the Yoast SEO plugin v27.4 - https:\/\/yoast.com\/product\/yoast-seo-wordpress\/ -->\n<title>Krema za lice - The Golden Goddess<\/title>\n<meta name=\"description\" content=\"The Golden Goddess prirodna, hidrantna krema za lice koja se brzo upija i ne ostavlja ko\u017eu masnom, ve\u0107 \u010dudesno mekom i toniranom.\" \/>\n<meta name=\"robots\" content=\"index, follow, max-snippet:-1, max-image-preview:large, max-video-preview:-1\" \/>\n<link rel=\"canonical\" href=\"https:\/\/www.thegoldengoddess.net\/sr\/shop\/nega-lica\/krema-za-lice\/\" \/>\n<meta property=\"og:locale\" content=\"sr_RS\" \/>\n<meta property=\"og:type\" content=\"article\" \/>\n<meta property=\"og:title\" content=\"Krema za lice - The Golden Goddess\" \/>\n<meta property=\"og:description\" content=\"The Golden Goddess prirodna, hidrantna krema za lice koja se brzo upija i ne ostavlja ko\u017eu masnom, ve\u0107 \u010dudesno mekom i toniranom.\" \/>\n<meta property=\"og:url\" content=\"https:\/\/www.thegoldengoddess.net\/sr\/shop\/nega-lica\/krema-za-lice\/\" \/>\n<meta property=\"og:site_name\" content=\"The Golden Goddess\" \/>\n<meta property=\"article:modified_time\" content=\"2021-04-16T09:09:00+00:00\" \/>\n<meta property=\"og:image\" content=\"https:\/\/www.thegoldengoddess.net\/wp-content\/uploads\/2020\/05\/Krema-za-lice-600p-min.jpg\" \/>\n\t<meta property=\"og:image:width\" content=\"600\" \/>\n\t<meta property=\"og:image:height\" content=\"600\" \/>\n\t<meta property=\"og:image:type\" content=\"image\/jpeg\" \/>\n<meta name=\"twitter:card\" content=\"summary_large_image\" \/>\n<script type=\"application\/ld+json\" class=\"yoast-schema-graph\">{\"@context\":\"https:\\\/\\\/schema.org\",\"@graph\":[{\"@type\":\"WebPage\",\"@id\":\"https:\\\/\\\/www.thegoldengoddess.net\\\/sr\\\/shop\\\/nega-lica\\\/krema-za-lice\\\/\",\"url\":\"https:\\\/\\\/www.thegoldengoddess.net\\\/sr\\\/shop\\\/nega-lica\\\/krema-za-lice\\\/\",\"name\":\"Krema za lice - The Golden Goddess\",\"isPartOf\":{\"@id\":\"https:\\\/\\\/www.thegoldengoddess.net\\\/#website\"},\"primaryImageOfPage\":{\"@id\":\"https:\\\/\\\/www.thegoldengoddess.net\\\/sr\\\/shop\\\/nega-lica\\\/krema-za-lice\\\/#primaryimage\"},\"image\":{\"@id\":\"https:\\\/\\\/www.thegoldengoddess.net\\\/sr\\\/shop\\\/nega-lica\\\/krema-za-lice\\\/#primaryimage\"},\"thumbnailUrl\":\"https:\\\/\\\/www.thegoldengoddess.net\\\/wp-content\\\/uploads\\\/2020\\\/05\\\/Krema-za-lice-600p-min.jpg\",\"datePublished\":\"2020-05-22T08:09:58+00:00\",\"dateModified\":\"2021-04-16T09:09:00+00:00\",\"description\":\"The Golden Goddess prirodna, hidrantna krema za lice koja se brzo upija i ne ostavlja ko\u017eu masnom, ve\u0107 \u010dudesno mekom i toniranom.\",\"breadcrumb\":{\"@id\":\"https:\\\/\\\/www.thegoldengoddess.net\\\/sr\\\/shop\\\/nega-lica\\\/krema-za-lice\\\/#breadcrumb\"},\"inLanguage\":\"sr-RS\",\"potentialAction\":[{\"@type\":\"ReadAction\",\"target\":[\"https:\\\/\\\/www.thegoldengoddess.net\\\/sr\\\/shop\\\/nega-lica\\\/krema-za-lice\\\/\"]}]},{\"@type\":\"ImageObject\",\"inLanguage\":\"sr-RS\",\"@id\":\"https:\\\/\\\/www.thegoldengoddess.net\\\/sr\\\/shop\\\/nega-lica\\\/krema-za-lice\\\/#primaryimage\",\"url\":\"https:\\\/\\\/www.thegoldengoddess.net\\\/wp-content\\\/uploads\\\/2020\\\/05\\\/Krema-za-lice-600p-min.jpg\",\"contentUrl\":\"https:\\\/\\\/www.thegoldengoddess.net\\\/wp-content\\\/uploads\\\/2020\\\/05\\\/Krema-za-lice-600p-min.jpg\",\"width\":600,\"height\":600,\"caption\":\"face cream the golden goddess\"},{\"@type\":\"BreadcrumbList\",\"@id\":\"https:\\\/\\\/www.thegoldengoddess.net\\\/sr\\\/shop\\\/nega-lica\\\/krema-za-lice\\\/#breadcrumb\",\"itemListElement\":[{\"@type\":\"ListItem\",\"position\":1,\"name\":\"Home\",\"item\":\"https:\\\/\\\/www.thegoldengoddess.net\\\/sr\\\/\"},{\"@type\":\"ListItem\",\"position\":2,\"name\":\"Prodavnica\",\"item\":\"https:\\\/\\\/www.thegoldengoddess.net\\\/sr\\\/prodavnica\\\/\"},{\"@type\":\"ListItem\",\"position\":3,\"name\":\"Krema za lice\"}]},{\"@type\":\"WebSite\",\"@id\":\"https:\\\/\\\/www.thegoldengoddess.net\\\/#website\",\"url\":\"https:\\\/\\\/www.thegoldengoddess.net\\\/\",\"name\":\"The Golden Goddess\",\"description\":\"The highest quality natural hair products\",\"potentialAction\":[{\"@type\":\"SearchAction\",\"target\":{\"@type\":\"EntryPoint\",\"urlTemplate\":\"https:\\\/\\\/www.thegoldengoddess.net\\\/?s={search_term_string}\"},\"query-input\":{\"@type\":\"PropertyValueSpecification\",\"valueRequired\":true,\"valueName\":\"search_term_string\"}}],\"inLanguage\":\"sr-RS\"}]}<\/script>\n<!-- \/ Yoast SEO plugin. -->","yoast_head_json":{"title":"Krema za lice - The Golden Goddess","description":"The Golden Goddess prirodna, hidrantna krema za lice koja se brzo upija i ne ostavlja ko\u017eu masnom, ve\u0107 \u010dudesno mekom i toniranom.","robots":{"index":"index","follow":"follow","max-snippet":"max-snippet:-1","max-image-preview":"max-image-preview:large","max-video-preview":"max-video-preview:-1"},"canonical":"https:\/\/www.thegoldengoddess.net\/sr\/shop\/nega-lica\/krema-za-lice\/","og_locale":"sr_RS","og_type":"article","og_title":"Krema za lice - The Golden Goddess","og_description":"The Golden Goddess prirodna, hidrantna krema za lice koja se brzo upija i ne ostavlja ko\u017eu masnom, ve\u0107 \u010dudesno mekom i toniranom.","og_url":"https:\/\/www.thegoldengoddess.net\/sr\/shop\/nega-lica\/krema-za-lice\/","og_site_name":"The Golden Goddess","article_modified_time":"2021-04-16T09:09:00+00:00","og_image":[{"width":600,"height":600,"url":"https:\/\/www.thegoldengoddess.net\/wp-content\/uploads\/2020\/05\/Krema-za-lice-600p-min.jpg","type":"image\/jpeg"}],"twitter_card":"summary_large_image","schema":{"@context":"https:\/\/schema.org","@graph":[{"@type":"WebPage","@id":"https:\/\/www.thegoldengoddess.net\/sr\/shop\/nega-lica\/krema-za-lice\/","url":"https:\/\/www.thegoldengoddess.net\/sr\/shop\/nega-lica\/krema-za-lice\/","name":"Krema za lice - The Golden Goddess","isPartOf":{"@id":"https:\/\/www.thegoldengoddess.net\/#website"},"primaryImageOfPage":{"@id":"https:\/\/www.thegoldengoddess.net\/sr\/shop\/nega-lica\/krema-za-lice\/#primaryimage"},"image":{"@id":"https:\/\/www.thegoldengoddess.net\/sr\/shop\/nega-lica\/krema-za-lice\/#primaryimage"},"thumbnailUrl":"https:\/\/www.thegoldengoddess.net\/wp-content\/uploads\/2020\/05\/Krema-za-lice-600p-min.jpg","datePublished":"2020-05-22T08:09:58+00:00","dateModified":"2021-04-16T09:09:00+00:00","description":"The Golden Goddess prirodna, hidrantna krema za lice koja se brzo upija i ne ostavlja ko\u017eu masnom, ve\u0107 \u010dudesno mekom i toniranom.","breadcrumb":{"@id":"https:\/\/www.thegoldengoddess.net\/sr\/shop\/nega-lica\/krema-za-lice\/#breadcrumb"},"inLanguage":"sr-RS","potentialAction":[{"@type":"ReadAction","target":["https:\/\/www.thegoldengoddess.net\/sr\/shop\/nega-lica\/krema-za-lice\/"]}]},{"@type":"ImageObject","inLanguage":"sr-RS","@id":"https:\/\/www.thegoldengoddess.net\/sr\/shop\/nega-lica\/krema-za-lice\/#primaryimage","url":"https:\/\/www.thegoldengoddess.net\/wp-content\/uploads\/2020\/05\/Krema-za-lice-600p-min.jpg","contentUrl":"https:\/\/www.thegoldengoddess.net\/wp-content\/uploads\/2020\/05\/Krema-za-lice-600p-min.jpg","width":600,"height":600,"caption":"face cream the golden goddess"},{"@type":"BreadcrumbList","@id":"https:\/\/www.thegoldengoddess.net\/sr\/shop\/nega-lica\/krema-za-lice\/#breadcrumb","itemListElement":[{"@type":"ListItem","position":1,"name":"Home","item":"https:\/\/www.thegoldengoddess.net\/sr\/"},{"@type":"ListItem","position":2,"name":"Prodavnica","item":"https:\/\/www.thegoldengoddess.net\/sr\/prodavnica\/"},{"@type":"ListItem","position":3,"name":"Krema za lice"}]},{"@type":"WebSite","@id":"https:\/\/www.thegoldengoddess.net\/#website","url":"https:\/\/www.thegoldengoddess.net\/","name":"The Golden Goddess","description":"The highest quality natural hair products","potentialAction":[{"@type":"SearchAction","target":{"@type":"EntryPoint","urlTemplate":"https:\/\/www.thegoldengoddess.net\/?s={search_term_string}"},"query-input":{"@type":"PropertyValueSpecification","valueRequired":true,"valueName":"search_term_string"}}],"inLanguage":"sr-RS"}]}},"_links":{"self":[{"href":"https:\/\/www.thegoldengoddess.net\/sr\/wp-json\/wp\/v2\/product\/8763","targetHints":{"allow":["GET"]}}],"collection":[{"href":"https:\/\/www.thegoldengoddess.net\/sr\/wp-json\/wp\/v2\/product"}],"about":[{"href":"https:\/\/www.thegoldengoddess.net\/sr\/wp-json\/wp\/v2\/types\/product"}],"replies":[{"embeddable":true,"href":"https:\/\/www.thegoldengoddess.net\/sr\/wp-json\/wp\/v2\/comments?post=8763"}],"wp:featuredmedia":[{"embeddable":true,"href":"https:\/\/www.thegoldengoddess.net\/sr\/wp-json\/wp\/v2\/media\/8982"}],"wp:attachment":[{"href":"https:\/\/www.thegoldengoddess.net\/sr\/wp-json\/wp\/v2\/media?parent=8763"}],"wp:term":[{"taxonomy":"product_brand","embeddable":true,"href":"https:\/\/www.thegoldengoddess.net\/sr\/wp-json\/wp\/v2\/product_brand?post=8763"},{"taxonomy":"product_cat","embeddable":true,"href":"https:\/\/www.thegoldengoddess.net\/sr\/wp-json\/wp\/v2\/product_cat?post=8763"},{"taxonomy":"product_tag","embeddable":true,"href":"https:\/\/www.thegoldengoddess.net\/sr\/wp-json\/wp\/v2\/product_tag?post=8763"}],"curies":[{"name":"wp","href":"https:\/\/api.w.org\/{rel}","templated":true}]}}