{"id":767,"date":"2018-03-13T13:57:07","date_gmt":"2018-03-13T13:57:07","guid":{"rendered":"https:\/\/www.thegoldengoddess.net\/delivery-of-goods\/"},"modified":"2020-06-26T11:07:21","modified_gmt":"2020-06-26T11:07:21","slug":"dostava-robe","status":"publish","type":"page","link":"https:\/\/www.thegoldengoddess.net\/sr\/dostava-robe\/","title":{"rendered":"Dostava Robe"},"content":{"rendered":"","protected":false},"excerpt":{"rendered":"","protected":false},"author":786,"featured_media":0,"parent":0,"menu_order":0,"comment_status":"closed","ping_status":"closed","template":"templates\/page-terms.php","meta":{"_acf_changed":false,"footnotes":""},"class_list":["post-767","page","type-page","status-publish","hentry"],"acf":[],"yoast_head":"<!-- This site is optimized with the Yoast SEO plugin v27.4 - https:\/\/yoast.com\/product\/yoast-seo-wordpress\/ -->\n<title>Dostava Robe - The Golden Goddess<\/title>\n<meta name=\"description\" content=\"Dostava artikala koje ste poru\u010dili obavlja se u najkra\u0107em mogu\u0107em roku putem kurirske slu\u017ebe. Pla\u0107anje robe obavlja se pouze\u0107em.\" \/>\n<meta name=\"robots\" content=\"index, follow, max-snippet:-1, max-image-preview:large, max-video-preview:-1\" \/>\n<link rel=\"canonical\" href=\"https:\/\/www.thegoldengoddess.net\/sr\/dostava-robe\/\" \/>\n<meta property=\"og:locale\" content=\"sr_RS\" \/>\n<meta property=\"og:type\" content=\"article\" \/>\n<meta property=\"og:title\" content=\"Dostava Robe - The Golden Goddess\" \/>\n<meta property=\"og:description\" content=\"Dostava artikala koje ste poru\u010dili obavlja se u najkra\u0107em mogu\u0107em roku putem kurirske slu\u017ebe. Pla\u0107anje robe obavlja se pouze\u0107em.\" \/>\n<meta property=\"og:url\" content=\"https:\/\/www.thegoldengoddess.net\/sr\/dostava-robe\/\" \/>\n<meta property=\"og:site_name\" content=\"The Golden Goddess\" \/>\n<meta property=\"article:modified_time\" content=\"2020-06-26T11:07:21+00:00\" \/>\n<meta name=\"twitter:card\" content=\"summary_large_image\" \/>\n<script type=\"application\/ld+json\" class=\"yoast-schema-graph\">{\"@context\":\"https:\\\/\\\/schema.org\",\"@graph\":[{\"@type\":\"WebPage\",\"@id\":\"https:\\\/\\\/www.thegoldengoddess.net\\\/sr\\\/dostava-robe\\\/\",\"url\":\"https:\\\/\\\/www.thegoldengoddess.net\\\/sr\\\/dostava-robe\\\/\",\"name\":\"Dostava Robe - The Golden Goddess\",\"isPartOf\":{\"@id\":\"https:\\\/\\\/www.thegoldengoddess.net\\\/#website\"},\"datePublished\":\"2018-03-13T13:57:07+00:00\",\"dateModified\":\"2020-06-26T11:07:21+00:00\",\"description\":\"Dostava artikala koje ste poru\u010dili obavlja se u najkra\u0107em mogu\u0107em roku putem kurirske slu\u017ebe. Pla\u0107anje robe obavlja se pouze\u0107em.\",\"breadcrumb\":{\"@id\":\"https:\\\/\\\/www.thegoldengoddess.net\\\/sr\\\/dostava-robe\\\/#breadcrumb\"},\"inLanguage\":\"sr-RS\",\"potentialAction\":[{\"@type\":\"ReadAction\",\"target\":[\"https:\\\/\\\/www.thegoldengoddess.net\\\/sr\\\/dostava-robe\\\/\"]}]},{\"@type\":\"BreadcrumbList\",\"@id\":\"https:\\\/\\\/www.thegoldengoddess.net\\\/sr\\\/dostava-robe\\\/#breadcrumb\",\"itemListElement\":[{\"@type\":\"ListItem\",\"position\":1,\"name\":\"Home\",\"item\":\"https:\\\/\\\/www.thegoldengoddess.net\\\/sr\\\/\"},{\"@type\":\"ListItem\",\"position\":2,\"name\":\"Dostava Robe\"}]},{\"@type\":\"WebSite\",\"@id\":\"https:\\\/\\\/www.thegoldengoddess.net\\\/#website\",\"url\":\"https:\\\/\\\/www.thegoldengoddess.net\\\/\",\"name\":\"The Golden Goddess\",\"description\":\"The highest quality natural hair products\",\"potentialAction\":[{\"@type\":\"SearchAction\",\"target\":{\"@type\":\"EntryPoint\",\"urlTemplate\":\"https:\\\/\\\/www.thegoldengoddess.net\\\/?s={search_term_string}\"},\"query-input\":{\"@type\":\"PropertyValueSpecification\",\"valueRequired\":true,\"valueName\":\"search_term_string\"}}],\"inLanguage\":\"sr-RS\"}]}<\/script>\n<!-- \/ Yoast SEO plugin. -->","yoast_head_json":{"title":"Dostava Robe - The Golden Goddess","description":"Dostava artikala koje ste poru\u010dili obavlja se u najkra\u0107em mogu\u0107em roku putem kurirske slu\u017ebe. Pla\u0107anje robe obavlja se pouze\u0107em.","robots":{"index":"index","follow":"follow","max-snippet":"max-snippet:-1","max-image-preview":"max-image-preview:large","max-video-preview":"max-video-preview:-1"},"canonical":"https:\/\/www.thegoldengoddess.net\/sr\/dostava-robe\/","og_locale":"sr_RS","og_type":"article","og_title":"Dostava Robe - The Golden Goddess","og_description":"Dostava artikala koje ste poru\u010dili obavlja se u najkra\u0107em mogu\u0107em roku putem kurirske slu\u017ebe. Pla\u0107anje robe obavlja se pouze\u0107em.","og_url":"https:\/\/www.thegoldengoddess.net\/sr\/dostava-robe\/","og_site_name":"The Golden Goddess","article_modified_time":"2020-06-26T11:07:21+00:00","twitter_card":"summary_large_image","schema":{"@context":"https:\/\/schema.org","@graph":[{"@type":"WebPage","@id":"https:\/\/www.thegoldengoddess.net\/sr\/dostava-robe\/","url":"https:\/\/www.thegoldengoddess.net\/sr\/dostava-robe\/","name":"Dostava Robe - The Golden Goddess","isPartOf":{"@id":"https:\/\/www.thegoldengoddess.net\/#website"},"datePublished":"2018-03-13T13:57:07+00:00","dateModified":"2020-06-26T11:07:21+00:00","description":"Dostava artikala koje ste poru\u010dili obavlja se u najkra\u0107em mogu\u0107em roku putem kurirske slu\u017ebe. Pla\u0107anje robe obavlja se pouze\u0107em.","breadcrumb":{"@id":"https:\/\/www.thegoldengoddess.net\/sr\/dostava-robe\/#breadcrumb"},"inLanguage":"sr-RS","potentialAction":[{"@type":"ReadAction","target":["https:\/\/www.thegoldengoddess.net\/sr\/dostava-robe\/"]}]},{"@type":"BreadcrumbList","@id":"https:\/\/www.thegoldengoddess.net\/sr\/dostava-robe\/#breadcrumb","itemListElement":[{"@type":"ListItem","position":1,"name":"Home","item":"https:\/\/www.thegoldengoddess.net\/sr\/"},{"@type":"ListItem","position":2,"name":"Dostava Robe"}]},{"@type":"WebSite","@id":"https:\/\/www.thegoldengoddess.net\/#website","url":"https:\/\/www.thegoldengoddess.net\/","name":"The Golden Goddess","description":"The highest quality natural hair products","potentialAction":[{"@type":"SearchAction","target":{"@type":"EntryPoint","urlTemplate":"https:\/\/www.thegoldengoddess.net\/?s={search_term_string}"},"query-input":{"@type":"PropertyValueSpecification","valueRequired":true,"valueName":"search_term_string"}}],"inLanguage":"sr-RS"}]}},"_links":{"self":[{"href":"https:\/\/www.thegoldengoddess.net\/sr\/wp-json\/wp\/v2\/pages\/767","targetHints":{"allow":["GET"]}}],"collection":[{"href":"https:\/\/www.thegoldengoddess.net\/sr\/wp-json\/wp\/v2\/pages"}],"about":[{"href":"https:\/\/www.thegoldengoddess.net\/sr\/wp-json\/wp\/v2\/types\/page"}],"author":[{"embeddable":true,"href":"https:\/\/www.thegoldengoddess.net\/sr\/wp-json\/wp\/v2\/users\/786"}],"replies":[{"embeddable":true,"href":"https:\/\/www.thegoldengoddess.net\/sr\/wp-json\/wp\/v2\/comments?post=767"}],"version-history":[{"count":6,"href":"https:\/\/www.thegoldengoddess.net\/sr\/wp-json\/wp\/v2\/pages\/767\/revisions"}],"predecessor-version":[{"id":8323,"href":"https:\/\/www.thegoldengoddess.net\/sr\/wp-json\/wp\/v2\/pages\/767\/revisions\/8323"}],"wp:attachment":[{"href":"https:\/\/www.thegoldengoddess.net\/sr\/wp-json\/wp\/v2\/media?parent=767"}],"curies":[{"name":"wp","href":"https:\/\/api.w.org\/{rel}","templated":true}]}}