{"id":3790,"date":"2018-12-27T13:53:38","date_gmt":"2018-12-27T13:53:38","guid":{"rendered":"https:\/\/www.thegoldengoddess.net\/?page_id=3790"},"modified":"2026-04-28T08:36:25","modified_gmt":"2026-04-28T08:36:25","slug":"radnja","status":"publish","type":"page","link":"https:\/\/www.thegoldengoddess.net\/sr\/radnja\/","title":{"rendered":"NA\u0160A RADNJA"},"content":{"rendered":"","protected":false},"excerpt":{"rendered":"","protected":false},"author":786,"featured_media":0,"parent":0,"menu_order":0,"comment_status":"closed","ping_status":"closed","template":"templates\/page-maloprodaja.php","meta":{"_acf_changed":false,"footnotes":""},"class_list":["post-3790","page","type-page","status-publish","hentry"],"acf":[],"yoast_head":"<!-- This site is optimized with the Yoast SEO plugin v27.4 - https:\/\/yoast.com\/product\/yoast-seo-wordpress\/ -->\n<title>NA\u0160A RADNJA - The Golden Goddess<\/title>\n<meta name=\"description\" content=\"Pored online kupovine, The Golden Goddess proizvode mo\u017eete kupiti i u na\u0161oj radnji u Svetogorskoj 33, Beograd.\" \/>\n<meta name=\"robots\" content=\"index, follow, max-snippet:-1, max-image-preview:large, max-video-preview:-1\" \/>\n<link rel=\"canonical\" href=\"https:\/\/www.thegoldengoddess.net\/sr\/radnja\/\" \/>\n<meta property=\"og:locale\" content=\"sr_RS\" \/>\n<meta property=\"og:type\" content=\"article\" \/>\n<meta property=\"og:title\" content=\"NA\u0160A RADNJA - The Golden Goddess\" \/>\n<meta property=\"og:description\" content=\"Pored online kupovine, The Golden Goddess proizvode mo\u017eete kupiti i u na\u0161oj radnji u Svetogorskoj 33, Beograd.\" \/>\n<meta property=\"og:url\" content=\"https:\/\/www.thegoldengoddess.net\/sr\/radnja\/\" \/>\n<meta property=\"og:site_name\" content=\"The Golden Goddess\" \/>\n<meta property=\"article:modified_time\" content=\"2026-04-28T08:36:25+00:00\" \/>\n<meta name=\"twitter:card\" content=\"summary_large_image\" \/>\n<script type=\"application\/ld+json\" class=\"yoast-schema-graph\">{\"@context\":\"https:\\\/\\\/schema.org\",\"@graph\":[{\"@type\":\"WebPage\",\"@id\":\"https:\\\/\\\/www.thegoldengoddess.net\\\/sr\\\/radnja\\\/\",\"url\":\"https:\\\/\\\/www.thegoldengoddess.net\\\/sr\\\/radnja\\\/\",\"name\":\"NA\u0160A RADNJA - The Golden Goddess\",\"isPartOf\":{\"@id\":\"https:\\\/\\\/www.thegoldengoddess.net\\\/#website\"},\"datePublished\":\"2018-12-27T13:53:38+00:00\",\"dateModified\":\"2026-04-28T08:36:25+00:00\",\"description\":\"Pored online kupovine, The Golden Goddess proizvode mo\u017eete kupiti i u na\u0161oj radnji u Svetogorskoj 33, Beograd.\",\"breadcrumb\":{\"@id\":\"https:\\\/\\\/www.thegoldengoddess.net\\\/sr\\\/radnja\\\/#breadcrumb\"},\"inLanguage\":\"sr-RS\",\"potentialAction\":[{\"@type\":\"ReadAction\",\"target\":[\"https:\\\/\\\/www.thegoldengoddess.net\\\/sr\\\/radnja\\\/\"]}]},{\"@type\":\"BreadcrumbList\",\"@id\":\"https:\\\/\\\/www.thegoldengoddess.net\\\/sr\\\/radnja\\\/#breadcrumb\",\"itemListElement\":[{\"@type\":\"ListItem\",\"position\":1,\"name\":\"Home\",\"item\":\"https:\\\/\\\/www.thegoldengoddess.net\\\/sr\\\/\"},{\"@type\":\"ListItem\",\"position\":2,\"name\":\"NA\u0160A RADNJA\"}]},{\"@type\":\"WebSite\",\"@id\":\"https:\\\/\\\/www.thegoldengoddess.net\\\/#website\",\"url\":\"https:\\\/\\\/www.thegoldengoddess.net\\\/\",\"name\":\"The Golden Goddess\",\"description\":\"The highest quality natural hair products\",\"potentialAction\":[{\"@type\":\"SearchAction\",\"target\":{\"@type\":\"EntryPoint\",\"urlTemplate\":\"https:\\\/\\\/www.thegoldengoddess.net\\\/?s={search_term_string}\"},\"query-input\":{\"@type\":\"PropertyValueSpecification\",\"valueRequired\":true,\"valueName\":\"search_term_string\"}}],\"inLanguage\":\"sr-RS\"}]}<\/script>\n<!-- \/ Yoast SEO plugin. -->","yoast_head_json":{"title":"NA\u0160A RADNJA - The Golden Goddess","description":"Pored online kupovine, The Golden Goddess proizvode mo\u017eete kupiti i u na\u0161oj radnji u Svetogorskoj 33, Beograd.","robots":{"index":"index","follow":"follow","max-snippet":"max-snippet:-1","max-image-preview":"max-image-preview:large","max-video-preview":"max-video-preview:-1"},"canonical":"https:\/\/www.thegoldengoddess.net\/sr\/radnja\/","og_locale":"sr_RS","og_type":"article","og_title":"NA\u0160A RADNJA - The Golden Goddess","og_description":"Pored online kupovine, The Golden Goddess proizvode mo\u017eete kupiti i u na\u0161oj radnji u Svetogorskoj 33, Beograd.","og_url":"https:\/\/www.thegoldengoddess.net\/sr\/radnja\/","og_site_name":"The Golden Goddess","article_modified_time":"2026-04-28T08:36:25+00:00","twitter_card":"summary_large_image","schema":{"@context":"https:\/\/schema.org","@graph":[{"@type":"WebPage","@id":"https:\/\/www.thegoldengoddess.net\/sr\/radnja\/","url":"https:\/\/www.thegoldengoddess.net\/sr\/radnja\/","name":"NA\u0160A RADNJA - The Golden Goddess","isPartOf":{"@id":"https:\/\/www.thegoldengoddess.net\/#website"},"datePublished":"2018-12-27T13:53:38+00:00","dateModified":"2026-04-28T08:36:25+00:00","description":"Pored online kupovine, The Golden Goddess proizvode mo\u017eete kupiti i u na\u0161oj radnji u Svetogorskoj 33, Beograd.","breadcrumb":{"@id":"https:\/\/www.thegoldengoddess.net\/sr\/radnja\/#breadcrumb"},"inLanguage":"sr-RS","potentialAction":[{"@type":"ReadAction","target":["https:\/\/www.thegoldengoddess.net\/sr\/radnja\/"]}]},{"@type":"BreadcrumbList","@id":"https:\/\/www.thegoldengoddess.net\/sr\/radnja\/#breadcrumb","itemListElement":[{"@type":"ListItem","position":1,"name":"Home","item":"https:\/\/www.thegoldengoddess.net\/sr\/"},{"@type":"ListItem","position":2,"name":"NA\u0160A RADNJA"}]},{"@type":"WebSite","@id":"https:\/\/www.thegoldengoddess.net\/#website","url":"https:\/\/www.thegoldengoddess.net\/","name":"The Golden Goddess","description":"The highest quality natural hair products","potentialAction":[{"@type":"SearchAction","target":{"@type":"EntryPoint","urlTemplate":"https:\/\/www.thegoldengoddess.net\/?s={search_term_string}"},"query-input":{"@type":"PropertyValueSpecification","valueRequired":true,"valueName":"search_term_string"}}],"inLanguage":"sr-RS"}]}},"_links":{"self":[{"href":"https:\/\/www.thegoldengoddess.net\/sr\/wp-json\/wp\/v2\/pages\/3790","targetHints":{"allow":["GET"]}}],"collection":[{"href":"https:\/\/www.thegoldengoddess.net\/sr\/wp-json\/wp\/v2\/pages"}],"about":[{"href":"https:\/\/www.thegoldengoddess.net\/sr\/wp-json\/wp\/v2\/types\/page"}],"author":[{"embeddable":true,"href":"https:\/\/www.thegoldengoddess.net\/sr\/wp-json\/wp\/v2\/users\/786"}],"replies":[{"embeddable":true,"href":"https:\/\/www.thegoldengoddess.net\/sr\/wp-json\/wp\/v2\/comments?post=3790"}],"version-history":[{"count":51,"href":"https:\/\/www.thegoldengoddess.net\/sr\/wp-json\/wp\/v2\/pages\/3790\/revisions"}],"predecessor-version":[{"id":9642,"href":"https:\/\/www.thegoldengoddess.net\/sr\/wp-json\/wp\/v2\/pages\/3790\/revisions\/9642"}],"wp:attachment":[{"href":"https:\/\/www.thegoldengoddess.net\/sr\/wp-json\/wp\/v2\/media?parent=3790"}],"curies":[{"name":"wp","href":"https:\/\/api.w.org\/{rel}","templated":true}]}}