{"id":2773,"date":"2018-10-05T09:30:59","date_gmt":"2018-10-05T09:30:59","guid":{"rendered":"https:\/\/www.thegoldengoddess.net\/privacy-policy\/"},"modified":"2020-06-26T10:58:52","modified_gmt":"2020-06-26T10:58:52","slug":"politika-privatnosti","status":"publish","type":"page","link":"https:\/\/www.thegoldengoddess.net\/sr\/politika-privatnosti\/","title":{"rendered":"Politika privatnosti"},"content":{"rendered":"","protected":false},"excerpt":{"rendered":"","protected":false},"author":786,"featured_media":0,"parent":0,"menu_order":0,"comment_status":"closed","ping_status":"closed","template":"templates\/page-privacy.php","meta":{"_acf_changed":false,"footnotes":""},"class_list":["post-2773","page","type-page","status-publish","hentry"],"acf":[],"yoast_head":"<!-- This site is optimized with the Yoast SEO plugin v27.4 - https:\/\/yoast.com\/product\/yoast-seo-wordpress\/ -->\n<title>Politika privatnosti - The Golden Goddess<\/title>\n<meta name=\"description\" content=\"Ova politika privatnosti vam pru\u017ea detaljne informacije o tome kako sakupljamo i obra\u0111ujemo va\u0161e li\u010dne podatke putem na\u0161eg sajta.\" \/>\n<meta name=\"robots\" content=\"index, follow, max-snippet:-1, max-image-preview:large, max-video-preview:-1\" \/>\n<link rel=\"canonical\" href=\"https:\/\/www.thegoldengoddess.net\/sr\/politika-privatnosti\/\" \/>\n<meta property=\"og:locale\" content=\"sr_RS\" \/>\n<meta property=\"og:type\" content=\"article\" \/>\n<meta property=\"og:title\" content=\"Politika privatnosti - The Golden Goddess\" \/>\n<meta property=\"og:description\" content=\"Ova politika privatnosti vam pru\u017ea detaljne informacije o tome kako sakupljamo i obra\u0111ujemo va\u0161e li\u010dne podatke putem na\u0161eg sajta.\" \/>\n<meta property=\"og:url\" content=\"https:\/\/www.thegoldengoddess.net\/sr\/politika-privatnosti\/\" \/>\n<meta property=\"og:site_name\" content=\"The Golden Goddess\" \/>\n<meta property=\"article:modified_time\" content=\"2020-06-26T10:58:52+00:00\" \/>\n<meta name=\"twitter:card\" content=\"summary_large_image\" \/>\n<script type=\"application\/ld+json\" class=\"yoast-schema-graph\">{\"@context\":\"https:\\\/\\\/schema.org\",\"@graph\":[{\"@type\":\"WebPage\",\"@id\":\"https:\\\/\\\/www.thegoldengoddess.net\\\/sr\\\/politika-privatnosti\\\/\",\"url\":\"https:\\\/\\\/www.thegoldengoddess.net\\\/sr\\\/politika-privatnosti\\\/\",\"name\":\"Politika privatnosti - The Golden Goddess\",\"isPartOf\":{\"@id\":\"https:\\\/\\\/www.thegoldengoddess.net\\\/#website\"},\"datePublished\":\"2018-10-05T09:30:59+00:00\",\"dateModified\":\"2020-06-26T10:58:52+00:00\",\"description\":\"Ova politika privatnosti vam pru\u017ea detaljne informacije o tome kako sakupljamo i obra\u0111ujemo va\u0161e li\u010dne podatke putem na\u0161eg sajta.\",\"breadcrumb\":{\"@id\":\"https:\\\/\\\/www.thegoldengoddess.net\\\/sr\\\/politika-privatnosti\\\/#breadcrumb\"},\"inLanguage\":\"sr-RS\",\"potentialAction\":[{\"@type\":\"ReadAction\",\"target\":[\"https:\\\/\\\/www.thegoldengoddess.net\\\/sr\\\/politika-privatnosti\\\/\"]}]},{\"@type\":\"BreadcrumbList\",\"@id\":\"https:\\\/\\\/www.thegoldengoddess.net\\\/sr\\\/politika-privatnosti\\\/#breadcrumb\",\"itemListElement\":[{\"@type\":\"ListItem\",\"position\":1,\"name\":\"Home\",\"item\":\"https:\\\/\\\/www.thegoldengoddess.net\\\/sr\\\/\"},{\"@type\":\"ListItem\",\"position\":2,\"name\":\"Politika privatnosti\"}]},{\"@type\":\"WebSite\",\"@id\":\"https:\\\/\\\/www.thegoldengoddess.net\\\/#website\",\"url\":\"https:\\\/\\\/www.thegoldengoddess.net\\\/\",\"name\":\"The Golden Goddess\",\"description\":\"The highest quality natural hair products\",\"potentialAction\":[{\"@type\":\"SearchAction\",\"target\":{\"@type\":\"EntryPoint\",\"urlTemplate\":\"https:\\\/\\\/www.thegoldengoddess.net\\\/?s={search_term_string}\"},\"query-input\":{\"@type\":\"PropertyValueSpecification\",\"valueRequired\":true,\"valueName\":\"search_term_string\"}}],\"inLanguage\":\"sr-RS\"}]}<\/script>\n<!-- \/ Yoast SEO plugin. -->","yoast_head_json":{"title":"Politika privatnosti - The Golden Goddess","description":"Ova politika privatnosti vam pru\u017ea detaljne informacije o tome kako sakupljamo i obra\u0111ujemo va\u0161e li\u010dne podatke putem na\u0161eg sajta.","robots":{"index":"index","follow":"follow","max-snippet":"max-snippet:-1","max-image-preview":"max-image-preview:large","max-video-preview":"max-video-preview:-1"},"canonical":"https:\/\/www.thegoldengoddess.net\/sr\/politika-privatnosti\/","og_locale":"sr_RS","og_type":"article","og_title":"Politika privatnosti - The Golden Goddess","og_description":"Ova politika privatnosti vam pru\u017ea detaljne informacije o tome kako sakupljamo i obra\u0111ujemo va\u0161e li\u010dne podatke putem na\u0161eg sajta.","og_url":"https:\/\/www.thegoldengoddess.net\/sr\/politika-privatnosti\/","og_site_name":"The Golden Goddess","article_modified_time":"2020-06-26T10:58:52+00:00","twitter_card":"summary_large_image","schema":{"@context":"https:\/\/schema.org","@graph":[{"@type":"WebPage","@id":"https:\/\/www.thegoldengoddess.net\/sr\/politika-privatnosti\/","url":"https:\/\/www.thegoldengoddess.net\/sr\/politika-privatnosti\/","name":"Politika privatnosti - The Golden Goddess","isPartOf":{"@id":"https:\/\/www.thegoldengoddess.net\/#website"},"datePublished":"2018-10-05T09:30:59+00:00","dateModified":"2020-06-26T10:58:52+00:00","description":"Ova politika privatnosti vam pru\u017ea detaljne informacije o tome kako sakupljamo i obra\u0111ujemo va\u0161e li\u010dne podatke putem na\u0161eg sajta.","breadcrumb":{"@id":"https:\/\/www.thegoldengoddess.net\/sr\/politika-privatnosti\/#breadcrumb"},"inLanguage":"sr-RS","potentialAction":[{"@type":"ReadAction","target":["https:\/\/www.thegoldengoddess.net\/sr\/politika-privatnosti\/"]}]},{"@type":"BreadcrumbList","@id":"https:\/\/www.thegoldengoddess.net\/sr\/politika-privatnosti\/#breadcrumb","itemListElement":[{"@type":"ListItem","position":1,"name":"Home","item":"https:\/\/www.thegoldengoddess.net\/sr\/"},{"@type":"ListItem","position":2,"name":"Politika privatnosti"}]},{"@type":"WebSite","@id":"https:\/\/www.thegoldengoddess.net\/#website","url":"https:\/\/www.thegoldengoddess.net\/","name":"The Golden Goddess","description":"The highest quality natural hair products","potentialAction":[{"@type":"SearchAction","target":{"@type":"EntryPoint","urlTemplate":"https:\/\/www.thegoldengoddess.net\/?s={search_term_string}"},"query-input":{"@type":"PropertyValueSpecification","valueRequired":true,"valueName":"search_term_string"}}],"inLanguage":"sr-RS"}]}},"_links":{"self":[{"href":"https:\/\/www.thegoldengoddess.net\/sr\/wp-json\/wp\/v2\/pages\/2773","targetHints":{"allow":["GET"]}}],"collection":[{"href":"https:\/\/www.thegoldengoddess.net\/sr\/wp-json\/wp\/v2\/pages"}],"about":[{"href":"https:\/\/www.thegoldengoddess.net\/sr\/wp-json\/wp\/v2\/types\/page"}],"author":[{"embeddable":true,"href":"https:\/\/www.thegoldengoddess.net\/sr\/wp-json\/wp\/v2\/users\/786"}],"replies":[{"embeddable":true,"href":"https:\/\/www.thegoldengoddess.net\/sr\/wp-json\/wp\/v2\/comments?post=2773"}],"version-history":[{"count":7,"href":"https:\/\/www.thegoldengoddess.net\/sr\/wp-json\/wp\/v2\/pages\/2773\/revisions"}],"predecessor-version":[{"id":8608,"href":"https:\/\/www.thegoldengoddess.net\/sr\/wp-json\/wp\/v2\/pages\/2773\/revisions\/8608"}],"wp:attachment":[{"href":"https:\/\/www.thegoldengoddess.net\/sr\/wp-json\/wp\/v2\/media?parent=2773"}],"curies":[{"name":"wp","href":"https:\/\/api.w.org\/{rel}","templated":true}]}}